{"id":21415,"date":"2022-05-26T14:52:29","date_gmt":"2022-05-26T12:52:37","guid":{"rendered":"http:\/\/tinacrystals.com\/?post_type=product&#038;p=21415"},"modified":"2022-06-02T10:16:51","modified_gmt":"2022-06-02T08:16:51","slug":"kuarci-roze-fuci-copy","status":"publish","type":"product","link":"https:\/\/tinacrystals.com\/sq\/product\/kuarci-roze-fuci-copy\/","title":{"rendered":"Kuarci Roz\u00eb Grimc\u00ebza"},"content":{"rendered":"<p><strong>HOROSKOPI<\/strong>: Demi, Peshorja<\/p>\n<p><strong>\u00c7<\/strong><strong>AKRA<\/strong>: Zem\u00ebr<\/p>\n<p>&nbsp;<\/p>\n<p>Kuarci roz\u00eb njihet edhe si guri i dashuris\u00eb.<\/p>\n<p>Inkurajon t\u00eb gjitha llojet e dashuris\u00eb, qoft\u00eb kjo dashuri p\u00ebr veten, dashuri romantike apo edhe dashuri miq\u00ebsore.<\/p>\n<p>&nbsp;<\/p>\n<p><strong><em>Sh\u00ebrimi shpirt\u00ebror:<\/em><\/strong><\/p>\n<p>Vetit\u00eb sh\u00ebruese t\u00eb kuarcit roz\u00eb jan\u00eb t\u00eb lidhura me g\u00ebzimin, boll\u00ebkun, dashurin\u00eb dhe energjin\u00eb.<\/p>\n<p>Kuarci i roz\u00eb \u00ebsht\u00eb p\u00ebrdorur n\u00eb t\u00eb kaluar\u00ebn si nj\u00eb simbol i fatit t\u00eb mir\u00eb.<\/p>\n<p>Ajo ka aft\u00ebsin\u00eb p\u00ebr t\u00eb t\u00ebrhequr dashurin\u00eb, e t\u00ebrheq at\u00eb n\u00eb t\u00eb gjitha format, dhe gjithashtu ka nj\u00eb lidhje t\u00eb fort\u00eb me dashurin\u00eb p\u00ebr veten.<\/p>\n<p>&nbsp;<\/p>\n<p><strong><em>Sh\u00ebrimi fizik:<\/em><\/strong><\/p>\n<p>Kuarci i roz\u00eb njihet me p\u00ebrfitime t\u00eb bukura sh\u00ebruese edhe p\u00ebr trupin. Mund t&#8217;ju ndihmoj\u00eb t\u00eb parandaloni tromboz\u00ebn dhe sulmet n\u00eb zem\u00ebr, t\u00eb p\u00ebrmir\u00ebsoni sistemin e qarkullimit t\u00eb gjakut dhe t\u00eb siguroheni q\u00eb muskujt e zemr\u00ebs tuaj t\u00eb jen\u00eb sa m\u00eb t\u00eb fort\u00eb.<\/p>\n<p>Ky kristal thuhet gjithashtu se ndihmon n\u00eb mbrojtjen e n\u00ebn\u00ebs dhe f\u00ebmij\u00ebs s\u00eb palindur nga problemet gjat\u00eb shtatz\u00ebnis\u00eb fal\u00eb energjis\u00eb s\u00eb tij t\u00eb thell\u00eb fem\u00ebrore.<\/p>\n<p>&nbsp;<\/p>\n<p><strong><em>Sh\u00ebrimi emocional:<\/em><\/strong><\/p>\n<p>Kuarci i roz\u00eb \u00ebsht\u00eb i lidhur drejtp\u00ebrdrejt me \u00e7akr\u00ebn e zemr\u00ebs dhe ky kristal p\u00ebrdoret shpesh p\u00ebr t&#8217;ju ndihmuar t\u00eb sh\u00ebroheni nga dhimbja ose trauma e mbetur nga plag\u00ebt e thella emocionale.<\/p>\n<p>Ky kristal \u00ebsht\u00eb i nevojsh\u00ebm p\u00ebr dik\u00eb q\u00eb d\u00ebshiron t\u00eb doj\u00eb dhe t\u00eb jet\u00eb i dashur nga t\u00eb tjer\u00ebt. Kjo nuk duhet t\u00eb merret si nj\u00eb dashuri romantike, por m\u00eb shum\u00eb p\u00ebr t\u00eb gjetur nj\u00eb ndjenj\u00eb dhembshurie dhe kujdesi n\u00eb k\u00ebt\u00eb bot\u00eb.<\/p>\n<p>&nbsp;<\/p>\n<p><strong><em>Pastrimi dhe rimbushja:<\/em><\/strong><\/p>\n<p>N\u00ebse d\u00ebshironi t\u00eb ndjeni energjin\u00eb e kristalit si t\u00eb jet\u00eb i ri, duhet ta pastroni, ndaj vendoseni n\u00ebn uj\u00eb p\u00ebr nj\u00eb dit\u00eb t\u00eb plot\u00eb p\u00ebr t\u00eb hequr qafe energjit\u00eb negative.<\/p>\n<p>P\u00ebr t\u00eb rimbushur k\u00ebt\u00eb kristal duhet ta lini t\u00eb zhytur n\u00eb uj\u00eb t\u00eb kripur p\u00ebr 48 or\u00eb.<\/p>\n","protected":false},"excerpt":{"rendered":"<p>6 Euro p\u00ebr 100 gram<\/p>\n<p>Dimenzioni 3-5mm<\/p>\n","protected":false},"featured_media":14308,"comment_status":"open","ping_status":"closed","template":"","meta":[],"product_brand":[],"product_cat":[2405,2372,2355,2293,2370,2864,2301,2345,2310,2366,2382,2953,2359,2352,2304,2404],"product_tag":[],"class_list":{"0":"post-21415","1":"product","2":"type-product","3":"status-publish","4":"has-post-thumbnail","6":"product_cat-blej-sipas","7":"product_cat-blej-sipas-ngjyres","8":"product_cat-dashuri-harmoni","9":"product_cat-decorations-sq","10":"product_cat-demi","11":"product_cat-grimceza","12":"product_cat-kristale-te-paperpunuar","13":"product_cat-kuarci-roze","14":"product_cat-llojet-e-gurve-te-cmuar","15":"product_cat-peshorja","16":"product_cat-roze","17":"product_cat-rreth-me-vrime-te-madhe","18":"product_cat-shenjat-e-horoskopit","19":"product_cat-qellim","20":"product_cat-zemra","21":"product_cat-zona-e-cakres","23":"first","24":"instock","25":"shipping-taxable","26":"purchasable","27":"product-type-simple"},"_links":{"self":[{"href":"https:\/\/tinacrystals.com\/sq\/wp-json\/wp\/v2\/product\/21415","targetHints":{"allow":["GET"]}}],"collection":[{"href":"https:\/\/tinacrystals.com\/sq\/wp-json\/wp\/v2\/product"}],"about":[{"href":"https:\/\/tinacrystals.com\/sq\/wp-json\/wp\/v2\/types\/product"}],"replies":[{"embeddable":true,"href":"https:\/\/tinacrystals.com\/sq\/wp-json\/wp\/v2\/comments?post=21415"}],"wp:featuredmedia":[{"embeddable":true,"href":"https:\/\/tinacrystals.com\/sq\/wp-json\/wp\/v2\/media\/14308"}],"wp:attachment":[{"href":"https:\/\/tinacrystals.com\/sq\/wp-json\/wp\/v2\/media?parent=21415"}],"wp:term":[{"taxonomy":"product_brand","embeddable":true,"href":"https:\/\/tinacrystals.com\/sq\/wp-json\/wp\/v2\/product_brand?post=21415"},{"taxonomy":"product_cat","embeddable":true,"href":"https:\/\/tinacrystals.com\/sq\/wp-json\/wp\/v2\/product_cat?post=21415"},{"taxonomy":"product_tag","embeddable":true,"href":"https:\/\/tinacrystals.com\/sq\/wp-json\/wp\/v2\/product_tag?post=21415"}],"curies":[{"name":"wp","href":"https:\/\/api.w.org\/{rel}","templated":true}]}}