{"id":22310,"date":"2022-11-13T21:06:17","date_gmt":"2022-11-13T20:06:18","guid":{"rendered":"http:\/\/tinacrystals.com\/?post_type=product&#038;p=22310"},"modified":"2022-11-13T21:16:07","modified_gmt":"2022-11-13T20:16:07","slug":"rodonit-lot","status":"publish","type":"product","link":"https:\/\/tinacrystals.com\/sq\/product\/rodonit-lot\/","title":{"rendered":"Rodonit"},"content":{"rendered":"<p><strong>HOROSKOPI<\/strong>: Demi<br \/>\n<strong>CHAKRA<\/strong>: Zem\u00ebr<\/p>\n<p><strong><em>Rodoniti <\/em><\/strong>\u00ebsht\u00eb nj\u00eb gur q\u00eb lidhet shum\u00eb me \u00e7akr\u00ebn e zemr\u00ebs, duke e b\u00ebr\u00eb at\u00eb nj\u00eb gur ideal p\u00ebr t\u00eb p\u00ebrmir\u00ebsuar marr\u00ebdh\u00ebniet tuaja me k\u00ebdo n\u00eb jet\u00ebn tuaj.<\/p>\n<p><strong><em><br \/>\nSh\u00ebrimi shpirt\u00ebror:<\/em><\/strong><\/p>\n<p>Rodoniti \u00ebsht\u00eb i aft\u00eb t\u2019ju ndihmoj ta risni dashurin\u00eb ndaj vet\u00ebvetes, do t\u00eb filloni t&#8217;i falni njer\u00ebzit dhe do t&#8217;i shihni gj\u00ebrat n\u00eb nj\u00eb k\u00ebndv\u00ebshtrim tjet\u00ebr.<\/p>\n<p>\u00cbsht\u00eb ideale p\u00ebr t\u00eb themeluar praktik\u00ebn shpirt\u00ebrore dhe m\u00ebnyra frym\u00ebzuese p\u00ebr ta integruar spiritualitet n\u00eb jet\u00ebn e p\u00ebrditshme. K\u00ebshtu q\u00eb lidhja juaj e p\u00ebrzem\u00ebrt me Hyjnoren b\u00ebhet e dukshme n\u00eb nd\u00ebrveprimin e p\u00ebrditsh\u00ebm me t\u00eb tjer\u00ebt.<\/p>\n<p><strong><em><br \/>\nSh\u00ebrimi fizik:<\/em><\/strong><\/p>\n<p>N\u00eb nivel fizik, kristali njihet si sh\u00ebrues i plag\u00ebve t\u00eb vogla ose kafshimeve t\u00eb kafsh\u00ebve.<\/p>\n<p>Ai forcon muskujt dhe zemr\u00ebn dhe stimulon qarkullimin e gjakut<\/p>\n<p><strong><em><br \/>\nSh\u00ebrimi emocional:<\/em><\/strong><\/p>\n<p>N\u00eb \u00e7do situat\u00eb do t\u00eb p\u00ebrpiqeni t\u00eb shihni s\u00eb pari pjes\u00ebt e mira, gjithashtu do t\u00eb vini re se si guri do t\u00eb t\u00ebrheq\u00eb shum\u00eb pozitivitet n\u00eb jet\u00ebn tuaj dhe fat.<\/p>\n<p>Rodoniti sjell ekuilib\u00ebr n\u00eb trupin emocional, rrit vet\u00ebbesimin dhe besimin.<\/p>\n<p>Ju ndihmon t\u00eb njihni dhe vler\u00ebsoni dhuntit\u00eb dhe talentet tuaja dhe t&#8217;i zgjeroni ato n\u00eb potencialin tuaj m\u00eb t\u00eb lart\u00eb p\u00ebr t\u00eb ndihmuar t\u00eb tjer\u00ebt.<\/p>\n<p><strong><em><br \/>\nPastroni dhe rimbushni:<\/em><\/strong><\/p>\n<p>Mund t\u00eb gjeni nj\u00eb kuti dhe t\u00eb shtoni kristalin tuaj Rodonit atje me nj\u00eb kristal seleniti, t&#8217;i mbani p\u00ebr aq koh\u00eb sa mendoni se kristalit i nevojitet.<\/p>\n<p>N\u00ebse keni nj\u00eb bim\u00eb t\u00eb sh\u00ebndetshme n\u00eb sht\u00ebpin\u00eb tuaj, mb\u00ebshtillni kristalin tuaj me nj\u00eb leck\u00eb dhe groposeni kristalin atje. Hiqeni at\u00eb pas t\u00eb pakt\u00ebn 2 or\u00ebsh.<\/p>\n","protected":false},"excerpt":{"rendered":"<p>Dimenzioni 25mmx18mm<\/p>\n","protected":false},"featured_media":22290,"comment_status":"open","ping_status":"closed","template":"","meta":[],"product_brand":[],"product_cat":[2292,2405,2372,2355,2370,2310,2669,2807,2359,2380,2352,2304,2404],"product_tag":[],"class_list":{"0":"post-22310","1":"product","2":"type-product","3":"status-publish","4":"has-post-thumbnail","6":"product_cat-crystal-jewelry-sq","7":"product_cat-blej-sipas","8":"product_cat-blej-sipas-ngjyres","9":"product_cat-dashuri-harmoni","10":"product_cat-demi","11":"product_cat-llojet-e-gurve-te-cmuar","12":"product_cat-lot","13":"product_cat-rhodonit","14":"product_cat-shenjat-e-horoskopit","15":"product_cat-shumengjyresh","16":"product_cat-qellim","17":"product_cat-zemra","18":"product_cat-zona-e-cakres","20":"first","21":"instock","22":"shipping-taxable","23":"purchasable","24":"product-type-simple"},"_links":{"self":[{"href":"https:\/\/tinacrystals.com\/sq\/wp-json\/wp\/v2\/product\/22310","targetHints":{"allow":["GET"]}}],"collection":[{"href":"https:\/\/tinacrystals.com\/sq\/wp-json\/wp\/v2\/product"}],"about":[{"href":"https:\/\/tinacrystals.com\/sq\/wp-json\/wp\/v2\/types\/product"}],"replies":[{"embeddable":true,"href":"https:\/\/tinacrystals.com\/sq\/wp-json\/wp\/v2\/comments?post=22310"}],"wp:featuredmedia":[{"embeddable":true,"href":"https:\/\/tinacrystals.com\/sq\/wp-json\/wp\/v2\/media\/22290"}],"wp:attachment":[{"href":"https:\/\/tinacrystals.com\/sq\/wp-json\/wp\/v2\/media?parent=22310"}],"wp:term":[{"taxonomy":"product_brand","embeddable":true,"href":"https:\/\/tinacrystals.com\/sq\/wp-json\/wp\/v2\/product_brand?post=22310"},{"taxonomy":"product_cat","embeddable":true,"href":"https:\/\/tinacrystals.com\/sq\/wp-json\/wp\/v2\/product_cat?post=22310"},{"taxonomy":"product_tag","embeddable":true,"href":"https:\/\/tinacrystals.com\/sq\/wp-json\/wp\/v2\/product_tag?post=22310"}],"curies":[{"name":"wp","href":"https:\/\/api.w.org\/{rel}","templated":true}]}}