{"id":22404,"date":"2022-12-01T13:58:18","date_gmt":"2022-12-01T12:58:20","guid":{"rendered":"http:\/\/tinacrystals.com\/?post_type=product&#038;p=22404"},"modified":"2024-06-20T14:14:39","modified_gmt":"2024-06-20T12:14:39","slug":"guri-kivi-kulle","status":"publish","type":"product","link":"https:\/\/tinacrystals.com\/sq\/product\/guri-kivi-kulle\/","title":{"rendered":"Guri Kivi Kull\u00eb"},"content":{"rendered":"<p><strong>Guri Kivi Kull\u00eb<\/strong><\/p>\n<p><span style=\"font-weight: 400;\">Guri i Kivit \u00ebsht\u00eb nj\u00eb gur forcues q\u00eb me t\u00eb v\u00ebrtet\u00eb ju lejon t\u00eb gjeni fuqin\u00eb tuaj t\u00eb brendshme. Ai trajnon aft\u00ebsit\u00eb tuaja dhe ju ndihmon me vet\u00ebbesimin tuaj. Guri do t\u00eb lidh\u00eb t\u00eb gjitha chakrat dhe do t\u00eb shihni rezultate t\u00eb shk\u00eblqyera n\u00eb nj\u00eb koh\u00eb v\u00ebrtet t\u00eb shkurt\u00ebr.<\/span><\/p>\n<p><span style=\"font-weight: 400;\">Kristali njihet edhe si sh\u00ebrues i problemeve psikologjike, ai do t\u00eb leht\u00ebsoj\u00eb stresin, ankthin, depresionin dhe n\u00eb p\u00ebrgjith\u00ebsi \u00e7do ndjenj\u00eb t\u00eb keqe apo t\u00eb pad\u00ebshiruar q\u00eb mund t\u00eb keni. Do t&#8217;ju jap\u00eb kurajo n\u00eb situata stresuese dhe do t\u00eb rris\u00eb fokusin tuaj.<\/span><\/p>\n<p><span style=\"font-weight: 400;\">Si t\u00eb kujdeseni p\u00ebr kristalin?<\/span><\/p>\n<p><span style=\"font-weight: 400;\">-Mund ta fshini kristalin me nj\u00eb leck\u00eb t\u00eb but\u00eb t\u00eb lagur, nd\u00ebrkoh\u00eb q\u00eb sigurohuni q\u00eb t\u00eb thoni pohime pozitive.<\/span><\/p>\n<p><span style=\"font-weight: 400;\">-P\u00ebr t\u00eb rimbushur kristalin ka disa m\u00ebnyra, do t\u00eb p\u00ebrmendim mbajtjen e gurit n\u00ebn drit\u00ebn e h\u00ebn\u00ebs gjat\u00eb nat\u00ebs dhe heqjen e tij para agimit. B\u00ebni k\u00ebt\u00eb proces sa her\u00eb q\u00eb ndiheni sikur kristali ka energji t\u00eb tep\u00ebrt q\u00eb duhet t\u00eb pastrohet.<\/span><\/p>\n<p><strong>\u00c7akra:<\/strong><\/p>\n<p><span style=\"font-weight: 400;\">-Zemer<\/span><\/p>\n<p><strong>Horoskopi;<\/strong><\/p>\n<p><span style=\"font-weight: 400;\">-Lidhet me t\u00eb gjith\u00eb zodiak\u00ebt, por thuhet se \u00ebsht\u00eb m\u00eb efektive me<\/span><\/p>\n<p><span style=\"font-weight: 400;\">-Luanin<\/span><\/p>\n<p><span style=\"font-weight: 400;\">&#8211; Dashi<\/span><\/p>\n<p><span style=\"font-weight: 400;\">-Shigjetari<\/span><\/p>\n","protected":false},"excerpt":{"rendered":"<p>Dimenzioni: P\u00ebraf\u00ebrsisht 10cm<\/p>\n","protected":false},"featured_media":22535,"comment_status":"open","ping_status":"closed","template":"","meta":[],"product_brand":[],"product_cat":[2385,2405,2372,2361,2293,2358,2828,3013,2310,2365,2353,2359,2368,2352,2304,2404],"product_tag":[],"class_list":{"0":"post-22404","1":"product","2":"type-product","3":"status-publish","4":"has-post-thumbnail","6":"product_cat-bardhe","7":"product_cat-blej-sipas","8":"product_cat-blej-sipas-ngjyres","9":"product_cat-dashi","10":"product_cat-decorations-sq","11":"product_cat-force-stabilitet","12":"product_cat-kivi-jasper","13":"product_cat-kulla","14":"product_cat-llojet-e-gurve-te-cmuar","15":"product_cat-luani","16":"product_cat-lumturi-vetebesim","17":"product_cat-shenjat-e-horoskopit","18":"product_cat-shigjetari","19":"product_cat-qellim","20":"product_cat-zemra","21":"product_cat-zona-e-cakres","23":"first","24":"instock","25":"shipping-taxable","26":"purchasable","27":"product-type-simple"},"_links":{"self":[{"href":"https:\/\/tinacrystals.com\/sq\/wp-json\/wp\/v2\/product\/22404","targetHints":{"allow":["GET"]}}],"collection":[{"href":"https:\/\/tinacrystals.com\/sq\/wp-json\/wp\/v2\/product"}],"about":[{"href":"https:\/\/tinacrystals.com\/sq\/wp-json\/wp\/v2\/types\/product"}],"replies":[{"embeddable":true,"href":"https:\/\/tinacrystals.com\/sq\/wp-json\/wp\/v2\/comments?post=22404"}],"wp:featuredmedia":[{"embeddable":true,"href":"https:\/\/tinacrystals.com\/sq\/wp-json\/wp\/v2\/media\/22535"}],"wp:attachment":[{"href":"https:\/\/tinacrystals.com\/sq\/wp-json\/wp\/v2\/media?parent=22404"}],"wp:term":[{"taxonomy":"product_brand","embeddable":true,"href":"https:\/\/tinacrystals.com\/sq\/wp-json\/wp\/v2\/product_brand?post=22404"},{"taxonomy":"product_cat","embeddable":true,"href":"https:\/\/tinacrystals.com\/sq\/wp-json\/wp\/v2\/product_cat?post=22404"},{"taxonomy":"product_tag","embeddable":true,"href":"https:\/\/tinacrystals.com\/sq\/wp-json\/wp\/v2\/product_tag?post=22404"}],"curies":[{"name":"wp","href":"https:\/\/api.w.org\/{rel}","templated":true}]}}