{"id":3416,"date":"2021-08-10T13:06:58","date_gmt":"2021-11-22T10:47:33","guid":{"rendered":"https:\/\/www.naturalgemstoneshop.com\/product\/gure-vene-blu-tuba-per-tymosje\/"},"modified":"2022-05-12T14:23:10","modified_gmt":"2022-05-12T12:23:10","slug":"blue-veins-smoking-pipe","status":"publish","type":"product","link":"https:\/\/tinacrystals.com\/sq\/product\/blue-veins-smoking-pipe\/","title":{"rendered":"Gur Vene Blu Llull\u00eb"},"content":{"rendered":"<p><strong>GUR\u00cb VEN\u00cb BLU &#8211; Llull\u00eb P\u00ebr Tymosje<\/strong><\/p>\n<p>K\u00ebto llulla i shtojn\u00eb nj\u00eb ve\u00e7ori ritualit t\u00eb p\u00ebrditsh\u00ebm. Guri Ven\u00eb Blu \u00ebsht\u00eb nj\u00eb gur q\u00eb t\u00eb ndihmon t\u00eb mendosh n\u00eb m\u00ebnyr\u00eb racionale, t\u00eb ndihmon t\u00eb fitosh kontrollin e jet\u00ebs dhe t\u00eb inkurajon t\u00eb jesh vet\u00ebvetja. \u00cbsht\u00eb gjithashtu e dobishme p\u00ebr leht\u00ebsimin e ankthit dhe krizave t\u00eb panikut.<\/p>\n<p>Sh\u00ebron fytin, kordat e zerrit, laringu dhe problemet e sistemit tret\u00ebs. Tubat p\u00ebr tymosje nga Guri Ven\u00eb Blu jan\u00eb ideal p\u00ebr ata q\u00eb jan\u00eb t\u00eb mbindjesh\u00ebm dhe impulsiv.<\/p>\n<p><strong>Si ta pastrosh\/rikorikosh k\u00ebt\u00eb gur?<\/strong><\/p>\n<p>Pastrimi \u00ebsht\u00eb m\u00eb i mir\u00eb duke vendosur gurin n\u00eb drit\u00ebn e drejtp\u00ebrdrejt\u00eb t\u00eb h\u00ebn\u00ebs gjat\u00eb nat\u00ebs, e cila do t\u00eb ndihmoj\u00eb n\u00eb kthimin e ekuilibrit duke dh\u00ebn\u00eb nj\u00eb fuqi t\u00eb pabesueshme.<\/p>\n<p><strong>\u00c7akra:<\/strong><\/p>\n<p>Fyti<\/p>\n<p>Syri I Tret\u00eb<\/p>\n<p><strong>Horoskopi:<\/strong><\/p>\n<p>Shigjetari<\/p>\n","protected":false},"excerpt":{"rendered":"<p>Gjatesia: 110 mm<br \/>\nGjeresia: 25 mm<br \/>\nTrashesia: 17 mm<\/p>\n","protected":false},"featured_media":4850,"comment_status":"open","ping_status":"closed","template":"","meta":[],"product_brand":[],"product_cat":[2294],"product_tag":[],"class_list":{"0":"post-3416","1":"product","2":"type-product","3":"status-publish","4":"has-post-thumbnail","6":"product_cat-llulla-kristalesh","8":"first","9":"instock","10":"shipping-taxable","11":"purchasable","12":"product-type-simple"},"_links":{"self":[{"href":"https:\/\/tinacrystals.com\/sq\/wp-json\/wp\/v2\/product\/3416","targetHints":{"allow":["GET"]}}],"collection":[{"href":"https:\/\/tinacrystals.com\/sq\/wp-json\/wp\/v2\/product"}],"about":[{"href":"https:\/\/tinacrystals.com\/sq\/wp-json\/wp\/v2\/types\/product"}],"replies":[{"embeddable":true,"href":"https:\/\/tinacrystals.com\/sq\/wp-json\/wp\/v2\/comments?post=3416"}],"wp:featuredmedia":[{"embeddable":true,"href":"https:\/\/tinacrystals.com\/sq\/wp-json\/wp\/v2\/media\/4850"}],"wp:attachment":[{"href":"https:\/\/tinacrystals.com\/sq\/wp-json\/wp\/v2\/media?parent=3416"}],"wp:term":[{"taxonomy":"product_brand","embeddable":true,"href":"https:\/\/tinacrystals.com\/sq\/wp-json\/wp\/v2\/product_brand?post=3416"},{"taxonomy":"product_cat","embeddable":true,"href":"https:\/\/tinacrystals.com\/sq\/wp-json\/wp\/v2\/product_cat?post=3416"},{"taxonomy":"product_tag","embeddable":true,"href":"https:\/\/tinacrystals.com\/sq\/wp-json\/wp\/v2\/product_tag?post=3416"}],"curies":[{"name":"wp","href":"https:\/\/api.w.org\/{rel}","templated":true}]}}