{"id":3477,"date":"2021-11-23T08:48:17","date_gmt":"2021-11-23T08:48:18","guid":{"rendered":"https:\/\/www.naturalgemstoneshop.com\/?post_type=product&#038;p=3477"},"modified":"2022-05-12T10:14:25","modified_gmt":"2022-05-12T08:14:25","slug":"yellow-fluorite-bowl-1-crescent-moon-shaped","status":"publish","type":"product","link":"https:\/\/tinacrystals.com\/sq\/product\/yellow-fluorite-bowl-1-crescent-moon-shaped\/","title":{"rendered":"Fluoriti i Verdh\u00eb Gjysm\u00eb h\u00ebne"},"content":{"rendered":"<p><strong>TASI I FLUORITIT T\u00cb VERDH\u00cb<\/strong><\/p>\n<p>Fluori i verdh\u00eb \u00ebsht\u00eb nj\u00eb gur i njohur p\u00ebr harmonizimin e energjis\u00eb. Njer\u00ebzit q\u00eb vijn\u00eb n\u00eb kontakt me fluorit p\u00ebrjetojn\u00eb relaksim t\u00eb muskujve dhe stabilizim t\u00eb energjis\u00eb. Marrja me k\u00ebt\u00eb kristal ju ndihmon gjithashtu t\u00eb mendoni drejt dhe ta drejtoni jet\u00ebn tuaj n\u00eb rrug\u00ebn e duhur. Fluori do t\u00eb ndihmoj\u00eb t\u00eb \u00e7lironi \u00e7do lloj dhimbjeje q\u00eb mund t\u00eb ndjeni n\u00eb muskuj dhe nyje.<\/p>\n<p>Sidomos ky kristal i ve\u00e7ant\u00eb do t\u00eb detoksifikoj\u00eb trupin dhe emocionet tuaja, do t\u00eb rris\u00eb t\u00eb kuptuarit, logjik\u00ebn dhe imagjinat\u00ebn tuaj.<\/p>\n<p><strong>Si ta p\u00ebrdorni tasin?<\/strong><\/p>\n<p>\u00c7do tas kristali ka ve\u00e7antin\u00eb dhe bukurit\u00eb e tij, duke pasur nj\u00eb t\u00eb till\u00eb n\u00eb hap\u00ebsir\u00ebn tuaj do t&#8217;i shtoj\u00eb shum\u00eb eleganc\u00eb t\u00eb gjith\u00eb dhom\u00ebs. Bukuria e tij bie shum\u00eb n\u00eb sy dhe jo vet\u00ebm kaq, por energjia me t\u00eb cil\u00ebn rrezaton ky gur do t\u00eb ndikoj\u00eb pozitivisht tek \u00e7dokush q\u00eb i q\u00ebndron pran\u00eb.<\/p>\n<p>Ju mund ta merrni k\u00ebt\u00eb kristal jo vet\u00ebm p\u00ebr p\u00ebrfitimet q\u00eb ka, por edhe p\u00ebr bukurin\u00eb, q\u00ebllimet e meditimit dhe mund t\u00eb ia dhuroni miqve t\u00eb ngusht\u00eb, familjes ose t\u00eb dashurve tuaj.<\/p>\n<p><strong>Si t\u00eb kujdeseni p\u00ebr kristalin?<\/strong><\/p>\n<p>Ashtu si t\u00eb gjith\u00eb kristalet, edhe p\u00ebr fluorin e verdh\u00eb duhet kujdseur, p\u00ebr shkak se \u00ebsht\u00eb nj\u00eb kristal i tretsh\u00ebm n\u00eb uj\u00eb. Keni kujdes q\u00eb t\u00eb mbani larg ujit dhe t\u00eb mos e pastroni me uj\u00eb. P\u00ebr mirembatje p\u00ebrdorni tymin e sherebel\u00ebs ose thjesht l\u00ebreni n\u00ebn h\u00ebn\u00ebn e plot\u00eb p\u00ebr t\u00eb arritur kapacitetet e saj maksimale.<\/p>\n<p><strong>\u00c7akrat<\/strong> Syri i Tret\u00eb, Fyti, Zemra, Pleksusi Diellor<\/p>\n<p><strong>Horoskopi:<\/strong><\/p>\n<p>&#8211; Binjak\u00ebt,<\/p>\n<p>-Virgj\u00ebresha<\/p>\n","protected":false},"excerpt":{"rendered":"<p>Cmimi Gram: 0.17 euro<\/p>\n<p>pesha 638 grams<\/p>\n<p>Dimenzionet : 15&#215;5.4&#215;4.1 cm<\/p>\n","protected":false},"featured_media":8554,"comment_status":"open","ping_status":"closed","template":"","meta":[],"product_brand":[],"product_cat":[2293,2295],"product_tag":[],"class_list":{"0":"post-3477","1":"product","2":"type-product","3":"status-publish","4":"has-post-thumbnail","6":"product_cat-decorations-sq","7":"product_cat-tase-kristalesh","9":"first","10":"instock","11":"shipping-taxable","12":"purchasable","13":"product-type-simple"},"_links":{"self":[{"href":"https:\/\/tinacrystals.com\/sq\/wp-json\/wp\/v2\/product\/3477","targetHints":{"allow":["GET"]}}],"collection":[{"href":"https:\/\/tinacrystals.com\/sq\/wp-json\/wp\/v2\/product"}],"about":[{"href":"https:\/\/tinacrystals.com\/sq\/wp-json\/wp\/v2\/types\/product"}],"replies":[{"embeddable":true,"href":"https:\/\/tinacrystals.com\/sq\/wp-json\/wp\/v2\/comments?post=3477"}],"wp:featuredmedia":[{"embeddable":true,"href":"https:\/\/tinacrystals.com\/sq\/wp-json\/wp\/v2\/media\/8554"}],"wp:attachment":[{"href":"https:\/\/tinacrystals.com\/sq\/wp-json\/wp\/v2\/media?parent=3477"}],"wp:term":[{"taxonomy":"product_brand","embeddable":true,"href":"https:\/\/tinacrystals.com\/sq\/wp-json\/wp\/v2\/product_brand?post=3477"},{"taxonomy":"product_cat","embeddable":true,"href":"https:\/\/tinacrystals.com\/sq\/wp-json\/wp\/v2\/product_cat?post=3477"},{"taxonomy":"product_tag","embeddable":true,"href":"https:\/\/tinacrystals.com\/sq\/wp-json\/wp\/v2\/product_tag?post=3477"}],"curies":[{"name":"wp","href":"https:\/\/api.w.org\/{rel}","templated":true}]}}