{"id":3490,"date":"2021-08-10T12:54:13","date_gmt":"2021-11-23T09:00:42","guid":{"rendered":"https:\/\/www.naturalgemstoneshop.com\/product\/fluoriti-i-verdhe-tubi-i-pirjes-se-duhanit\/"},"modified":"2022-05-12T14:23:22","modified_gmt":"2022-05-12T12:23:22","slug":"yellow-fluorite-smoking-pipe","status":"publish","type":"product","link":"https:\/\/tinacrystals.com\/sq\/product\/yellow-fluorite-smoking-pipe\/","title":{"rendered":"Fluoriti i Verdhe Llull\u00eb"},"content":{"rendered":"<p><strong>Fluoriti i Verdh\u00eb Llull\u00eb P\u00ebr Pirje T\u00eb Duhanit<\/strong><\/p>\n<p>K\u00ebto tuba i shtojn\u00eb nj\u00eb ve\u00e7ori t\u00eb k\u00ebndshme ritualit t\u00eb p\u00ebrditsh\u00ebm dhe manifestimit. Njer\u00ebzit q\u00eb vijn\u00eb n\u00eb kontakt me fluorit p\u00ebrjetojn\u00eb relaksim t\u00eb muskujve dhe stabilizim t\u00eb energjis\u00eb s\u00eb tyre. P\u00ebrdorimi e k\u00ebtij tubi do t&#8217;ju ndihmoj\u00eb gjithashtu t\u00eb mendoni drejt dhe ta \u00e7oni jet\u00ebn tuaj n\u00eb rrug\u00ebn e duhur. Fluori do t\u00eb rehabilitoj trupin tuaj dhe do t\u00eb \u00e7liroj\u00eb \u00e7do lloj dhimbjeje q\u00eb mund t\u00eb ndjeni n\u00eb muskuj ose nyje.<\/p>\n<p>Ve\u00e7an\u00ebrisht ky kristal i ve\u00e7ant\u00eb do t\u00eb detoksifikoj\u00eb trupin dhe emocionet tuaja, do t\u00eb rris\u00eb kuptueshm\u00ebrin\u00eb, logjik\u00ebn dhe imagjinat\u00ebn tuaj.<\/p>\n<p><strong>\u00c7akrat<\/strong> Syri i Tret\u00eb, Fyti, Zemra, Pleksusi Diellor<\/p>\n<p><strong>Horoskopi<\/strong>: Binjaket , Virgjeresha<\/p>\n","protected":false},"excerpt":{"rendered":"<p>Gjatesia: 110 mm<br \/>\nGjeresia: 25 mm<br \/>\nTrashesia: 17 mm<\/p>\n","protected":false},"featured_media":3491,"comment_status":"open","ping_status":"closed","template":"","meta":[],"product_brand":[],"product_cat":[2294],"product_tag":[],"class_list":{"0":"post-3490","1":"product","2":"type-product","3":"status-publish","4":"has-post-thumbnail","6":"product_cat-llulla-kristalesh","8":"first","9":"instock","10":"shipping-taxable","11":"purchasable","12":"product-type-simple"},"_links":{"self":[{"href":"https:\/\/tinacrystals.com\/sq\/wp-json\/wp\/v2\/product\/3490","targetHints":{"allow":["GET"]}}],"collection":[{"href":"https:\/\/tinacrystals.com\/sq\/wp-json\/wp\/v2\/product"}],"about":[{"href":"https:\/\/tinacrystals.com\/sq\/wp-json\/wp\/v2\/types\/product"}],"replies":[{"embeddable":true,"href":"https:\/\/tinacrystals.com\/sq\/wp-json\/wp\/v2\/comments?post=3490"}],"wp:featuredmedia":[{"embeddable":true,"href":"https:\/\/tinacrystals.com\/sq\/wp-json\/wp\/v2\/media\/3491"}],"wp:attachment":[{"href":"https:\/\/tinacrystals.com\/sq\/wp-json\/wp\/v2\/media?parent=3490"}],"wp:term":[{"taxonomy":"product_brand","embeddable":true,"href":"https:\/\/tinacrystals.com\/sq\/wp-json\/wp\/v2\/product_brand?post=3490"},{"taxonomy":"product_cat","embeddable":true,"href":"https:\/\/tinacrystals.com\/sq\/wp-json\/wp\/v2\/product_cat?post=3490"},{"taxonomy":"product_tag","embeddable":true,"href":"https:\/\/tinacrystals.com\/sq\/wp-json\/wp\/v2\/product_tag?post=3490"}],"curies":[{"name":"wp","href":"https:\/\/api.w.org\/{rel}","templated":true}]}}