{"id":3628,"date":"2021-11-18T10:25:20","date_gmt":"2021-11-23T10:28:47","guid":{"rendered":"https:\/\/www.naturalgemstoneshop.com\/product\/lepidolite-sfera-vjollce-3\/"},"modified":"2022-05-12T10:45:15","modified_gmt":"2022-05-12T08:45:15","slug":"lepidolite-purple-mica-sphere-3","status":"publish","type":"product","link":"https:\/\/tinacrystals.com\/sq\/product\/lepidolite-purple-mica-sphere-3\/","title":{"rendered":"Lepidolite Sfer\u00eb"},"content":{"rendered":"<p><strong>HOROSKOPI<\/strong>: Peshorja<br \/>\n<strong>CHAKRA<\/strong>: Syri i tret\u00eb, Zemra<\/p>\n<p>Kur b\u00ebhet fjal\u00eb p\u00ebr sh\u00ebrimin, Lepidoliti \u00ebsht\u00eb nj\u00eb nga zgjedhjet m\u00eb t\u00eb mira!<\/p>\n<p><strong><br \/>\n<em>Sh\u00ebrimi shpirt\u00ebror:<\/em><\/strong><\/p>\n<p>Lepidoliti \u00ebsht\u00eb nj\u00eb kristal qet\u00ebsues. Do t\u00eb stabilizoj\u00eb shpirtin tuaj dhe do t\u00eb largoj\u00eb t\u00eb gjith\u00eb negativitetin rreth jush.<\/p>\n<p>Duke e mbajtur pran\u00eb jush, do t\u00eb ndjeni paqen dhe pushimin q\u00eb keni dashur gjithmon\u00eb t\u00eb keni.<\/p>\n<p><strong><br \/>\n<em>Sh\u00ebrimi fizik:<\/em><\/strong><\/p>\n<p>Besohet se lepidoliti posedon energji qet\u00ebsuese p\u00ebr ata q\u00eb vuajn\u00eb nga \u00e7rregullimi i stresit post-traumatik.<\/p>\n<p>Mund t\u00eb jet\u00eb gjithashtu e dobishme p\u00ebr f\u00ebmij\u00ebt me hiperaktivitet ose ADHD. Dhe mbajtja e nj\u00eb Lepidolite mund t\u00eb ndihmoj\u00eb personat me \u00e7rregullime te gjumit.<\/p>\n<p><strong><br \/>\n<em>Sh\u00ebrimi emocional:<\/em><\/strong><\/p>\n<p>Lepidoliti rikthen ekuilibrin dhe sjell paqen e brendshme. Kjo ju ndihmon t\u00eb shihni arsyet e p\u00ebrvojave negative n\u00eb m\u00ebnyr\u00eb q\u00eb t\u00eb mund t\u00eb punoni mbi to.<\/p>\n<p>Do t\u00eb sjell\u00eb shpres\u00eb dhe pozitivitet n\u00eb nj\u00eb situat\u00eb t\u00eb keqe q\u00eb ju ka ndodhur.<\/p>\n<p><strong><br \/>\n<em>Pastrimi dhe rimbushja:<\/em><\/strong><\/p>\n<p>Duhet t\u00eb keni kujdes q\u00eb t\u00eb mos p\u00ebrdorni metoda t\u00eb p\u00ebraf\u00ebrta kur pastroni k\u00ebt\u00eb kristal, ndaj shmangni \u00e7do kimikate ose sende t\u00eb ngjashme. Metoda m\u00eb e mir\u00eb e pastrimit \u00ebsht\u00eb sherebela.<\/p>\n","protected":false},"excerpt":{"rendered":"<p>HOROSKOPI: Peshorja CHAKRA: Syri i tret\u00eb, Zemra Kur b\u00ebhet fjal\u00eb p\u00ebr sh\u00ebrimin, Lepidoliti \u00ebsht\u00eb nj\u00eb nga zgjedhjet m\u00eb t\u00eb mira! Sh\u00ebrimi shpirt\u00ebror: Lepidoliti \u00ebsht\u00eb nj\u00eb kristal<span class=\"excerpt-hellip\"> [\u2026]<\/span><\/p>\n","protected":false},"featured_media":8757,"comment_status":"open","ping_status":"closed","template":"","meta":[],"product_brand":[],"product_cat":[2405,2372,2293,2837,2310,2357,2366,2382,2297,2359,2352,2308,2304,2404],"product_tag":[],"class_list":{"0":"post-3628","1":"product","2":"type-product","3":"status-publish","4":"has-post-thumbnail","6":"product_cat-blej-sipas","7":"product_cat-blej-sipas-ngjyres","8":"product_cat-decorations-sq","9":"product_cat-lepidolit","10":"product_cat-llojet-e-gurve-te-cmuar","11":"product_cat-mbrotje-paqe","12":"product_cat-peshorja","13":"product_cat-roze","14":"product_cat-sfera-kristalesh","15":"product_cat-shenjat-e-horoskopit","16":"product_cat-qellim","17":"product_cat-syri-i-trete","18":"product_cat-zemra","19":"product_cat-zona-e-cakres","21":"first","22":"instock","23":"shipping-taxable","24":"product-type-variable"},"_links":{"self":[{"href":"https:\/\/tinacrystals.com\/sq\/wp-json\/wp\/v2\/product\/3628","targetHints":{"allow":["GET"]}}],"collection":[{"href":"https:\/\/tinacrystals.com\/sq\/wp-json\/wp\/v2\/product"}],"about":[{"href":"https:\/\/tinacrystals.com\/sq\/wp-json\/wp\/v2\/types\/product"}],"replies":[{"embeddable":true,"href":"https:\/\/tinacrystals.com\/sq\/wp-json\/wp\/v2\/comments?post=3628"}],"wp:featuredmedia":[{"embeddable":true,"href":"https:\/\/tinacrystals.com\/sq\/wp-json\/wp\/v2\/media\/8757"}],"wp:attachment":[{"href":"https:\/\/tinacrystals.com\/sq\/wp-json\/wp\/v2\/media?parent=3628"}],"wp:term":[{"taxonomy":"product_brand","embeddable":true,"href":"https:\/\/tinacrystals.com\/sq\/wp-json\/wp\/v2\/product_brand?post=3628"},{"taxonomy":"product_cat","embeddable":true,"href":"https:\/\/tinacrystals.com\/sq\/wp-json\/wp\/v2\/product_cat?post=3628"},{"taxonomy":"product_tag","embeddable":true,"href":"https:\/\/tinacrystals.com\/sq\/wp-json\/wp\/v2\/product_tag?post=3628"}],"curies":[{"name":"wp","href":"https:\/\/api.w.org\/{rel}","templated":true}]}}