{"id":3630,"date":"2021-11-18T10:22:49","date_gmt":"2021-11-24T06:48:11","guid":{"rendered":"https:\/\/www.naturalgemstoneshop.com\/product\/sfere-mookaite-3\/"},"modified":"2022-02-25T14:32:47","modified_gmt":"2022-02-25T13:32:47","slug":"mookaite-sphere-3","status":"publish","type":"product","link":"https:\/\/tinacrystals.com\/sq\/product\/mookaite-sphere-3\/","title":{"rendered":"Sfer\u00eb Mookaite"},"content":{"rendered":"<p><strong>HOROSKOPI<\/strong>: Luani<br \/>\n<strong>CHAKRA<\/strong>: Rr\u00ebnja, Sakrale, Pleksusi Diellor<\/p>\n<p><strong><em>Mookait <\/em><\/strong>do t\u2019ju b\u00ebj t\u00eb ndiheni t\u00eb ri n\u00eb shpirt paverisisht mosh\u00ebs, duke u ndihmuar t\u00eb kuptoni se si punojn\u00eb s\u00eb bashku mendja dhe trupi n\u00eb lidhje reciproke.<\/p>\n<p><strong><em><br \/>\nSh\u00ebrimi shpirt\u00ebror:<\/em><\/strong><\/p>\n<p>Mookait mund t\u00eb siguroj\u00eb forc\u00eb dhe guxim n\u00eb m\u00ebnyr\u00eb q\u00eb t\u00eb mund t\u00eb ecni p\u00ebrpara n\u00eb jet\u00eb.<\/p>\n<p>Energjit\u00eb e tij mund t\u00eb ndihmojn\u00eb gjithashtu n\u00eb \u00e7lirimin e mendimeve dhe ndjenjave negative q\u00eb mund t\u00eb keni.<\/p>\n<p><strong><br \/>\n<em>Sh\u00ebrimi fizik:<\/em><\/strong><\/p>\n<p>Mookait besohet se rrit funksionimin e sistemit tuaj imunitar dhe ju ndihmon t\u00eb luftoni efektet e plakjes.<\/p>\n<p>Thuhet se \u00ebsht\u00eb i dobish\u00ebm n\u00eb trajtimin e sheqerit t\u00eb lart\u00eb n\u00eb gjak, cistitit dhe \u00e7rregullimeve t\u00eb fshik\u00ebz\u00ebs dhe veshkave.<\/p>\n<p><strong><br \/>\n<em>Sh\u00ebrimi emocional:<\/em><\/strong><\/p>\n<p>Mookait na ndihmon n\u00eb marrjen e vendimeve, na ndihmon t\u00eb zbulojm\u00eb t\u00eb gjitha mund\u00ebsit\u00eb n\u00eb nj\u00eb situat\u00eb dhe t\u00eb zgjedhim at\u00eb t\u00eb duhurin.<\/p>\n<p>Ofron nj\u00eb mburoj\u00eb mbrojt\u00ebse nga situata negative ose t\u00eb rrezikshme.<\/p>\n<p><strong><br \/>\n<em>Pastroni dhe rimbushni:<\/em><\/strong><\/p>\n<p>P\u00ebr t\u00eb pastruar kristalin tuaj, thjesht mund ta lani n\u00eb uj\u00eb t\u00eb ngroht\u00eb me sapun dhe mund t\u00eb p\u00ebrdorni nj\u00eb fur\u00e7\u00eb t\u00eb but\u00eb p\u00ebr t\u00eb eliminuar papast\u00ebrtit\u00eb.<\/p>\n<p>P\u00ebr ta rimbushur, mund ta zhytni n\u00eb krip\u00eb deti p\u00ebr t\u00eb hequr energjit\u00eb toksike nga brenda.<\/p>\n","protected":false},"excerpt":{"rendered":"<p>HOROSKOPI: Luani CHAKRA: Rr\u00ebnja, Sakrale, Pleksusi Diellor Mookait do t\u2019ju b\u00ebj t\u00eb ndiheni t\u00eb ri n\u00eb shpirt paverisisht mosh\u00ebs, duke u ndihmuar t\u00eb kuptoni se si<span class=\"excerpt-hellip\"> [\u2026]<\/span><\/p>\n","protected":false},"featured_media":3631,"comment_status":"open","ping_status":"closed","template":"","meta":[],"product_brand":[],"product_cat":[2405,2372,2293,2358,2310,2365,2334,2307,2305,2306,2297,2354,2359,2380,2352,2404],"product_tag":[],"class_list":{"0":"post-3630","1":"product","2":"type-product","3":"status-publish","4":"has-post-thumbnail","6":"product_cat-blej-sipas","7":"product_cat-blej-sipas-ngjyres","8":"product_cat-decorations-sq","9":"product_cat-force-stabilitet","10":"product_cat-llojet-e-gurve-te-cmuar","11":"product_cat-luani","12":"product_cat-mookait","13":"product_cat-pleksusi-diellor","14":"product_cat-rrenja","15":"product_cat-sakrale","16":"product_cat-sfera-kristalesh","17":"product_cat-shendet-balans","18":"product_cat-shenjat-e-horoskopit","19":"product_cat-shumengjyresh","20":"product_cat-qellim","21":"product_cat-zona-e-cakres","23":"first","24":"instock","25":"shipping-taxable","26":"purchasable","27":"product-type-variable"},"_links":{"self":[{"href":"https:\/\/tinacrystals.com\/sq\/wp-json\/wp\/v2\/product\/3630","targetHints":{"allow":["GET"]}}],"collection":[{"href":"https:\/\/tinacrystals.com\/sq\/wp-json\/wp\/v2\/product"}],"about":[{"href":"https:\/\/tinacrystals.com\/sq\/wp-json\/wp\/v2\/types\/product"}],"replies":[{"embeddable":true,"href":"https:\/\/tinacrystals.com\/sq\/wp-json\/wp\/v2\/comments?post=3630"}],"wp:featuredmedia":[{"embeddable":true,"href":"https:\/\/tinacrystals.com\/sq\/wp-json\/wp\/v2\/media\/3631"}],"wp:attachment":[{"href":"https:\/\/tinacrystals.com\/sq\/wp-json\/wp\/v2\/media?parent=3630"}],"wp:term":[{"taxonomy":"product_brand","embeddable":true,"href":"https:\/\/tinacrystals.com\/sq\/wp-json\/wp\/v2\/product_brand?post=3630"},{"taxonomy":"product_cat","embeddable":true,"href":"https:\/\/tinacrystals.com\/sq\/wp-json\/wp\/v2\/product_cat?post=3630"},{"taxonomy":"product_tag","embeddable":true,"href":"https:\/\/tinacrystals.com\/sq\/wp-json\/wp\/v2\/product_tag?post=3630"}],"curies":[{"name":"wp","href":"https:\/\/api.w.org\/{rel}","templated":true}]}}