{"id":3660,"date":"2021-11-18T10:20:42","date_gmt":"2021-11-24T07:03:50","guid":{"rendered":"https:\/\/www.naturalgemstoneshop.com\/product\/sfera-e-gurit-te-fishekzjarreve\/"},"modified":"2022-05-12T10:45:28","modified_gmt":"2022-05-12T08:45:28","slug":"fire-work-sphere-3","status":"publish","type":"product","link":"https:\/\/tinacrystals.com\/sq\/product\/fire-work-sphere-3\/","title":{"rendered":"Guri Fishekzjarreve Sfer\u00eb"},"content":{"rendered":"<p><strong>SFERA E GURIT T\u00cb FISHEKZJARREVE<\/strong><\/p>\n<p>Ky \u00ebsht\u00eb nj\u00eb gur me t\u00eb v\u00ebrtet\u00eb unik q\u00eb \u00ebsht\u00eb i njohur p\u00ebr motivim, ju ndihmon t\u00eb ngrriteni shpirt\u00ebrisht dhe ju jep gjithmon\u00eb energji. Nj\u00eb fuqi tjet\u00ebr q\u00eb rrezaton ky gur \u00ebsht\u00eb se ju b\u00ebn m\u00eb t\u00eb vet\u00ebdijsh\u00ebm p\u00ebr t\u00eb tashmen dhe ju b\u00ebn t\u00eb pajtoheni me veprimet e s\u00eb kaluar\u00ebs p\u00ebr t\u00eb cilat mund t\u00eb ndjheni ende fajtor\u00eb.<\/p>\n<p><strong>Si ta perdoresh k\u00ebt\u00eb sfer\u00eb?<\/strong><\/p>\n<p>Duke ditur fuqit\u00eb e k\u00ebtij guri q\u00eb rrezatojn\u00eb nga \u00e7do pik\u00eb e sfer\u00ebs, mbani at\u00eb n\u00eb nj\u00eb hap\u00ebsir\u00eb ku kaloni shum\u00eb koh\u00eb. Kushtojini sfer\u00ebs shum\u00eb v\u00ebmendje q\u00eb t\u00eb mund t\u00eb lidheni me fuqit\u00eb e saj dhe kjo do t&#8217;ju mund\u00ebsoj t\u00eb arrini rezultatet m\u00eb shpejt. Do t&#8217;ju ndihmoj\u00eb t\u00eb merrni vendime m\u00eb t\u00eb mira dhe m\u00eb t\u00eb shpejta.<\/p>\n<p>Kjo sfer\u00eb mrrekullueshme jo vet\u00ebm q\u00eb \u00ebsht\u00eb nj\u00eb opsion i shk\u00eblqyer p\u00ebr dekor dhe p\u00ebr q\u00ebllime meditimi ose manifestimi, por \u00ebsht\u00eb gjithashtu i p\u00ebrsosur si dhurat\u00eb p\u00ebr miqt\u00eb, familjen ose t\u00eb dashurit.<\/p>\n<p><strong>\u00c7akra<\/strong>: T\u00eb gjitha, kurora dhe rr\u00ebnja<\/p>\n<p><strong>Horoskopi<\/strong>:Akrepi, Peshqit, Gaforrja<\/p>\n","protected":false},"excerpt":{"rendered":"<p>SFERA E GURIT T\u00cb FISHEKZJARREVE Ky \u00ebsht\u00eb nj\u00eb gur me t\u00eb v\u00ebrtet\u00eb unik q\u00eb \u00ebsht\u00eb i njohur p\u00ebr motivim, ju ndihmon t\u00eb ngrriteni shpirt\u00ebrisht dhe ju<span class=\"excerpt-hellip\"> [\u2026]<\/span><\/p>\n","protected":false},"featured_media":3661,"comment_status":"open","ping_status":"closed","template":"","meta":[],"product_brand":[],"product_cat":[2293,2297],"product_tag":[],"class_list":{"0":"post-3660","1":"product","2":"type-product","3":"status-publish","4":"has-post-thumbnail","6":"product_cat-decorations-sq","7":"product_cat-sfera-kristalesh","9":"first","10":"instock","11":"shipping-taxable","12":"purchasable","13":"product-type-variable"},"_links":{"self":[{"href":"https:\/\/tinacrystals.com\/sq\/wp-json\/wp\/v2\/product\/3660","targetHints":{"allow":["GET"]}}],"collection":[{"href":"https:\/\/tinacrystals.com\/sq\/wp-json\/wp\/v2\/product"}],"about":[{"href":"https:\/\/tinacrystals.com\/sq\/wp-json\/wp\/v2\/types\/product"}],"replies":[{"embeddable":true,"href":"https:\/\/tinacrystals.com\/sq\/wp-json\/wp\/v2\/comments?post=3660"}],"wp:featuredmedia":[{"embeddable":true,"href":"https:\/\/tinacrystals.com\/sq\/wp-json\/wp\/v2\/media\/3661"}],"wp:attachment":[{"href":"https:\/\/tinacrystals.com\/sq\/wp-json\/wp\/v2\/media?parent=3660"}],"wp:term":[{"taxonomy":"product_brand","embeddable":true,"href":"https:\/\/tinacrystals.com\/sq\/wp-json\/wp\/v2\/product_brand?post=3660"},{"taxonomy":"product_cat","embeddable":true,"href":"https:\/\/tinacrystals.com\/sq\/wp-json\/wp\/v2\/product_cat?post=3660"},{"taxonomy":"product_tag","embeddable":true,"href":"https:\/\/tinacrystals.com\/sq\/wp-json\/wp\/v2\/product_tag?post=3660"}],"curies":[{"name":"wp","href":"https:\/\/api.w.org\/{rel}","templated":true}]}}