{"id":3707,"date":"2021-11-18T10:09:21","date_gmt":"2021-11-24T07:34:14","guid":{"rendered":"https:\/\/www.naturalgemstoneshop.com\/product\/sfera-e-fluoritit-te-ylberit-3\/"},"modified":"2022-05-12T10:46:19","modified_gmt":"2022-05-12T08:46:19","slug":"rainbow-fluorite-sphere-3-2","status":"publish","type":"product","link":"https:\/\/tinacrystals.com\/sq\/product\/rainbow-fluorite-sphere-3-2\/","title":{"rendered":"Fluoriti Ylberit Sfer\u00eb"},"content":{"rendered":"<p><strong>Sfera e Fluoritit t\u00eb Ylberit<\/strong><\/p>\n<p>Fluoriti I Ylberit p\u00ebrmban ngjyrat m\u00eb t\u00eb bukura n\u00eb nj\u00eb vend, \u00e7do pjes\u00eb p\u00ebrmban ve\u00e7antin\u00eb dhe bukurin\u00eb e saj. Guri rrezaton qet\u00ebsi dhe ju b\u00ebn t\u00eb ndiheni m\u00eb t\u00eb relaksuar vet\u00ebm duke e par\u00eb.<\/p>\n<p>Thuhet se ky gur lidhet me t\u00eb gjitha 7 \u00e7akrat, \u00ebsht\u00eb nj\u00eb barazues i shk\u00eblqyesh\u00ebm emocional dhe ju kthen n\u00eb ekuilib\u00ebr. Ky gur t\u00ebrheq pozitivitetin dhe ju pastron mendjen nga mendime t\u00eb par\u00ebnd\u00ebsishme, kjo rezulton q\u00eb t&#8217;i shihni gj\u00ebrat nga nj\u00eb k\u00ebndv\u00ebshtrim tjet\u00ebr dhe m\u00eb t\u00eb kuptuesh\u00ebm.<\/p>\n<p><strong>Si ta p\u00ebrdor\u00ebsh k\u00ebt\u00eb sfer\u00eb?<\/strong><\/p>\n<p>Duke ditur fuqit\u00eb e k\u00ebtij guri q\u00eb rrezatojn\u00eb nga \u00e7do pik\u00eb e sfer\u00ebs, sigurohuni q\u00eb ta mbani at\u00eb n\u00eb nj\u00eb hap\u00ebsir\u00eb ku kaloni shum\u00eb koh\u00eb. Kushtojini sfer\u00ebs shum\u00eb v\u00ebmendje q\u00eb t\u00eb mund t\u00eb lidheni me fuqit\u00eb e saj dhe kjo do t&#8217;ju b\u00ebj\u00eb shikoni rezultatet n\u00eb koh\u00eb sa m\u00eb t\u00eb shkurt.<\/p>\n<p>Kjo sfer\u00eb fluoriti I Ylbert\u00eb jo vet\u00ebm q\u00eb \u00ebsht\u00eb nj\u00eb opsion i shk\u00eblqyer p\u00ebr dekor dhe p\u00ebr q\u00ebllime meditimi ose manifestimi, por \u00ebsht\u00eb gjithashtu i p\u00ebrsosur si opsion dhurateje p\u00ebr miqt\u00eb, familjen ose t\u00eb dashurit<\/p>\n<p><strong>Si ta pastroni k\u00ebt\u00eb sfer\u00eb?<\/strong><\/p>\n<p>\u00c7do kristal duhet t\u00eb mir\u00ebmbahet, edhe ky duhet t\u00eb pastrohet dhe rimbushet vazhdimisht. P\u00ebr ta b\u00ebr\u00eb k\u00ebt\u00eb, vendosni sfer\u00ebn gjat\u00eb nat\u00ebs n\u00ebn h\u00ebn\u00ebn e plot\u00eb.<\/p>\n<p><strong>Zonat e \u00c7akr\u00ebs<\/strong>: M\u00eb s\u00eb shumti prek zemr\u00ebn, syrin e tret\u00eb dhe fytin.<\/p>\n<p><strong>Horoskopi<\/strong>: Bricjapi dhe Peshqit<\/p>\n","protected":false},"excerpt":{"rendered":"<p>&nbsp;<\/p>\n<p>&nbsp;<\/p>\n","protected":false},"featured_media":8793,"comment_status":"open","ping_status":"closed","template":"","meta":[],"product_brand":[],"product_cat":[2293,2297],"product_tag":[],"class_list":{"0":"post-3707","1":"product","2":"type-product","3":"status-publish","4":"has-post-thumbnail","6":"product_cat-decorations-sq","7":"product_cat-sfera-kristalesh","9":"first","10":"instock","11":"shipping-taxable","12":"purchasable","13":"product-type-variable"},"_links":{"self":[{"href":"https:\/\/tinacrystals.com\/sq\/wp-json\/wp\/v2\/product\/3707","targetHints":{"allow":["GET"]}}],"collection":[{"href":"https:\/\/tinacrystals.com\/sq\/wp-json\/wp\/v2\/product"}],"about":[{"href":"https:\/\/tinacrystals.com\/sq\/wp-json\/wp\/v2\/types\/product"}],"replies":[{"embeddable":true,"href":"https:\/\/tinacrystals.com\/sq\/wp-json\/wp\/v2\/comments?post=3707"}],"wp:featuredmedia":[{"embeddable":true,"href":"https:\/\/tinacrystals.com\/sq\/wp-json\/wp\/v2\/media\/8793"}],"wp:attachment":[{"href":"https:\/\/tinacrystals.com\/sq\/wp-json\/wp\/v2\/media?parent=3707"}],"wp:term":[{"taxonomy":"product_brand","embeddable":true,"href":"https:\/\/tinacrystals.com\/sq\/wp-json\/wp\/v2\/product_brand?post=3707"},{"taxonomy":"product_cat","embeddable":true,"href":"https:\/\/tinacrystals.com\/sq\/wp-json\/wp\/v2\/product_cat?post=3707"},{"taxonomy":"product_tag","embeddable":true,"href":"https:\/\/tinacrystals.com\/sq\/wp-json\/wp\/v2\/product_tag?post=3707"}],"curies":[{"name":"wp","href":"https:\/\/api.w.org\/{rel}","templated":true}]}}