{"id":3714,"date":"2021-11-18T10:07:35","date_gmt":"2021-11-24T07:34:43","guid":{"rendered":"https:\/\/www.naturalgemstoneshop.com\/product\/sfere-fantom-kuarc-1\/"},"modified":"2022-05-12T10:46:36","modified_gmt":"2022-05-12T08:46:36","slug":"phantom-quartz-sphere-1","status":"publish","type":"product","link":"https:\/\/tinacrystals.com\/sq\/product\/phantom-quartz-sphere-1\/","title":{"rendered":"Fantom Kuarc Sfer\u00eb"},"content":{"rendered":"<p><strong>HOROSKOPI<\/strong>: T\u00eb gjitha<br \/>\n<strong>CHAKRA<\/strong>: T\u00eb gjitha, ve\u00e7an\u00ebrisht kurora<\/p>\n<p>Ky kristal do t&#8217;ju jap\u00eb nj\u00eb shp\u00ebrthim frym\u00ebzimi q\u00eb do t&#8217;ju ndihmoj\u00eb t\u00eb jetoni jet\u00ebn tuaj me entuziaz\u00ebm dhe t\u00eb t\u00ebrhiqni gjithmon\u00eb sukses.<\/p>\n<p><strong><br \/>\nSh\u00ebrimi shpirt\u00ebror<\/strong>:<\/p>\n<p>Ata q\u00eb duan t\u00eb sh\u00ebrohen shpirt\u00ebrisht ky \u00ebsht\u00eb kristali duhur.<\/p>\n<p>Kristali \u00ebsht\u00eb si rr\u00ebfimi juaj personal. Krijon nj\u00eb hap\u00ebsir\u00eb \u200b\u200bt\u00eb shenjt\u00eb ku jeni t\u00eb lir\u00eb t\u00eb eksploroni ndjenjat m\u00eb t\u00eb thella t\u00eb shpirtit tuaj.<\/p>\n<p>Phantom Quartz ju jep forc\u00ebn q\u00eb ju nevojitet p\u00ebr t\u00eb b\u00ebr\u00eb pak vet\u00eb-zbulim dhe eksplorim<\/p>\n<p><strong><br \/>\nSh\u00ebrimi fizik:<\/strong><\/p>\n<p>Vetia fizike m\u00eb e r\u00ebnd\u00ebsishme e k\u00ebtij kristali \u00ebsht\u00eb pastrimi i toksinave.<\/p>\n<p>Kuarci Phantom shpesh p\u00ebrdoret p\u00ebr t\u00eb ndihmuar n\u00eb largimin e trupit nga toksinat q\u00eb mund t\u00eb \u00e7ojn\u00eb n\u00eb s\u00ebmundje.<\/p>\n<p>Ai rrit sistemin imunitar dhe p\u00ebrmir\u00ebson organet filtruese si veshkat dhe m\u00ebl\u00e7ia.<\/p>\n<p><strong><br \/>\nSh\u00ebrimi emocional:<\/strong><\/p>\n<p>Phantom Quartz ka t\u00eb b\u00ebj\u00eb me rritjen, pjekurin\u00eb dhe vet\u00ebvler\u00ebsimin.<\/p>\n<p>Ky \u00ebsht\u00eb nj\u00eb kristal q\u00eb ju inkurajon t\u00eb piqeni pasi keni p\u00ebrjetuar vuajtje emocionale.<\/p>\n<p>P\u00ebrkundrazi, kristali punon p\u00ebr t&#8217;u siguruar q\u00eb ju t\u00eb m\u00ebsoni dhe t\u00eb rriteni nga pik\u00ebllimi juaj.<\/p>\n<p><strong><br \/>\nPastroni dhe rimbushni:<\/strong><\/p>\n<p>P\u00ebr t\u00eb pastruar kuarcin Phantom, uji \u00ebsht\u00eb i mrekulluesh\u00ebm. Megjithat\u00eb, uji natyral nga nj\u00eb burim \u00ebsht\u00eb m\u00eb i mir\u00eb se uji i rubinetit. Drita e h\u00ebn\u00ebs \u00ebsht\u00eb po aq e r\u00ebnd\u00ebsishme &#8211; sa m\u00eb shum\u00eb \u00ebsht\u00eb m\u00eb mir\u00eb. L\u00ebreni kristalin n\u00ebn drit\u00ebn e h\u00ebn\u00ebs p\u00ebr nj\u00eb nat\u00eb p\u00ebr ta pastruar dhe rimbushur.<\/p>\n","protected":false},"excerpt":{"rendered":"<p>HOROSKOPI: T\u00eb gjitha CHAKRA: T\u00eb gjitha, ve\u00e7an\u00ebrisht kurora Ky kristal do t&#8217;ju jap\u00eb nj\u00eb shp\u00ebrthim frym\u00ebzimi q\u00eb do t&#8217;ju ndihmoj\u00eb t\u00eb jetoni jet\u00ebn tuaj me entuziaz\u00ebm<span class=\"excerpt-hellip\"> [\u2026]<\/span><\/p>\n","protected":false},"featured_media":8898,"comment_status":"open","ping_status":"closed","template":"","meta":[],"product_brand":[],"product_cat":[2369,2385,2364,2405,2372,2363,2361,2355,2293,2370,2356,2309,2362,2303,2310,2365,2353,2366,2367,2798,2307,2305,2306,2297,2359,2368,2352,2391,2308,2360,2371,2304,2404],"product_tag":[],"class_list":{"0":"post-3714","1":"product","2":"type-product","3":"status-publish","4":"has-post-thumbnail","6":"product_cat-akrepi-sq","7":"product_cat-bardhe","8":"product_cat-binjaket","9":"product_cat-blej-sipas","10":"product_cat-blej-sipas-ngjyres","11":"product_cat-bricjapi","12":"product_cat-dashi","13":"product_cat-dashuri-harmoni","14":"product_cat-decorations-sq","15":"product_cat-demi","16":"product_cat-fat-sukses","17":"product_cat-fyti","18":"product_cat-gaforrja","19":"product_cat-kurora","20":"product_cat-llojet-e-gurve-te-cmuar","21":"product_cat-luani","22":"product_cat-lumturi-vetebesim","23":"product_cat-peshorja","24":"product_cat-peshqit","25":"product_cat-phantom-kuarc","26":"product_cat-pleksusi-diellor","27":"product_cat-rrenja","28":"product_cat-sakrale","29":"product_cat-sfera-kristalesh","30":"product_cat-shenjat-e-horoskopit","31":"product_cat-shigjetari","32":"product_cat-qellim","33":"product_cat-slider","34":"product_cat-syri-i-trete","35":"product_cat-ujori","36":"product_cat-virgjersha","37":"product_cat-zemra","38":"product_cat-zona-e-cakres","40":"first","41":"outofstock","42":"shipping-taxable","43":"purchasable","44":"product-type-variable"},"_links":{"self":[{"href":"https:\/\/tinacrystals.com\/sq\/wp-json\/wp\/v2\/product\/3714","targetHints":{"allow":["GET"]}}],"collection":[{"href":"https:\/\/tinacrystals.com\/sq\/wp-json\/wp\/v2\/product"}],"about":[{"href":"https:\/\/tinacrystals.com\/sq\/wp-json\/wp\/v2\/types\/product"}],"replies":[{"embeddable":true,"href":"https:\/\/tinacrystals.com\/sq\/wp-json\/wp\/v2\/comments?post=3714"}],"wp:featuredmedia":[{"embeddable":true,"href":"https:\/\/tinacrystals.com\/sq\/wp-json\/wp\/v2\/media\/8898"}],"wp:attachment":[{"href":"https:\/\/tinacrystals.com\/sq\/wp-json\/wp\/v2\/media?parent=3714"}],"wp:term":[{"taxonomy":"product_brand","embeddable":true,"href":"https:\/\/tinacrystals.com\/sq\/wp-json\/wp\/v2\/product_brand?post=3714"},{"taxonomy":"product_cat","embeddable":true,"href":"https:\/\/tinacrystals.com\/sq\/wp-json\/wp\/v2\/product_cat?post=3714"},{"taxonomy":"product_tag","embeddable":true,"href":"https:\/\/tinacrystals.com\/sq\/wp-json\/wp\/v2\/product_tag?post=3714"}],"curies":[{"name":"wp","href":"https:\/\/api.w.org\/{rel}","templated":true}]}}