{"id":3739,"date":"2021-11-18T10:05:30","date_gmt":"2021-11-24T07:48:12","guid":{"rendered":"https:\/\/www.naturalgemstoneshop.com\/product\/sfere-%d0%b5-luleshtrydhes-se-kuqe-2\/"},"modified":"2022-05-12T10:46:55","modified_gmt":"2022-05-12T08:46:55","slug":"red-strawberry-sphere-2","status":"publish","type":"product","link":"https:\/\/tinacrystals.com\/sq\/product\/red-strawberry-sphere-2\/","title":{"rendered":"Kuarci Dredh\u00ebz Sfer\u00eb"},"content":{"rendered":"<p><strong>SFERA E DREDHZ\u00cbS S\u00cb KUQE<\/strong><\/p>\n<p>Kristali i dredhz\u00ebs s\u00eb kuqe \u00ebsht\u00eb nj\u00eb gur i njohur p\u00ebr dashuri dhe si furnizues me emocione qet\u00ebsuese, ai ndihmon ve\u00e7an\u00ebrisht njer\u00ebzit q\u00eb jetojn\u00eb n\u00eb mjedise me rritme t\u00eb shpejta. T\u00eb b\u00ebn m\u00eb t\u00eb qet\u00eb, t\u00eb balancon me shpirtin dhe largon gjith\u00eb energjin\u00eb e keqe q\u00eb t\u00eb rrethon.<\/p>\n<p>Kristali ju b\u00ebn m\u00eb t\u00eb vet\u00ebdijsh\u00ebm p\u00ebr at\u00eb se kush jeni n\u00eb t\u00eb v\u00ebrtet\u00eb, ua sistemon mendjen, ju b\u00ebn t\u00eb mendoni m\u00eb racionalisht dhe ju inkurajon t\u00eb b\u00ebni m\u00eb mir\u00eb n\u00eb t\u00eb gjitha situatat.<\/p>\n<p><strong>Si t\u00eb p\u00ebrdorni sfer\u00ebn e Dredhz\u00ebs se kuqe?<\/strong><\/p>\n<p>T\u00eb kesh gurin n\u00eb vendin tuaj t\u00eb pun\u00ebs do t&#8217;ju sjell\u00eb p\u00ebrgjigjet q\u00eb k\u00ebrkoni sa her\u00eb q\u00eb te ngecni. Kujdesuni rregullisht p\u00ebr sfer\u00ebn, lani duart para dhe pas p\u00ebrdorimit dhe sigurohuni q\u00eb ta pastroni rregullisht.<\/p>\n<p>Kjo sfer\u00eb me pamje te mrekullueshme jo vet\u00ebm q\u00eb \u00ebsht\u00eb nj\u00eb zgjedhje e shk\u00eblqyer p\u00ebr meditim ose dekor, por gjithashtu \u00ebsht\u00eb nj\u00eb opsion perfekt si dhurat\u00eb p\u00ebr miqt\u00eb, familjen ose te dashurit tuaj.<\/p>\n<p><strong>Si t\u00eb kujdesemi p\u00ebr sfer\u00ebn e dredhz\u00ebs s\u00eb kuqe?<\/strong><\/p>\n<p>M\u00ebnyra m\u00eb e mir\u00eb p\u00ebr t\u00eb pastruar kristalin \u00ebsht\u00eb ta mbani n\u00ebn uj\u00eb t\u00eb rrjedhsh\u00ebm p\u00ebr disa minuta dhe p\u00ebr ta rimbushur, vendoseni n\u00ebn drit\u00ebn e h\u00ebn\u00ebs n\u00eb nj\u00eb tas me uj\u00eb, hiqeni n\u00eb m\u00ebngjes.<\/p>\n<p><strong>Horoskopi:<\/strong> Peshorja<\/p>\n<p><strong>\u00c7akra:<\/strong> Zem\u00ebr<\/p>\n","protected":false},"excerpt":{"rendered":"<p>SFERA E DREDHZ\u00cbS S\u00cb KUQE Kristali i dredhz\u00ebs s\u00eb kuqe \u00ebsht\u00eb nj\u00eb gur i njohur p\u00ebr dashuri dhe si furnizues me emocione qet\u00ebsuese, ai ndihmon ve\u00e7an\u00ebrisht<span class=\"excerpt-hellip\"> [\u2026]<\/span><\/p>\n","protected":false},"featured_media":3740,"comment_status":"open","ping_status":"closed","template":"","meta":[],"product_brand":[],"product_cat":[2293,2297],"product_tag":[],"class_list":{"0":"post-3739","1":"product","2":"type-product","3":"status-publish","4":"has-post-thumbnail","6":"product_cat-decorations-sq","7":"product_cat-sfera-kristalesh","9":"first","10":"instock","11":"shipping-taxable","12":"purchasable","13":"product-type-variable"},"_links":{"self":[{"href":"https:\/\/tinacrystals.com\/sq\/wp-json\/wp\/v2\/product\/3739","targetHints":{"allow":["GET"]}}],"collection":[{"href":"https:\/\/tinacrystals.com\/sq\/wp-json\/wp\/v2\/product"}],"about":[{"href":"https:\/\/tinacrystals.com\/sq\/wp-json\/wp\/v2\/types\/product"}],"replies":[{"embeddable":true,"href":"https:\/\/tinacrystals.com\/sq\/wp-json\/wp\/v2\/comments?post=3739"}],"wp:featuredmedia":[{"embeddable":true,"href":"https:\/\/tinacrystals.com\/sq\/wp-json\/wp\/v2\/media\/3740"}],"wp:attachment":[{"href":"https:\/\/tinacrystals.com\/sq\/wp-json\/wp\/v2\/media?parent=3739"}],"wp:term":[{"taxonomy":"product_brand","embeddable":true,"href":"https:\/\/tinacrystals.com\/sq\/wp-json\/wp\/v2\/product_brand?post=3739"},{"taxonomy":"product_cat","embeddable":true,"href":"https:\/\/tinacrystals.com\/sq\/wp-json\/wp\/v2\/product_cat?post=3739"},{"taxonomy":"product_tag","embeddable":true,"href":"https:\/\/tinacrystals.com\/sq\/wp-json\/wp\/v2\/product_tag?post=3739"}],"curies":[{"name":"wp","href":"https:\/\/api.w.org\/{rel}","templated":true}]}}