{"id":3769,"date":"2021-11-18T10:00:04","date_gmt":"2021-11-24T08:01:53","guid":{"rendered":"https:\/\/www.naturalgemstoneshop.com\/product\/sfera-e-hematoidit-3\/"},"modified":"2022-05-12T10:47:21","modified_gmt":"2022-05-12T08:47:21","slug":"hematoid-sphere-3","status":"publish","type":"product","link":"https:\/\/tinacrystals.com\/sq\/product\/hematoid-sphere-3\/","title":{"rendered":"Hematoid Sfer\u00eb"},"content":{"rendered":"<p><strong>SFERA E HEMATOIDIT<\/strong><\/p>\n<p>Hematoid Kuarci \u00ebsht\u00eb nj\u00eb kristal me t\u00eb v\u00ebrtet\u00eb i fuqish\u00ebm tok\u00ebsor, ai t\u00ebrheq energji t\u00eb thella n\u00eb rr\u00ebnj\u00ebn e \u00e7akr\u00ebs dhe ekuilibron t\u00ebresisht emocionet dhe mendimet . Duke pasur k\u00ebt\u00eb sfer\u00eb n\u00eb hap\u00ebsir\u00ebn tuaj do t&#8217;ju ndihmoj\u00eb t\u00eb jeni m\u00eb t\u00eb organizuar, mendja juaj nuk do t\u00eb jet\u00eb plot me mendime t\u00eb lodhshme k\u00ebshtu q\u00eb ju do t&#8217;i p\u00ebrpunoni gj\u00ebrat m\u00eb ngadal\u00eb dhe me kujdes<\/p>\n<p>Vetit\u00eb sh\u00ebruese t\u00eb k\u00ebsaj sfer\u00eb jan\u00eb shum\u00eb, ajo do t\u00eb heq\u00eb t\u00eb gjith\u00eb negativitetin rreth jush dhe do ta transformoj\u00eb at\u00eb n\u00eb paqe dhe qet\u00ebsi. Do v\u00ebreni se vet\u00ebbesimi dhe vet\u00ebdijsimi kohepaskohe rriten dhe do jesh me i lumtur dhe gjithnj\u00eb do t\u00eb t\u00ebrheq\u00ebsh gj\u00ebra t\u00eb mira n\u00eb jet\u00eb<\/p>\n<p><strong>Si ta p\u00ebrdor\u00ebsh k\u00ebt\u00eb sfer\u00eb?<\/strong><\/p>\n<p>Vendoseni sfer\u00ebn tuaj n\u00eb nj\u00eb vend t\u00eb sigurt ku kaloni shum\u00eb koh\u00eb. Sigurohuni t\u00eb lani duart para dhe pas p\u00ebrdorimit t\u00eb tyre, trajtojeni at\u00eb me kujdes t\u00eb madh dhe pastroni t\u00eb nj\u00ebjt\u00ebn me q\u00ebllim q\u00eb sfera t\u00eb jap kapacitetin maksimal t\u00eb saj.<\/p>\n<p>Sferat tona shtojn\u00eb nj\u00eb eleganc\u00eb t\u00eb mrekullueshme n\u00eb \u00e7do hap\u00ebsir\u00eb ku i vendosni ato, gjithashtu dhurimi si dhurat i sferave tek familjar\u00ebt, miqt\u00eb dhe t\u00eb dashurve tan\u00eb do isht\u00eb nj\u00eb zgjedhje e men\u00e7ur.<\/p>\n<p><strong>Horoskopi:<\/strong><br \/>\n-Dashi<\/p>\n","protected":false},"excerpt":{"rendered":"<p>SFERA E HEMATOIDIT Hematoid Kuarci \u00ebsht\u00eb nj\u00eb kristal me t\u00eb v\u00ebrtet\u00eb i fuqish\u00ebm tok\u00ebsor, ai t\u00ebrheq energji t\u00eb thella n\u00eb rr\u00ebnj\u00ebn e \u00e7akr\u00ebs dhe ekuilibron t\u00ebresisht<span class=\"excerpt-hellip\"> [\u2026]<\/span><\/p>\n","protected":false},"featured_media":8933,"comment_status":"open","ping_status":"closed","template":"","meta":[],"product_brand":[],"product_cat":[2293,2297],"product_tag":[],"class_list":{"0":"post-3769","1":"product","2":"type-product","3":"status-publish","4":"has-post-thumbnail","6":"product_cat-decorations-sq","7":"product_cat-sfera-kristalesh","9":"first","10":"outofstock","11":"shipping-taxable","12":"purchasable","13":"product-type-variable"},"_links":{"self":[{"href":"https:\/\/tinacrystals.com\/sq\/wp-json\/wp\/v2\/product\/3769","targetHints":{"allow":["GET"]}}],"collection":[{"href":"https:\/\/tinacrystals.com\/sq\/wp-json\/wp\/v2\/product"}],"about":[{"href":"https:\/\/tinacrystals.com\/sq\/wp-json\/wp\/v2\/types\/product"}],"replies":[{"embeddable":true,"href":"https:\/\/tinacrystals.com\/sq\/wp-json\/wp\/v2\/comments?post=3769"}],"wp:featuredmedia":[{"embeddable":true,"href":"https:\/\/tinacrystals.com\/sq\/wp-json\/wp\/v2\/media\/8933"}],"wp:attachment":[{"href":"https:\/\/tinacrystals.com\/sq\/wp-json\/wp\/v2\/media?parent=3769"}],"wp:term":[{"taxonomy":"product_brand","embeddable":true,"href":"https:\/\/tinacrystals.com\/sq\/wp-json\/wp\/v2\/product_brand?post=3769"},{"taxonomy":"product_cat","embeddable":true,"href":"https:\/\/tinacrystals.com\/sq\/wp-json\/wp\/v2\/product_cat?post=3769"},{"taxonomy":"product_tag","embeddable":true,"href":"https:\/\/tinacrystals.com\/sq\/wp-json\/wp\/v2\/product_tag?post=3769"}],"curies":[{"name":"wp","href":"https:\/\/api.w.org\/{rel}","templated":true}]}}