{"id":3826,"date":"2021-11-18T09:52:35","date_gmt":"2021-11-24T08:27:37","guid":{"rendered":"https:\/\/www.naturalgemstoneshop.com\/product\/sfere-labradoriti-3\/"},"modified":"2022-05-12T10:54:59","modified_gmt":"2022-05-12T08:54:59","slug":"labradorite-sphere-3","status":"publish","type":"product","link":"https:\/\/tinacrystals.com\/sq\/product\/labradorite-sphere-3\/","title":{"rendered":"Labradorit Sfer\u00eb"},"content":{"rendered":"<p><strong>SFER\u00cb LABRADORITI<\/strong><\/p>\n<p>\u00c7do Labradorit ka nj\u00eb bukuri unike q\u00eb t\u00ebrheq v\u00ebmendjen e t\u00eb gjith\u00ebve. Unikaliteti i ngjyrave kuron \u00e7do ankth apo stres q\u00eb mund t\u00eb keni. Kristali u qet\u00ebson, dhe zhduk frikat dhe pasigurit\u00eb. Bukuria e k\u00ebtyre sferave nuk q\u00ebndron vet\u00ebm te t\u00ebrheqja e syrit t\u00eb njeriut, por gjithashtu ndihmon n\u00eb trajtimin e \u00e7do \u00e7rregullimi q\u00eb mund t\u00eb ken\u00eb syt\u00eb tuaj. Sferat Labradorite ta mund\u00ebsojn\u00eb t\u00eb kesh nj\u00eb pasqyr\u00eb me reale t\u00eb jet\u00ebs t\u00ebnde.<\/p>\n<p><strong>Si t\u00eb p\u00ebrdorni Sferen Labradorite?<\/strong><\/p>\n<p>Ky gur \u00ebsht\u00eb nj\u00eb opsion i shk\u00eblqyesh\u00ebm p\u00ebr Feng Shui(Art kinez p\u00ebr shfryt\u00ebzim t\u00eb energjive) dhe do t\u00eb largoj\u00eb t\u00eb gjitha energjit\u00eb negative rreth jush, prandaj rekomandohet ta mbani diku q\u00eb nuk do ta lini pas dore. Ata kan\u00eb nj\u00eb shk\u00eblqim mahnit\u00ebs q\u00eb ju b\u00ebn gjithmon\u00eb t\u00eb ndaloni p\u00ebr t&#8217;i par\u00eb p\u00ebr m\u00eb gjat\u00eb dhe jo vet\u00ebm q\u00eb i shtojn\u00eb nj\u00eb eleganc\u00eb t\u00eb bukur hap\u00ebsir\u00ebs suaj, por energjit\u00eb e tyre sh\u00ebruese rrezatojn\u00eb kudo nga \u00e7do pjes\u00eb e sfer\u00ebs.<\/p>\n<p>Bukuria dhe vetit\u00eb sh\u00ebruese q\u00eb ka ky kristal, e b\u00ebjn\u00eb at\u00eb nj\u00eb zgjedhje t\u00eb shk\u00eblqyer p\u00ebr t&#8217;ia dhuruar familjes, miqve ose njer\u00ebzve t\u00eb af\u00ebrt q\u00eb keni.<\/p>\n<p><strong>Si ta pastroni kristalin?<\/strong><\/p>\n<p>Ashtu si t\u00eb gjith\u00eb kristalet, edhe Labradoriti duhet t\u00eb pastrohet p\u00ebr t\u00eb punuar n\u00eb kapacitetet e tij m\u00eb t\u00eb mira. Meqen\u00ebse \u00ebsht\u00eb nj\u00eb gur ujor, p\u00ebrdorimi i ujit p\u00ebr ta pastruar \u00ebsht\u00eb m\u00ebnyra m\u00eb e thjesht\u00eb dhe m\u00eb efektive p\u00ebr ta pastruar at\u00eb.<\/p>\n<p><strong>\u00c7akra: <\/strong><\/p>\n<p>-Syri i Tret\u00eb<\/p>\n<p>-Fyti<\/p>\n<p><strong>Guri i lindjes:<\/strong><\/p>\n<p>-Shkurt<\/p>\n<p>-Mars<\/p>\n<p><strong>Horoskopi:<\/strong><\/p>\n<p>-Demi<\/p>\n<p>-Luani<\/p>\n<p>-Akrepi<\/p>\n<p>-Shigjetari<\/p>\n<p>-Peshqit<\/p>\n<p>&nbsp;<\/p>\n<p>Secili labradorit ka nj\u00eb bukuri unike q\u00eb t\u00ebrheq v\u00ebmendjen e t\u00eb gjith\u00ebve.<\/p>\n<p><strong>\u00a0<\/strong><\/p>\n<p><strong><em>Sh\u00ebrimi shpirt\u00ebror:<\/em><\/strong><\/p>\n<p>Labradoriti aktivizon imagjinat\u00ebn tuaj p\u00ebr t\u00eb krijuar ide t\u00eb reja, sjell qart\u00ebsi n\u00eb mendimet tuaja, sjell paqe, zgjon lirin\u00eb dhe ekuilibrin.<\/p>\n<p>Krijon nj\u00eb m\u00ebnyr\u00eb p\u00ebr t\u00eb komunikuar me vet\u00ebbesim dhe besim m\u00eb t\u00eb lart\u00eb.<\/p>\n<p><strong><em>\u00a0<\/em><\/strong><\/p>\n<p><strong><em>Sh\u00ebrimi fizik:<\/em><\/strong><\/p>\n<p>Ky kristal ndihmon n\u00eb reduktimin e dhimbjeve fizike, ftohjes, koll\u00ebs, problemeve me frym\u00ebmarrjen, metabolizmit.<\/p>\n<p>Do t\u00eb reduktoj\u00eb stresin, ankthin, depresionin dhe tensionin.<\/p>\n<p><strong>\u00a0<\/strong><\/p>\n<p><strong><em>Sh\u00ebrimi emocional<\/em><\/strong><em>:<\/em><\/p>\n<p>Labradoriti promovon vet\u00ebbesimin dhe vet\u00ebvler\u00ebsimin. Ajo rifiton energjin\u00eb tuaj nga brenda sip\u00ebrfaqes direkt n\u00eb vet\u00ebdijen tuaj t\u00eb brendshme.<\/p>\n<p>Ndihmon ata q\u00eb p\u00ebrjetojn\u00eb trauma, prishje emocionale dhe p\u00ebrb\u00ebhet nga fuqit\u00eb e rritjes s\u00eb energjis\u00eb p\u00ebr t\u00eb dh\u00ebn\u00eb m\u00eb shum\u00eb forc\u00eb, kurajo, fokus dhe t\u00eb jen\u00eb t\u00eb orientuar drejt q\u00ebllimit.<\/p>\n<p><strong>\u00a0<\/strong><\/p>\n<p><strong><em>Pastroni dhe rimbushni:<\/em><\/strong><\/p>\n<p>Kujdesi p\u00ebr kristalet tuaja \u00ebsht\u00eb nj\u00eb faktor ky\u00e7 n\u00eb m\u00ebnyr\u00ebn se si ato funksionojn\u00eb. Nj\u00eb nga m\u00ebnyrat m\u00eb t\u00eb mira p\u00ebr t\u00eb pastruar Labradoritin \u00ebsht\u00eb ta mbani n\u00ebn uj\u00eb p\u00ebr disa minuta dhe ta lini t\u00eb pastroj\u00eb t\u00eb gjith\u00eb energjin\u00eb negative q\u00eb ka kristali. Pasi ta b\u00ebni k\u00ebt\u00eb, sigurohuni q\u00eb ta rimbushni n\u00ebn drit\u00ebn e h\u00ebn\u00ebs gjat\u00eb nat\u00ebs ose p\u00ebr 2 net\u00eb me radh\u00eb.<\/p>\n","protected":false},"excerpt":{"rendered":"<p>&nbsp;<\/p>\n<p>&nbsp;<\/p>\n","protected":false},"featured_media":8751,"comment_status":"closed","ping_status":"closed","template":"","meta":[],"product_brand":[],"product_cat":[2369,2405,2372,2293,2370,2358,2309,2378,2327,2310,2365,2367,2297,2354,2359,2368,2352,2308,2404],"product_tag":[],"class_list":{"0":"post-3826","1":"product","2":"type-product","3":"status-publish","4":"has-post-thumbnail","6":"product_cat-akrepi-sq","7":"product_cat-blej-sipas","8":"product_cat-blej-sipas-ngjyres","9":"product_cat-decorations-sq","10":"product_cat-demi","11":"product_cat-force-stabilitet","12":"product_cat-fyti","13":"product_cat-gri","14":"product_cat-labradorite-sq","15":"product_cat-llojet-e-gurve-te-cmuar","16":"product_cat-luani","17":"product_cat-peshqit","18":"product_cat-sfera-kristalesh","19":"product_cat-shendet-balans","20":"product_cat-shenjat-e-horoskopit","21":"product_cat-shigjetari","22":"product_cat-qellim","23":"product_cat-syri-i-trete","24":"product_cat-zona-e-cakres","26":"first","27":"outofstock","28":"shipping-taxable","29":"product-type-variable"},"_links":{"self":[{"href":"https:\/\/tinacrystals.com\/sq\/wp-json\/wp\/v2\/product\/3826","targetHints":{"allow":["GET"]}}],"collection":[{"href":"https:\/\/tinacrystals.com\/sq\/wp-json\/wp\/v2\/product"}],"about":[{"href":"https:\/\/tinacrystals.com\/sq\/wp-json\/wp\/v2\/types\/product"}],"replies":[{"embeddable":true,"href":"https:\/\/tinacrystals.com\/sq\/wp-json\/wp\/v2\/comments?post=3826"}],"wp:featuredmedia":[{"embeddable":true,"href":"https:\/\/tinacrystals.com\/sq\/wp-json\/wp\/v2\/media\/8751"}],"wp:attachment":[{"href":"https:\/\/tinacrystals.com\/sq\/wp-json\/wp\/v2\/media?parent=3826"}],"wp:term":[{"taxonomy":"product_brand","embeddable":true,"href":"https:\/\/tinacrystals.com\/sq\/wp-json\/wp\/v2\/product_brand?post=3826"},{"taxonomy":"product_cat","embeddable":true,"href":"https:\/\/tinacrystals.com\/sq\/wp-json\/wp\/v2\/product_cat?post=3826"},{"taxonomy":"product_tag","embeddable":true,"href":"https:\/\/tinacrystals.com\/sq\/wp-json\/wp\/v2\/product_tag?post=3826"}],"curies":[{"name":"wp","href":"https:\/\/api.w.org\/{rel}","templated":true}]}}