{"id":3850,"date":"2021-11-18T09:54:31","date_gmt":"2021-11-24T08:35:32","guid":{"rendered":"https:\/\/www.naturalgemstoneshop.com\/product\/sferea-e-obsidianit-te-zi-2\/"},"modified":"2022-05-12T10:53:56","modified_gmt":"2022-05-12T08:53:56","slug":"black-obsidian-sphere-2-2","status":"publish","type":"product","link":"https:\/\/tinacrystals.com\/sq\/product\/black-obsidian-sphere-2-2\/","title":{"rendered":"Obsidianit i Zi Sfer\u00eb"},"content":{"rendered":"<p><strong>CFARE \u00cbSHT\u00cb SFERA E OBSIDIANIT?<\/strong><\/p>\n<p>Ndryshe nga kristalet tjera, sferat obsidiane lejojn\u00eb q\u00eb energjia t\u00eb rrezatoj\u00eb nga t\u00eb gjitha an\u00ebt. Pra, nuk ka asnj\u00eb pik\u00eb t\u00eb drejtp\u00ebrdrejt\u00eb nga vjen energjia!<br \/>\nKy top kristal klasik jo vet\u00ebm q\u00eb do t\u00eb shtoj\u00eb eleganc\u00ebn n\u00eb \u00e7do vend q\u00eb mund t\u00eb vendosni, por do t\u00eb ket\u00eb efekte t\u00eb ndryshme pozitive n\u00eb jet\u00ebn tuaj dhe gjithashtu mund t\u00eb p\u00ebrdoret si nj\u00eb dhurat\u00eb p\u00ebr evenimente t\u00eb ndryshme.<\/p>\n<p><strong>P\u00cbR \u00c7FAR\u00cb P\u00cbRDOREN SFERAT E OBSIDIAN\u00cbVE?<\/strong><\/p>\n<p>Obsidieni i zi njihet si nj\u00eb gur i fuqish\u00ebm p\u00ebr mbrojtjen dhe nxjerrjen n\u00eb sip\u00ebrfaqe t\u00eb s\u00eb v\u00ebrtet\u00ebs, ai pastron atmosfer\u00ebn nga energjit\u00eb negative, i vendos forcat shpirt\u00ebrore n\u00eb rrafshin fizik dhe si rezultat i k\u00ebsaj ju mund t\u00eb manifestoni energjit\u00eb shpirt\u00ebrore n\u00eb tok\u00eb.<br \/>\nN\u00ebse e p\u00ebrdor k\u00ebt\u00eb gur, mendja jote do t\u00eb nxjerr\u00eb n\u00eb sip\u00ebrfaqe t\u00eb gjitha mosbalancimet dhe an\u00ebn e err\u00ebt t\u00eb tuaj\u00ebn p\u00ebr t&#8217;ju \u00e7liruar . Gjithashtu, do ta rris\u00eb vet\u00ebp\u00ebrmbatjen tuaj, do ta zmbraps\u00eb negativitetin dhe do t&#8217;ju mb\u00ebshtes\u00eb gjat\u00eb \u00e7do ndryshimi q\u00eb mund t\u00eb kaloni.<\/p>\n<p><strong>K\u00cbSHILLA RRETH KRISTALIT<\/strong><\/p>\n<p>Nese jeni n\u00eb faz\u00ebn e sherimit siguroni nj\u00eb vend q\u00eb ta keni pran\u00eb gjat\u00eb gjith\u00eb kohes. Vendi m\u00eb i mir\u00eb p\u00ebr t\u00eb pasur kristalin \u00ebsht\u00eb sip\u00ebr nj\u00eb rafti, tavoline apo stene, thjesht mos e lini t\u00eb shtrir\u00eb n\u00eb dysheme ose n\u00eb \u00e7do vend q\u00eb mund t\u00eb lihet pas dore.<br \/>\nNj\u00eb vend tjet\u00ebr i mire p\u00ebr vendosjen e sfer\u00ebs \u00ebsht\u00eb af\u00ebr korniz\u00ebs s\u00eb der\u00ebs suaj k\u00ebshtu q\u00eb filtron energjin\u00eb negative q\u00eb hyn n\u00eb hap\u00ebsir\u00ebn tuaj ose lereni pran\u00eb dritares n\u00eb m\u00ebnyr\u00eb q\u00eb t\u00eb mund t\u00eb energjizohet vazhdimisht dhe t\u00eb punoj\u00eb me kapacitetin e saj m\u00eb t\u00eb mir\u00eb.<\/p>\n<p>Kini kujdes q\u00eb ta pastroni rregullisht n\u00eb m\u00ebnyr\u00eb q\u00eb t\u00eb heq\u00eb energjin\u00eb negative rreth hap\u00ebsir\u00ebs suaj, lajeni me uj\u00eb t\u00eb rrjedhsh\u00ebm, ose me uj\u00eb t\u00eb kripur dhe pas k\u00ebsaj l\u00ebreni n\u00eb nj\u00eb vend me diell ose n\u00ebn drit\u00ebn e h\u00ebn\u00ebs p\u00ebr 15 minuta p\u00ebr ta fuqizuar p\u00ebrs\u00ebri.<\/p>\n<p><strong>HOROSKOPI :<\/strong><\/p>\n<p>-Akrepi<br \/>\n-Dashi<br \/>\n-Shigjetari<br \/>\n-Bricjapi<\/p>\n<p><strong>VENDI I CHAKRAVE:<\/strong><\/p>\n<p>-Rrenje<\/p>\n<p><strong>M\u00cb E MIR\u00cb P\u00cbR :<\/strong><\/p>\n<p>-Vet\u00ebkontrolli dhe vet\u00eb-reflektimi<br \/>\n-Ndihmon gjat\u00eb traumave, tronditjeve apo sulmeve t\u00eb ankthit<br \/>\n&#8211; Mbrojtje dhe rritje<br \/>\n&#8211; Heq dhimbjen etj.<\/p>\n","protected":false},"excerpt":{"rendered":"<p>&nbsp;<\/p>\n<p>Cmim\/Gram: 0.09 euro<\/p>\n<p>Pesha: 400 grams<\/p>\n<p>Diameter: \u2300- 68 mm\/ 6.8 cm<\/p>\n","protected":false},"featured_media":3816,"comment_status":"open","ping_status":"closed","template":"","meta":[],"product_brand":[],"product_cat":[2650],"product_tag":[],"class_list":{"0":"post-3850","1":"product","2":"type-product","3":"status-publish","4":"has-post-thumbnail","6":"product_cat-gjeth","8":"first","9":"instock","10":"shipping-taxable","11":"purchasable","12":"product-type-simple"},"_links":{"self":[{"href":"https:\/\/tinacrystals.com\/sq\/wp-json\/wp\/v2\/product\/3850","targetHints":{"allow":["GET"]}}],"collection":[{"href":"https:\/\/tinacrystals.com\/sq\/wp-json\/wp\/v2\/product"}],"about":[{"href":"https:\/\/tinacrystals.com\/sq\/wp-json\/wp\/v2\/types\/product"}],"replies":[{"embeddable":true,"href":"https:\/\/tinacrystals.com\/sq\/wp-json\/wp\/v2\/comments?post=3850"}],"wp:featuredmedia":[{"embeddable":true,"href":"https:\/\/tinacrystals.com\/sq\/wp-json\/wp\/v2\/media\/3816"}],"wp:attachment":[{"href":"https:\/\/tinacrystals.com\/sq\/wp-json\/wp\/v2\/media?parent=3850"}],"wp:term":[{"taxonomy":"product_brand","embeddable":true,"href":"https:\/\/tinacrystals.com\/sq\/wp-json\/wp\/v2\/product_brand?post=3850"},{"taxonomy":"product_cat","embeddable":true,"href":"https:\/\/tinacrystals.com\/sq\/wp-json\/wp\/v2\/product_cat?post=3850"},{"taxonomy":"product_tag","embeddable":true,"href":"https:\/\/tinacrystals.com\/sq\/wp-json\/wp\/v2\/product_tag?post=3850"}],"curies":[{"name":"wp","href":"https:\/\/api.w.org\/{rel}","templated":true}]}}