{"id":3867,"date":"2021-11-18T09:48:28","date_gmt":"2021-11-24T08:43:27","guid":{"rendered":"https:\/\/www.naturalgemstoneshop.com\/product\/kristal-aura-i-bismuthit-2\/"},"modified":"2022-07-07T11:12:39","modified_gmt":"2022-07-07T09:12:39","slug":"bismuth-ore-aura-crystal-cluster-2-2","status":"publish","type":"product","link":"https:\/\/tinacrystals.com\/sq\/product\/bismuth-ore-aura-crystal-cluster-2-2\/","title":{"rendered":"Aura e Bismuthit Kristal"},"content":{"rendered":"<p><strong>HOROSKOPI<\/strong>: Ujori<br \/>\n<strong>CHAKRA<\/strong>: Punon me t\u00eb gjith\u00eb<\/p>\n<p><strong><em>Bismuthi<\/em><\/strong> I jep kuptimin dhe qart\u00ebsi vizionit te s\u00eb ardhmes.<\/p>\n<p><strong><br \/>\n<em>Sh\u00ebrimi shpirt\u00ebror:<\/em><\/strong><\/p>\n<p>Bismuth \u00ebsht\u00eb nj\u00eb gur q\u00eb rrit p\u00ebrqendrimin dhe aft\u00ebsin\u00eb p\u00ebr t\u00eb vizualizuar gj\u00ebrat gjat\u00eb udh\u00ebtimeve shamanike.<\/p>\n<p>\u00cbsht\u00eb gjithashtu nj\u00eb kristal i mir\u00eb p\u00ebr t\u00eb ofruar besimin shpirt\u00ebror dhe ndjenj\u00ebn e siguris\u00eb n\u00eb momentet m\u00eb t\u00eb v\u00ebshtira t\u00eb jet\u00ebs suaj.<\/p>\n<p><strong><br \/>\n<em>Sh\u00ebrimi fizik:<\/em><\/strong><\/p>\n<p>Bismuthi ka potencialin p\u00ebr t\u00eb pastruar shqet\u00ebsimin fizik nga shpirti.<\/p>\n<p>Energjit\u00eb e k\u00ebtij kristali forcojn\u00eb sistemin imunitar duke detoksifikuar gjakun dhe en\u00ebt e gjakut.<\/p>\n<p>\u00cbsht\u00eb shum\u00eb e njohur q\u00eb inkorporon vitaminat A, B dhe E.<\/p>\n<p><strong><br \/>\n<em>Sh\u00ebrimi emocional:<\/em><\/strong><\/p>\n<p>Vibrimi i k\u00ebtij kristali \u00a0ndihmon p\u00ebr t\u00eb p\u00ebrjetuar ndryshimin dhe p\u00ebr t\u00eb trajtuar me qet\u00ebsi situatat shqet\u00ebsuese t\u00eb jet\u00ebs.<\/p>\n<p>E lejon shpirtin t\u00eb jet\u00eb i qet\u00eb dhe i motivuar p\u00ebr t\u00eb arritur rezultatet e d\u00ebshiruara, pavar\u00ebsisht se \u00e7far\u00eb tregon rruga.<\/p>\n<p>Ajo ka prosperitetin p\u00ebr t\u00eb hapur mendjen e dikujt p\u00ebr t\u00eb pranuar g\u00ebzimin n\u00eb jet\u00eb dhe \u00e7liron energjit\u00eb e d\u00ebmshme.<\/p>\n<p><strong><br \/>\n<em>Pastrimi dhe rimbushja:<\/em><\/strong><\/p>\n<p>Sigurohuni q\u00eb ta pastroni kristalin vet\u00ebm kur \u00ebsht\u00eb e nevojshme dhe me shum\u00eb but\u00ebsi. Shmangni nxeht\u00ebsin\u00eb, kimikatet e forta dhe ujin e nxeht\u00eb sepse mund t\u00eb shkrihet. P\u00ebrdorni vet\u00ebm uj\u00eb t\u00eb ngroht\u00eb rubineti ose izopropil.<\/p>\n<p>P\u00ebr t\u00eb rimbushur Bismuthin, mund t\u00eb p\u00ebrdorni \u00e7do metod\u00eb p\u00ebrve\u00e7se ta lagni. Faktori kryesor p\u00ebr t\u00eb rimbushur kristalin \u00ebsht\u00eb q\u00ebllimi juaj, sigurohuni q\u00eb t\u00eb keni gjithmon\u00eb q\u00ebllime t\u00eb pastra. Flisni but\u00ebsisht me kristalin p\u00ebr t\u00eb ndjer\u00eb m\u00eb shum\u00eb aft\u00ebsit\u00eb e tij.<\/p>\n","protected":false},"excerpt":{"rendered":"<p>&nbsp;<\/p>\n<p>\u00c7mimi\/Gram: 0.16 euro<\/p>\n<p>pesha: 575 grams<\/p>\n<p>Diameter: \u2300- 110mm\/ 11 cm<\/p>\n","protected":false},"featured_media":8973,"comment_status":"open","ping_status":"closed","template":"","meta":[],"product_brand":[],"product_cat":[2795,2405,2372,2355,2293,2309,2444,2303,2310,2353,2298,2307,2305,2306,2359,2380,2352,2308,2360,2304,2404],"product_tag":[],"class_list":{"0":"post-3867","1":"product","2":"type-product","3":"status-publish","4":"has-post-thumbnail","6":"product_cat-bismuth-sq","7":"product_cat-blej-sipas","8":"product_cat-blej-sipas-ngjyres","9":"product_cat-dashuri-harmoni","10":"product_cat-decorations-sq","11":"product_cat-fyti","12":"product_cat-kristal-geode-kllaster","13":"product_cat-kurora","14":"product_cat-llojet-e-gurve-te-cmuar","15":"product_cat-lumturi-vetebesim","16":"product_cat-kristale-minerale","17":"product_cat-pleksusi-diellor","18":"product_cat-rrenja","19":"product_cat-sakrale","20":"product_cat-shenjat-e-horoskopit","21":"product_cat-shumengjyresh","22":"product_cat-qellim","23":"product_cat-syri-i-trete","24":"product_cat-ujori","25":"product_cat-zemra","26":"product_cat-zona-e-cakres","28":"first","29":"instock","30":"shipping-taxable","31":"purchasable","32":"product-type-simple"},"_links":{"self":[{"href":"https:\/\/tinacrystals.com\/sq\/wp-json\/wp\/v2\/product\/3867","targetHints":{"allow":["GET"]}}],"collection":[{"href":"https:\/\/tinacrystals.com\/sq\/wp-json\/wp\/v2\/product"}],"about":[{"href":"https:\/\/tinacrystals.com\/sq\/wp-json\/wp\/v2\/types\/product"}],"replies":[{"embeddable":true,"href":"https:\/\/tinacrystals.com\/sq\/wp-json\/wp\/v2\/comments?post=3867"}],"wp:featuredmedia":[{"embeddable":true,"href":"https:\/\/tinacrystals.com\/sq\/wp-json\/wp\/v2\/media\/8973"}],"wp:attachment":[{"href":"https:\/\/tinacrystals.com\/sq\/wp-json\/wp\/v2\/media?parent=3867"}],"wp:term":[{"taxonomy":"product_brand","embeddable":true,"href":"https:\/\/tinacrystals.com\/sq\/wp-json\/wp\/v2\/product_brand?post=3867"},{"taxonomy":"product_cat","embeddable":true,"href":"https:\/\/tinacrystals.com\/sq\/wp-json\/wp\/v2\/product_cat?post=3867"},{"taxonomy":"product_tag","embeddable":true,"href":"https:\/\/tinacrystals.com\/sq\/wp-json\/wp\/v2\/product_tag?post=3867"}],"curies":[{"name":"wp","href":"https:\/\/api.w.org\/{rel}","templated":true}]}}