{"id":3876,"date":"2021-11-18T09:41:39","date_gmt":"2021-11-24T08:45:55","guid":{"rendered":"https:\/\/www.naturalgemstoneshop.com\/product\/kulle-seleniti-2\/"},"modified":"2022-07-07T11:12:59","modified_gmt":"2022-07-07T09:12:59","slug":"selenite-tower-2","status":"publish","type":"product","link":"https:\/\/tinacrystals.com\/sq\/product\/selenite-tower-2\/","title":{"rendered":"Selenit Kull\u00eb"},"content":{"rendered":"<p><strong>HOROSKOPI<\/strong>: Demi, Gaforrja<br \/>\n<strong>CHAKRA<\/strong>: Kurora, Syri i Tret\u00eb<\/p>\n<p>Ky kristal i mahnitsh\u00ebm sjell pozitivitet n\u00eb \u00e7do hap\u00ebsir\u00eb \u200b\u200bku mund ta mbani, k\u00ebshtu q\u00eb mbajeni gjithmon\u00eb n\u00eb vendet ku ka negativitet.<\/p>\n<p><strong><em><br \/>\nSh\u00ebrimi shpirt\u00ebror:<\/em><\/strong><\/p>\n<p>Seleniti sjell drit\u00ebn hyjnore n\u00eb gjith\u00e7ka q\u00eb prek dhe stimulon q\u00eb t\u00eb keni qart\u00ebsi n\u00eb mendim.<\/p>\n<p>Mund t\u00eb ndihmoj\u00eb dik\u00eb t\u00eb lidhet me men\u00e7urin\u00eb dhe njohurin\u00eb e lasht\u00eb.<\/p>\n<p><strong><em><br \/>\nSh\u00ebrimi fizik:<\/em><\/strong><\/p>\n<p>Seleniti mund t\u00eb p\u00ebrdoret si nj\u00eb nxitje p\u00ebr rinin\u00eb dhe vitalitetin, dhe p\u00ebr t\u00eb ndihmuar n\u00eb zgjatjen e jet\u00ebgjat\u00ebsis\u00eb s\u00eb dikujt.<\/p>\n<p>Seleniti gjithashtu forcon struktur\u00ebn kryesore fizike duke promovuar fleksibilitetin brenda sistemit muskulor, si dhe duke mb\u00ebshtetur kockat, nervat dhe tendinat.<\/p>\n<p><strong><em><br \/>\nSh\u00ebrimi emocional:<\/em><\/strong><\/p>\n<p>Seleniti mund t\u00eb p\u00ebrdoret p\u00ebr t\u00eb qet\u00ebsuar dhe stabilizuar emocionet e \u00e7rregullta dhe p\u00ebr t\u00eb hequr konfuzionin, ndjenjat e pamjaftueshm\u00ebris\u00eb, xhelozin\u00eb ose forma t\u00eb tjera negativiteti.<\/p>\n<p><strong><em><br \/>\nPastroni dhe rimbushni<\/em><\/strong><strong><em>:<\/em><\/strong><\/p>\n<p>P\u00ebr t\u00eb pastruar selenitin, vendoseni n\u00ebn ujin e rubinetit p\u00ebr 5 sekonda! Dhe m\u00eb pas thajeni me nj\u00eb leck\u00eb t\u00eb but\u00eb.<\/p>\n<p>Vendosja e gur\u00ebve t\u00eb rinj sip\u00ebr selenitit (pavar\u00ebsisht form\u00ebs s\u00eb selenitit) p\u00ebr t\u00eb pakt\u00ebn gjasht\u00eb or\u00eb \u00ebsht\u00eb nj\u00eb m\u00ebnyr\u00eb e mrekullueshme p\u00ebr t&#8217;i pastruar dhe rimbushur ato.<\/p>\n","protected":false},"excerpt":{"rendered":"<p>\u00c7mim\/gram: 0.19 euro<\/p>\n<p>Pesha: 253 grams<\/p>\n<p>Dimensionet: 4&#215;11.8&#215;3.3 cm<\/p>\n","protected":false},"featured_media":9024,"comment_status":"open","ping_status":"closed","template":"","meta":[],"product_brand":[],"product_cat":[2385,2405,2372,2355,2293,2370,2362,2299,2303,2310,2357,2298,2801,2359,2352,2308,2404],"product_tag":[],"class_list":{"0":"post-3876","1":"product","2":"type-product","3":"status-publish","4":"has-post-thumbnail","6":"product_cat-bardhe","7":"product_cat-blej-sipas","8":"product_cat-blej-sipas-ngjyres","9":"product_cat-dashuri-harmoni","10":"product_cat-decorations-sq","11":"product_cat-demi","12":"product_cat-gaforrja","13":"product_cat-kulla-kristalesh","14":"product_cat-kurora","15":"product_cat-llojet-e-gurve-te-cmuar","16":"product_cat-mbrotje-paqe","17":"product_cat-kristale-minerale","18":"product_cat-selenit","19":"product_cat-shenjat-e-horoskopit","20":"product_cat-qellim","21":"product_cat-syri-i-trete","22":"product_cat-zona-e-cakres","24":"first","25":"instock","26":"shipping-taxable","27":"purchasable","28":"product-type-simple"},"_links":{"self":[{"href":"https:\/\/tinacrystals.com\/sq\/wp-json\/wp\/v2\/product\/3876","targetHints":{"allow":["GET"]}}],"collection":[{"href":"https:\/\/tinacrystals.com\/sq\/wp-json\/wp\/v2\/product"}],"about":[{"href":"https:\/\/tinacrystals.com\/sq\/wp-json\/wp\/v2\/types\/product"}],"replies":[{"embeddable":true,"href":"https:\/\/tinacrystals.com\/sq\/wp-json\/wp\/v2\/comments?post=3876"}],"wp:featuredmedia":[{"embeddable":true,"href":"https:\/\/tinacrystals.com\/sq\/wp-json\/wp\/v2\/media\/9024"}],"wp:attachment":[{"href":"https:\/\/tinacrystals.com\/sq\/wp-json\/wp\/v2\/media?parent=3876"}],"wp:term":[{"taxonomy":"product_brand","embeddable":true,"href":"https:\/\/tinacrystals.com\/sq\/wp-json\/wp\/v2\/product_brand?post=3876"},{"taxonomy":"product_cat","embeddable":true,"href":"https:\/\/tinacrystals.com\/sq\/wp-json\/wp\/v2\/product_cat?post=3876"},{"taxonomy":"product_tag","embeddable":true,"href":"https:\/\/tinacrystals.com\/sq\/wp-json\/wp\/v2\/product_tag?post=3876"}],"curies":[{"name":"wp","href":"https:\/\/api.w.org\/{rel}","templated":true}]}}