{"id":3893,"date":"2021-11-18T09:38:00","date_gmt":"2021-11-24T08:59:57","guid":{"rendered":"https:\/\/www.naturalgemstoneshop.com\/product\/sfere-e-fluoritit-te-ylberit-3\/"},"modified":"2022-05-12T10:58:14","modified_gmt":"2022-05-12T08:58:14","slug":"rainbow-fluorite-slice-3","status":"publish","type":"product","link":"https:\/\/tinacrystals.com\/sq\/product\/rainbow-fluorite-slice-3\/","title":{"rendered":"Fluoriti Ylberit Filet\u00eb"},"content":{"rendered":"<p><strong>FILETA E FLUORITIT T\u00cb YLBERIT<\/strong><\/p>\n<p>Fluoriti I Ylberit p\u00ebrmban ngjyrat m\u00eb t\u00eb bukura n\u00eb nj\u00eb vend, \u00e7do pjes\u00eb p\u00ebrmban ve\u00e7antin\u00eb dhe bukurin\u00eb e saj. Guri rrezaton qet\u00ebsi dhe ju b\u00ebn t\u00eb ndiheni m\u00eb t\u00eb relaksuar vet\u00ebm duke e par\u00eb.<\/p>\n<p>Thuhet se ky gur lidhet me t\u00eb gjitha 7 \u00e7akrat, \u00ebsht\u00eb nj\u00eb barazues i shk\u00eblqyesh\u00ebm emocional dhe ju kthen n\u00eb ekuilib\u00ebr. Ky gur t\u00ebrheq pozitivitetin dhe ju pastron mendjen nga mendime t\u00eb par\u00ebnd\u00ebsishme, do t&#8217;ju mund\u00ebsoj t\u00eb jeni m\u00eb t\u00eb mir\u00ebkuptuesh\u00ebm n\u00eb aspektin se si i shihni gj\u00ebrat.<\/p>\n<p><strong>Si t\u00eb p\u00ebrdorni kristalin?<\/strong><\/p>\n<p>P\u00ebr k\u00ebt\u00eb kristal, si t\u00eb tjer\u00ebt, duhet t\u00eb kujdeseni, prandaj sigurohuni q\u00eb ta shtoni n\u00eb nj\u00eb hap\u00ebsir\u00eb ku kaloni shum\u00eb koh\u00eb. Kushtojini shum\u00eb v\u00ebmendje kristalit q\u00eb t\u00eb mund t\u00eb lidheni me fuqit\u00eb e tij dhe do t&#8217;ju mund\u00ebsoj t\u00eb shihni rezultatet m\u00eb shpejt.<\/p>\n<p>Kjo cop\u00eb fluoriti t\u00eb ylberit jo vet\u00ebm q\u00eb \u00ebsht\u00eb nj\u00eb opsion i shk\u00eblqyer p\u00ebr dekor dhe p\u00ebr q\u00ebllime meditimi ose manifestimi, por \u00ebsht\u00eb gjithashtu i p\u00ebrsosur si nj\u00eb opsioni dhurat\u00eb p\u00ebr miqt\u00eb, familjen ose t\u00eb dashurit.<\/p>\n<p><strong>Si t\u00eb pastroni dhe rimbushni kristalin?<\/strong><\/p>\n<p>\u00c7do kristal duhet mir\u00ebmbajtur duke e pastruar dhe rimbushur vazhdimisht. Mbajeni cop\u00ebn gjat\u00eb nat\u00ebs n\u00ebn h\u00ebn\u00ebn e plot\u00eb p\u00ebr tu rikarikuar dhe funksionimi i saj t\u00eb jet\u00eb m\u00eb i efektsh\u00ebm.<\/p>\n<p><strong>Zonat \u00c7akra:<\/strong><\/p>\n<p>-Zemra<\/p>\n<p>-Syri i Tret\u00eb<\/p>\n<p>-Fyti<\/p>\n<p><strong>Horoskopi:<\/strong><\/p>\n<p>-Bricjapi<\/p>\n<p>-Peshqit<\/p>\n<p>&nbsp;<\/p>\n<p>&nbsp;<\/p>\n","protected":false},"excerpt":{"rendered":"<p>\u00c7mimi\/gram: 0.155 euro<\/p>\n<p>pesha: 190 grams<\/p>\n<p>Dimensionet: 7.3&#215;11.5&#215;1.2 cm<\/p>\n<p>&nbsp;<\/p>\n","protected":false},"featured_media":3894,"comment_status":"open","ping_status":"closed","template":"","meta":[],"product_brand":[],"product_cat":[2298],"product_tag":[],"class_list":{"0":"post-3893","1":"product","2":"type-product","3":"status-publish","4":"has-post-thumbnail","6":"product_cat-kristale-minerale","8":"first","9":"instock","10":"shipping-taxable","11":"purchasable","12":"product-type-variable"},"_links":{"self":[{"href":"https:\/\/tinacrystals.com\/sq\/wp-json\/wp\/v2\/product\/3893","targetHints":{"allow":["GET"]}}],"collection":[{"href":"https:\/\/tinacrystals.com\/sq\/wp-json\/wp\/v2\/product"}],"about":[{"href":"https:\/\/tinacrystals.com\/sq\/wp-json\/wp\/v2\/types\/product"}],"replies":[{"embeddable":true,"href":"https:\/\/tinacrystals.com\/sq\/wp-json\/wp\/v2\/comments?post=3893"}],"wp:featuredmedia":[{"embeddable":true,"href":"https:\/\/tinacrystals.com\/sq\/wp-json\/wp\/v2\/media\/3894"}],"wp:attachment":[{"href":"https:\/\/tinacrystals.com\/sq\/wp-json\/wp\/v2\/media?parent=3893"}],"wp:term":[{"taxonomy":"product_brand","embeddable":true,"href":"https:\/\/tinacrystals.com\/sq\/wp-json\/wp\/v2\/product_brand?post=3893"},{"taxonomy":"product_cat","embeddable":true,"href":"https:\/\/tinacrystals.com\/sq\/wp-json\/wp\/v2\/product_cat?post=3893"},{"taxonomy":"product_tag","embeddable":true,"href":"https:\/\/tinacrystals.com\/sq\/wp-json\/wp\/v2\/product_tag?post=3893"}],"curies":[{"name":"wp","href":"https:\/\/api.w.org\/{rel}","templated":true}]}}