{"id":3906,"date":"2021-11-18T09:17:14","date_gmt":"2021-11-24T09:09:07","guid":{"rendered":"https:\/\/www.naturalgemstoneshop.com\/product\/fosilet-e-amonitit-2\/"},"modified":"2022-05-12T10:58:39","modified_gmt":"2022-05-12T08:58:39","slug":"ammonite-fossil-coaster-2","status":"publish","type":"product","link":"https:\/\/tinacrystals.com\/sq\/product\/ammonite-fossil-coaster-2\/","title":{"rendered":"Amonit Fosili Pjata &#8211; 2"},"content":{"rendered":"<p><strong>FOSILET E AMONITIT &#8211; Pjata<\/strong><\/p>\n<p>Fosilet amonite jan\u00eb fosilet m\u00eb t\u00eb njohura n\u00eb bot\u00eb. Ato jan\u00eb fosile t\u00eb nj\u00eb kafshe detare t\u00eb zhdukur. Vet\u00ebm duke par\u00eb form\u00ebn e tyre unike mund t\u00eb v\u00ebrejm\u00eb se ato jan\u00eb nj\u00eb gur q\u00eb simbolizon ndryshimin dhe l\u00ebvizjet pozitive.<\/p>\n<p>Ky gur i fuqish\u00ebm mund t&#8217;ju ndihmoj\u00eb t\u00eb kaloni \u00e7do v\u00ebshtir\u00ebsi q\u00eb mund t\u00eb kaloni. Ai e shnd\u00ebrron energjin\u00eb e keqe p\u00ebrreth jush n\u00eb nj\u00eb gur pozitiv, gjithashtu shum\u00eb pastrues dhe energjik.<\/p>\n<p><strong>Si ti p\u00ebrdor\u00ebsh pjatat?<\/strong><\/p>\n<p>N\u00ebse d\u00ebshironi t\u00eb shtoni nj\u00eb prekje luksi dhe unike n\u00eb dekorin e sht\u00ebpis\u00eb ose zyr\u00ebs tuaj, at\u00ebher\u00eb k\u00ebto slit\u00eb jan\u00eb zgjidhja m\u00eb e mir\u00eb q\u00eb mund t\u00eb b\u00ebni. Stili i tyre me atmosfer\u00eb t\u00eb lart\u00eb dhe energji sh\u00ebruese jo vet\u00ebm q\u00eb do t&#8217;ju p\u00ebrfitoj\u00eb nga fuqit\u00eb e tyre, por gjithashtu do ta b\u00ebj\u00eb pirjen e nj\u00eb kafeje ose \u00e7aj n\u00eb to nj\u00eb p\u00ebrvoj\u00eb shum\u00eb m\u00eb t\u00eb mir\u00eb.<\/p>\n<p>Ato jan\u00eb gjithashtu nj\u00eb zgjedhje e shk\u00eblqyer si dhurat\u00eb p\u00ebr njer\u00ebzit e af\u00ebrt, familjen ose miqt\u00eb q\u00eb keni.<\/p>\n<p><strong> Si t\u00eb kujdesemi p\u00ebr kristalet?<\/strong><\/p>\n<p>Gur\u00ebt mund t\u00eb jen\u00eb t\u00eb brisht\u00eb, k\u00ebshtu q\u00eb \u00ebsht\u00eb m\u00eb e mira p\u00ebr t&#8217;i pastruar me uj\u00eb t\u00eb vak\u00ebt dhe sapun t\u00eb but\u00eb. Pas k\u00ebsaj, thajeni bregdetin me nj\u00eb leck\u00eb t\u00eb but\u00eb dhe mos shtoni asgj\u00eb tjet\u00ebr.<\/p>\n<p>P\u00ebr t\u00eb mbushur fosilet mund t\u00eb p\u00ebrdorni muzik\u00eb ose nj\u00eb instrument zanesh dhe t&#8217;i lini vibrimet t\u00eb lidhen me fosilet, nd\u00ebrkoh\u00eb q\u00eb sigurohuni q\u00eb t\u00eb keni q\u00ebllime pozitive. Mund ta kesh edhe fosilen n\u00ebn drit\u00ebn e diellit p\u00ebr disa minuta ose t\u00eb m\u00eb mbushesh me tym t\u00eb urt\u00eb.<\/p>\n<p><strong>Horoskopi:<\/strong><\/p>\n<p>-Gaforja<\/p>\n<p><strong>\u00c7akra:<\/strong><\/p>\n<p>-Toka dhe baza<\/p>\n","protected":false},"excerpt":{"rendered":"<p>Cmimi\/gram: 0.30 euro<\/p>\n<p>Pesha: 140 grams<\/p>\n<p>Diameter: \u00f8 &#8211; 11 cm<\/p>\n<p>&nbsp;<\/p>\n","protected":false},"featured_media":3907,"comment_status":"open","ping_status":"closed","template":"","meta":[],"product_brand":[],"product_cat":[2650],"product_tag":[],"class_list":{"0":"post-3906","1":"product","2":"type-product","3":"status-publish","4":"has-post-thumbnail","6":"product_cat-gjeth","8":"first","9":"instock","10":"shipping-taxable","11":"purchasable","12":"product-type-simple"},"_links":{"self":[{"href":"https:\/\/tinacrystals.com\/sq\/wp-json\/wp\/v2\/product\/3906","targetHints":{"allow":["GET"]}}],"collection":[{"href":"https:\/\/tinacrystals.com\/sq\/wp-json\/wp\/v2\/product"}],"about":[{"href":"https:\/\/tinacrystals.com\/sq\/wp-json\/wp\/v2\/types\/product"}],"replies":[{"embeddable":true,"href":"https:\/\/tinacrystals.com\/sq\/wp-json\/wp\/v2\/comments?post=3906"}],"wp:featuredmedia":[{"embeddable":true,"href":"https:\/\/tinacrystals.com\/sq\/wp-json\/wp\/v2\/media\/3907"}],"wp:attachment":[{"href":"https:\/\/tinacrystals.com\/sq\/wp-json\/wp\/v2\/media?parent=3906"}],"wp:term":[{"taxonomy":"product_brand","embeddable":true,"href":"https:\/\/tinacrystals.com\/sq\/wp-json\/wp\/v2\/product_brand?post=3906"},{"taxonomy":"product_cat","embeddable":true,"href":"https:\/\/tinacrystals.com\/sq\/wp-json\/wp\/v2\/product_cat?post=3906"},{"taxonomy":"product_tag","embeddable":true,"href":"https:\/\/tinacrystals.com\/sq\/wp-json\/wp\/v2\/product_tag?post=3906"}],"curies":[{"name":"wp","href":"https:\/\/api.w.org\/{rel}","templated":true}]}}