{"id":3940,"date":"2021-11-18T08:53:53","date_gmt":"2021-11-24T09:24:33","guid":{"rendered":"https:\/\/www.naturalgemstoneshop.com\/product\/fosile-druri-te-petrifikuara-4\/"},"modified":"2022-05-12T11:28:50","modified_gmt":"2022-05-12T09:28:50","slug":"petrified-wood-fossil-4","status":"publish","type":"product","link":"https:\/\/tinacrystals.com\/sq\/product\/petrified-wood-fossil-4\/","title":{"rendered":"Fosile Druri t\u00eb Petrifikuara"},"content":{"rendered":"<p><strong>FOSILE DRURI T\u00cb PETRIFIKUARA<\/strong><\/p>\n<p>Deri m\u00eb sot ky lloj kristali njihet m\u00eb tep\u00ebr p\u00ebr qet\u00ebsim e emocionesh. T\u00eb keni k\u00ebt\u00eb gur pran\u00eb jush, stresi juaj do t\u00eb largohet bashk me frik\u00ebn. Do t&#8217;ju ndihmoj\u00eb t\u00eb gjeni p\u00ebrgjigjet p\u00ebr \u00e7do gj\u00eb q\u00eb k\u00ebrkoni dhe do t&#8217;ju mb\u00ebshtes\u00eb n\u00eb \u00e7do moment t\u00eb v\u00ebshtir\u00eb.<\/p>\n<p><strong>Si ta p\u00ebrdorni fosilin e drurit t\u00eb petifikuar?<\/strong><\/p>\n<p>N\u00ebse jetoni n\u00eb nj\u00eb mjedis me rrit\u00ebm t\u00eb shpejt\u00eb, shpesh ndjeni t\u00eb rraskapitur menderisht dhe emocionalisht dhe ju nevojitet t\u00eb gjeni rrug\u00eb p\u00ebr tu lidh me natyr\u00ebn. Ky gur \u00ebsht\u00eb unik dhe i njohur si simbol i lidhjes s\u00eb njeriut me natyren dhe \u00ebsht\u00eb nj\u00eb nd\u00ebr kristalet m\u00eb t\u00eb mira q\u00eb mund ta posedoni.<\/p>\n<p>Sjell\u00eb harmoni n\u00eb sht\u00ebpin\u00eb tuaj dhe nuk do t\u00eb jeni t\u00eb vetmit q\u00eb do t&#8217;i ndjeni fuqit\u00eb e saj, por \u00e7do person q\u00eb ec\u00ebn n\u00eb hap\u00ebsir\u00ebn tuaj do t&#8217;i ndjej\u00eb impaktet. Esht\u00eb nj\u00eb opsion i shk\u00eblqyesh\u00ebm si dhurat\u00eb p\u00ebr miqt\u00eb, familjen ose t\u00eb dashurit.<\/p>\n<p><strong>\u00c7akra:<\/strong><\/p>\n<p>-Baz\u00eb<\/p>\n<p>-Sakral<\/p>\n<p><strong> Horoskopi:<\/strong><\/p>\n<p>-shigjetari<\/p>\n<p>-akrepi<\/p>\n<p>-bricjapi<\/p>\n","protected":false},"excerpt":{"rendered":"<p>0.075 euro\/gram<\/p>\n<p>Pesha: 227 grams<\/p>\n<p>Dimensionet: 11 x8.5 x1.5 cm<\/p>\n","protected":false},"featured_media":3941,"comment_status":"open","ping_status":"closed","template":"","meta":[],"product_brand":[],"product_cat":[2298],"product_tag":[],"class_list":{"0":"post-3940","1":"product","2":"type-product","3":"status-publish","4":"has-post-thumbnail","6":"product_cat-kristale-minerale","8":"first","9":"instock","10":"shipping-taxable","11":"purchasable","12":"product-type-variable"},"_links":{"self":[{"href":"https:\/\/tinacrystals.com\/sq\/wp-json\/wp\/v2\/product\/3940","targetHints":{"allow":["GET"]}}],"collection":[{"href":"https:\/\/tinacrystals.com\/sq\/wp-json\/wp\/v2\/product"}],"about":[{"href":"https:\/\/tinacrystals.com\/sq\/wp-json\/wp\/v2\/types\/product"}],"replies":[{"embeddable":true,"href":"https:\/\/tinacrystals.com\/sq\/wp-json\/wp\/v2\/comments?post=3940"}],"wp:featuredmedia":[{"embeddable":true,"href":"https:\/\/tinacrystals.com\/sq\/wp-json\/wp\/v2\/media\/3941"}],"wp:attachment":[{"href":"https:\/\/tinacrystals.com\/sq\/wp-json\/wp\/v2\/media?parent=3940"}],"wp:term":[{"taxonomy":"product_brand","embeddable":true,"href":"https:\/\/tinacrystals.com\/sq\/wp-json\/wp\/v2\/product_brand?post=3940"},{"taxonomy":"product_cat","embeddable":true,"href":"https:\/\/tinacrystals.com\/sq\/wp-json\/wp\/v2\/product_cat?post=3940"},{"taxonomy":"product_tag","embeddable":true,"href":"https:\/\/tinacrystals.com\/sq\/wp-json\/wp\/v2\/product_tag?post=3940"}],"curies":[{"name":"wp","href":"https:\/\/api.w.org\/{rel}","templated":true}]}}