{"id":3993,"date":"2021-10-31T19:55:02","date_gmt":"2021-11-24T09:42:38","guid":{"rendered":"https:\/\/www.naturalgemstoneshop.com\/product\/molla-moss-agate\/"},"modified":"2022-05-12T11:29:46","modified_gmt":"2022-05-12T09:29:46","slug":"moss-agate-apple-2","status":"publish","type":"product","link":"https:\/\/tinacrystals.com\/sq\/product\/moss-agate-apple-2\/","title":{"rendered":"Agati Myshkur Moll\u00eb"},"content":{"rendered":"<p><strong>Molla Moss Agate<\/strong><\/p>\n<p>Moss Agate t\u00ebrheq pasuri dhe sukses. \u00cbsht\u00eb nj\u00eb gur q\u00eb hap fillime t\u00eb reja, sjell paqe t\u00eb brendshme dhe qet\u00ebson emocionet.<\/p>\n<p>Energjia e but\u00eb dhe ushqyese e k\u00ebtij guri rehabiliton trupin, mendjen dhe shpirtin, si dhe i qetson t\u00eb tre k\u00ebto pjes\u00eb jetike dhe ju lidh me natyr\u00ebn<\/p>\n<p>Si nj\u00eb gur q\u00eb sjell fillime t\u00eb reja, ajo t\u00ebrheq biznes t\u00eb ri dhe sukses si dhe zgjerim m\u00eb t\u00eb madh t\u00eb biznesit ekzistues.<\/p>\n<p>Mund ta v\u00ebsh rreth bim\u00ebve dhe thuhet se t\u00ebrheqin d\u00ebfrimet.<\/p>\n<p><strong>Si e p\u00ebrdorni kristalin?<\/strong><\/p>\n<p>Ky gur zbukuron \u00e7do vend dhe gjithashtu mund t\u00eb p\u00ebrdoret p\u00ebr t\u00eb b\u00ebr\u00eb bizhuteri dhe pjes\u00eb tjera dekorative.<\/p>\n<p>Moss Agate \u00ebsht\u00eb gjithashtu nj\u00eb gur shum\u00eb balancues, k\u00ebshtu q\u00eb vendosja e tij n\u00eb \u00e7do pjes\u00eb t\u00eb sht\u00ebpis\u00eb do siguroj q\u00eb disponimi t\u00eb ngelet pozitiv.<\/p>\n<p><strong>Si e karikoni k\u00ebt\u00eb kristal?<\/strong><\/p>\n<p>Moss Agate Apple duhet t\u00eb lihet n\u00eb prani t\u00eb gjelb\u00ebrimit nj\u00eb her\u00eb n\u00eb muaj.<\/p>\n<p><strong>\u00c7akra:<\/strong><\/p>\n<p>Baz\u00eb, Zem\u00ebr<\/p>\n<p><strong>Horoskopi<\/strong>:<\/p>\n<p>Virgjeresha<\/p>\n<p>&nbsp;<\/p>\n<p>&nbsp;<\/p>\n<p>&nbsp;<\/p>\n<p>&nbsp;<\/p>\n","protected":false},"excerpt":{"rendered":"<p>Kristale natyrore dhe gur\u00eb me nj\u00eb \u00e7mim nxit\u00ebs t\u00eb p\u00ebrfshir\u00eb me string\u00eb l\u00ebkure<br \/>\nKristalet natyrore dhe gur\u00ebt jan\u00eb sh\u00ebrues p\u00ebr trupin, mendjen dhe shpirtin tuaj. Ata mund t\u00eb ken\u00eb shum\u00eb efekte pozitive n\u00eb mbajt\u00ebsit e tyre.<\/p>\n","protected":false},"featured_media":3994,"comment_status":"open","ping_status":"closed","template":"","meta":[],"product_brand":[],"product_cat":[2401,2292,2405,2372,2429,2310,2357,2399,2395,2305,2359,2380,2352,2371,2304,2404],"product_tag":[],"class_list":{"0":"post-3993","1":"product","2":"type-product","3":"status-publish","4":"has-post-thumbnail","6":"product_cat-agate-sq","7":"product_cat-crystal-jewelry-sq","8":"product_cat-blej-sipas","9":"product_cat-blej-sipas-ngjyres","10":"product_cat-format","11":"product_cat-llojet-e-gurve-te-cmuar","12":"product_cat-mbrotje-paqe","13":"product_cat-molle","14":"product_cat-pendant-sq","15":"product_cat-rrenja","16":"product_cat-shenjat-e-horoskopit","17":"product_cat-shumengjyresh","18":"product_cat-qellim","19":"product_cat-virgjersha","20":"product_cat-zemra","21":"product_cat-zona-e-cakres","23":"first","24":"outofstock","25":"shipping-taxable","26":"purchasable","27":"product-type-simple"},"_links":{"self":[{"href":"https:\/\/tinacrystals.com\/sq\/wp-json\/wp\/v2\/product\/3993","targetHints":{"allow":["GET"]}}],"collection":[{"href":"https:\/\/tinacrystals.com\/sq\/wp-json\/wp\/v2\/product"}],"about":[{"href":"https:\/\/tinacrystals.com\/sq\/wp-json\/wp\/v2\/types\/product"}],"replies":[{"embeddable":true,"href":"https:\/\/tinacrystals.com\/sq\/wp-json\/wp\/v2\/comments?post=3993"}],"wp:featuredmedia":[{"embeddable":true,"href":"https:\/\/tinacrystals.com\/sq\/wp-json\/wp\/v2\/media\/3994"}],"wp:attachment":[{"href":"https:\/\/tinacrystals.com\/sq\/wp-json\/wp\/v2\/media?parent=3993"}],"wp:term":[{"taxonomy":"product_brand","embeddable":true,"href":"https:\/\/tinacrystals.com\/sq\/wp-json\/wp\/v2\/product_brand?post=3993"},{"taxonomy":"product_cat","embeddable":true,"href":"https:\/\/tinacrystals.com\/sq\/wp-json\/wp\/v2\/product_cat?post=3993"},{"taxonomy":"product_tag","embeddable":true,"href":"https:\/\/tinacrystals.com\/sq\/wp-json\/wp\/v2\/product_tag?post=3993"}],"curies":[{"name":"wp","href":"https:\/\/api.w.org\/{rel}","templated":true}]}}