{"id":3997,"date":"2021-08-26T06:57:56","date_gmt":"2021-11-24T09:48:57","guid":{"rendered":"https:\/\/www.naturalgemstoneshop.com\/product\/kuarc-i-bardhe-forme-molle\/"},"modified":"2022-05-12T11:30:29","modified_gmt":"2022-05-12T09:30:29","slug":"white-quartz-apple-2","status":"publish","type":"product","link":"https:\/\/tinacrystals.com\/sq\/product\/white-quartz-apple-2\/","title":{"rendered":"Kuarci Bardh\u00eb Moll\u00eb"},"content":{"rendered":"<p><strong>HOROSKOPI:T\u00eb<\/strong> gjith\u00eb<br \/>\n<strong>CHAKRA:Kuror\u00eb<\/strong><\/p>\n<p><strong><em>Kuarci i tejdukshem(kuarci i bardh\u00eb)<\/em><\/strong> njihet si sh\u00ebruesi kryesor. Thuhet se rrit men\u00e7urin\u00eb shpirt\u00ebrore.<\/p>\n<p><strong><em>Sh\u00ebrimi shpirt\u00ebror:<\/em><\/strong><br \/>\nKuarci i tejdukshem sh\u00ebrben si nj\u00eb drit\u00eb udh\u00ebzuese p\u00ebr shpirtin e mbajt\u00ebsit t\u00eb tij.<br \/>\n\u00cbsht\u00eb nj\u00eb kristal mjesht\u00ebr sh\u00ebrues. Kristali vepron si nj\u00eb pastrues p\u00ebr shpirtin, do t&#8217;ju b\u00ebj\u00eb t\u00eb ndiheni t\u00eb lir\u00eb nga situatat e kaluara q\u00eb keni pasur dhe do t&#8217;ju ndihmoj\u00eb t\u00eb hiqni negativitetin.<br \/>\n\u00c7far\u00ebdo energjie q\u00eb t\u00eb sillni, kristali do t\u00eb p\u00ebrforcohet n\u00ebse \u00ebsht\u00eb i qart\u00eb dhe konciz, i ngat\u00ebrruar apo i hutuar, i zem\u00ebruar apo i shk\u00ebputur!<\/p>\n<p><strong><em>Sh\u00ebrimi fizik<\/em>:<\/strong><br \/>\nN\u00ebse kaloni nj\u00eb bot\u00eb me telashe dhe dhimbje, rekomandohet t\u00eb merrni pran\u00eb vetes k\u00ebt\u00eb kuarc t\u00eb tejdukshem.<br \/>\nSa her\u00eb q\u00eb zemra juaj \u00ebsht\u00eb e paq\u00ebndrueshme, Kuarci i tejdukshem d\u00ebshmon ndri\u00e7imin q\u00eb meriton.<br \/>\nKy kuarc i past\u00ebr gum\u00ebzhin n\u00eb hap\u00ebsir\u00ebn emocionale dhe shpirt\u00ebrore, gjithashtu ju sjell nj\u00eb mori p\u00ebrfitimesh sh\u00ebndet\u00ebsore p\u00ebr ata q\u00eb d\u00ebshirojn\u00eb disa sh\u00ebrime fizike.<br \/>\nStimulon sistemin imunitar, duke nxitur metabolizmin tuaj dhe madje ju ndihmon n\u00eb \u00e7\u00ebshtjet e humbjes s\u00eb pesh\u00ebs.<\/p>\n<p><strong><em>Sh\u00ebrimi emocional:<\/em><\/strong><br \/>\nP\u00ebrfitimet sh\u00ebruese emocionale t\u00eb Kuarcit te tejdukshem lidhen me pastrimin e trupit emocional.<br \/>\nDo t\u00eb ndjeni nj\u00eb ekuilib\u00ebr emocional pasi t\u00eb keni mbajtur k\u00ebt\u00eb kristal p\u00ebr periudha t\u00eb gjata kohore.<br \/>\nKuarci i tejdukshem stimulon ndjenja m\u00eb t\u00eb ndritshme dhe merr edhe nuancat m\u00eb t\u00eb vogla t\u00eb g\u00ebzimit dhe e kthen at\u00eb n\u00eb di\u00e7ka m\u00eb t\u00eb madhe se jeta n\u00ebse jeni t\u00eb gatsh\u00ebm ta lejoni.<br \/>\nKy kuarc i bukur fillon t\u00eb funksionoj\u00eb n\u00eb shpirt, nxjerr energjin\u00eb q\u00eb po ju t\u00ebrheq posht\u00eb dhe ju mbush me nj\u00eb sens t\u00eb ri q\u00ebllimi dhe loje.<\/p>\n<p><strong><em>Pastrimi dhe rimbushja<\/em>:<\/strong><br \/>\nN\u00ebse d\u00ebshironi q\u00eb kristali juaj t\u00eb kujdeset p\u00ebr ju, duhet t\u00eb kujdeseni edhe ju p\u00ebr t\u00eb! Duhet ta pastroni p\u00ebr t\u00eb ndjer\u00eb fuqit\u00eb e tij. Thjesht futeni n\u00ebn uj\u00eb p\u00ebr t\u00eb lar\u00eb \u00e7do papast\u00ebrti, m\u00eb pas p\u00ebrdorni nj\u00eb leck\u00eb t\u00eb but\u00eb p\u00ebr ta thar\u00eb.<br \/>\nDhe kur t\u00eb vij\u00eb h\u00ebna e plot\u00eb, lani kristalin tuaj n\u00eb drit\u00ebn e tij p\u00ebr ta rimbushur at\u00eb.<\/p>\n","protected":false},"excerpt":{"rendered":"<p>Kristale natyrore dhe gur\u00eb me nj\u00eb \u00e7mim nxit\u00ebs t\u00eb p\u00ebrfshir\u00eb me string\u00eb\/fije l\u00ebkure<br \/>\nKristalet natyrore dhe gur\u00ebt jan\u00eb sh\u00ebrues p\u00ebr trupin, mendjen dhe shpirtin tuaj. Ata mund t\u00eb ken\u00eb shum\u00eb efekte pozitive n\u00eb mbajt\u00ebsit e tyre.<\/p>\n","protected":false},"featured_media":3998,"comment_status":"open","ping_status":"closed","template":"","meta":[],"product_brand":[],"product_cat":[2369,2385,2364,2292,2405,2372,2363,2361,2370,2362,2320,2303,2310,2365,2353,2399,2366,2367,2395,2354,2359,2368,2352,2360,2396,2371,2404],"product_tag":[],"class_list":{"0":"post-3997","1":"product","2":"type-product","3":"status-publish","4":"has-post-thumbnail","6":"product_cat-akrepi-sq","7":"product_cat-bardhe","8":"product_cat-binjaket","9":"product_cat-crystal-jewelry-sq","10":"product_cat-blej-sipas","11":"product_cat-blej-sipas-ngjyres","12":"product_cat-bricjapi","13":"product_cat-dashi","14":"product_cat-demi","15":"product_cat-gaforrja","16":"product_cat-kuarc-i-tejdukshem","17":"product_cat-kurora","18":"product_cat-llojet-e-gurve-te-cmuar","19":"product_cat-luani","20":"product_cat-lumturi-vetebesim","21":"product_cat-molle","22":"product_cat-peshorja","23":"product_cat-peshqit","24":"product_cat-pendant-sq","25":"product_cat-shendet-balans","26":"product_cat-shenjat-e-horoskopit","27":"product_cat-shigjetari","28":"product_cat-qellim","29":"product_cat-ujori","30":"product_cat-varese-e-gdhendur","31":"product_cat-virgjersha","32":"product_cat-zona-e-cakres","34":"first","35":"outofstock","36":"shipping-taxable","37":"purchasable","38":"product-type-simple"},"_links":{"self":[{"href":"https:\/\/tinacrystals.com\/sq\/wp-json\/wp\/v2\/product\/3997","targetHints":{"allow":["GET"]}}],"collection":[{"href":"https:\/\/tinacrystals.com\/sq\/wp-json\/wp\/v2\/product"}],"about":[{"href":"https:\/\/tinacrystals.com\/sq\/wp-json\/wp\/v2\/types\/product"}],"replies":[{"embeddable":true,"href":"https:\/\/tinacrystals.com\/sq\/wp-json\/wp\/v2\/comments?post=3997"}],"wp:featuredmedia":[{"embeddable":true,"href":"https:\/\/tinacrystals.com\/sq\/wp-json\/wp\/v2\/media\/3998"}],"wp:attachment":[{"href":"https:\/\/tinacrystals.com\/sq\/wp-json\/wp\/v2\/media?parent=3997"}],"wp:term":[{"taxonomy":"product_brand","embeddable":true,"href":"https:\/\/tinacrystals.com\/sq\/wp-json\/wp\/v2\/product_brand?post=3997"},{"taxonomy":"product_cat","embeddable":true,"href":"https:\/\/tinacrystals.com\/sq\/wp-json\/wp\/v2\/product_cat?post=3997"},{"taxonomy":"product_tag","embeddable":true,"href":"https:\/\/tinacrystals.com\/sq\/wp-json\/wp\/v2\/product_tag?post=3997"}],"curies":[{"name":"wp","href":"https:\/\/api.w.org\/{rel}","templated":true}]}}