{"id":4028,"date":"2021-08-26T06:39:26","date_gmt":"2021-11-24T10:19:26","guid":{"rendered":"https:\/\/www.naturalgemstoneshop.com\/product\/goldstone-i-kuq-forme-molle\/"},"modified":"2022-05-12T11:33:17","modified_gmt":"2022-05-12T09:33:17","slug":"red-goldstone-apple","status":"publish","type":"product","link":"https:\/\/tinacrystals.com\/sq\/product\/red-goldstone-apple\/","title":{"rendered":"Gur Rr\u00ebre Ari"},"content":{"rendered":"<p><strong>Goldstone i Kuq &#8211; form\u00eb molle<\/strong><\/p>\n<p>Ky gur inkurajon nj\u00eb q\u00ebndrim pozitiv, \u00ebsht\u00eb nj\u00eb gur ngrit\u00ebs, Goldston thuhet s\u00eb t\u00eb b\u00ebn m\u00eb t\u00eb gjall\u00ebrrishem dhe ekspozimi ndaj saj ngjall ndjenja t\u00eb lumturis\u00eb.<\/p>\n<p>Mund t\u00eb p\u00ebrdoret si nj\u00eb gjenerator energjie dhe i largon energjit\u00eb e pad\u00ebshiruara, ai p\u00ebrdoret gjithashtu p\u00ebr sh\u00ebrimin n\u00eb distanc\u00eb t\u00eb larg\u00ebt.<\/p>\n<p>&nbsp;<\/p>\n<p><strong>Si ta p\u00ebrdor\u00ebsh k\u00ebt\u00eb gur\u00eb?<\/strong><\/p>\n<p>Ju mund ta p\u00ebrdorni k\u00ebt\u00eb gur si bizhuteri ose si nj\u00eb dekor n\u00eb sht\u00ebpin\u00eb tuaj, kudo q\u00eb ta vendosni do t\u00eb shp\u00ebrndaj\u00eb sasi t\u00eb madhe t\u00eb energjis.<\/p>\n<p>&nbsp;<\/p>\n<p><strong>Si ta pastroni\/rikarikoni k\u00ebt\u00eb gur?<\/strong><\/p>\n<p>Mund t\u00eb pastrohet duke e futur n\u00eb uj\u00eb t\u00eb vak\u00ebt dhe pak sapun pjatash ose detergjent.<\/p>\n<p>Rikarikimi : duhet t\u00eb lihet n\u00eb nj\u00eb dritare n\u00eb nj\u00eb nat\u00eb plot yje.<\/p>\n<p>&nbsp;<\/p>\n<p><strong>\u00c7akra:<\/strong><\/p>\n<p>Rr\u00ebnja<\/p>\n<p>Sakral<\/p>\n<p>&nbsp;<\/p>\n<p><strong>Horoskopi:<\/strong><\/p>\n<p>Shigjetari<\/p>\n<p>&nbsp;<\/p>\n","protected":false},"excerpt":{"rendered":"<p>Kristale natyrore dhe gur\u00eb me nj\u00eb \u00e7mim nxit\u00ebs t\u00eb p\u00ebrfshir\u00eb me string\u00eb\/fije l\u00ebkure<br \/>\nKristalet natyrore dhe gur\u00ebt jan\u00eb sh\u00ebrues p\u00ebr trupin, mendjen dhe shpirtin tuaj. Ata mund t\u00eb ken\u00eb shum\u00eb efekte pozitive n\u00eb mbajt\u00ebsit e tyre.<\/p>\n","protected":false},"featured_media":4029,"comment_status":"open","ping_status":"closed","template":"","meta":[],"product_brand":[],"product_cat":[2292,2399,2395,2396],"product_tag":[],"class_list":{"0":"post-4028","1":"product","2":"type-product","3":"status-publish","4":"has-post-thumbnail","6":"product_cat-crystal-jewelry-sq","7":"product_cat-molle","8":"product_cat-pendant-sq","9":"product_cat-varese-e-gdhendur","11":"first","12":"outofstock","13":"shipping-taxable","14":"purchasable","15":"product-type-simple"},"_links":{"self":[{"href":"https:\/\/tinacrystals.com\/sq\/wp-json\/wp\/v2\/product\/4028","targetHints":{"allow":["GET"]}}],"collection":[{"href":"https:\/\/tinacrystals.com\/sq\/wp-json\/wp\/v2\/product"}],"about":[{"href":"https:\/\/tinacrystals.com\/sq\/wp-json\/wp\/v2\/types\/product"}],"replies":[{"embeddable":true,"href":"https:\/\/tinacrystals.com\/sq\/wp-json\/wp\/v2\/comments?post=4028"}],"wp:featuredmedia":[{"embeddable":true,"href":"https:\/\/tinacrystals.com\/sq\/wp-json\/wp\/v2\/media\/4029"}],"wp:attachment":[{"href":"https:\/\/tinacrystals.com\/sq\/wp-json\/wp\/v2\/media?parent=4028"}],"wp:term":[{"taxonomy":"product_brand","embeddable":true,"href":"https:\/\/tinacrystals.com\/sq\/wp-json\/wp\/v2\/product_brand?post=4028"},{"taxonomy":"product_cat","embeddable":true,"href":"https:\/\/tinacrystals.com\/sq\/wp-json\/wp\/v2\/product_cat?post=4028"},{"taxonomy":"product_tag","embeddable":true,"href":"https:\/\/tinacrystals.com\/sq\/wp-json\/wp\/v2\/product_tag?post=4028"}],"curies":[{"name":"wp","href":"https:\/\/api.w.org\/{rel}","templated":true}]}}