{"id":4034,"date":"2021-08-26T06:38:29","date_gmt":"2021-11-25T06:44:21","guid":{"rendered":"https:\/\/www.naturalgemstoneshop.com\/product\/molla-kuartz-e-paster\/"},"modified":"2022-05-12T11:33:30","modified_gmt":"2022-05-12T09:33:30","slug":"clear-quartz-apple-2","status":"publish","type":"product","link":"https:\/\/tinacrystals.com\/sq\/product\/clear-quartz-apple-2\/","title":{"rendered":"Kuarci Transparent Moll\u00eb"},"content":{"rendered":"<p><strong>MOLLA E KUARTCIT T\u00cb PASTER<\/strong><\/p>\n<p>Shtojini pak bukuri pamjes suaj me var\u00ebsen ton\u00eb Kuarc i tejduksh\u00ebm. Bukuria q\u00eb mban ky gur do ju l\u00eb ndjenj\u00eb q\u00eb ta mbani gjithmon\u00eb me vete.<\/p>\n<p>Ky gur transparent n\u00eb pamje pasqyron nj\u00eb past\u00ebrti q\u00eb nj\u00ebashtu do t\u00eb reflektoj ajo pasterti edhe ne mendimet tauja, ai zgjeron nd\u00ebrgjegjen tuaj dhe ju b\u00ebn t\u00eb rrezononi n\u00eb t\u00eb gjitha \u00e7akrat. Kuarci i tejduksh\u00ebm \u00ebsht\u00eb i mrrekulluesh\u00ebm p\u00ebr pastrimin e mendjes, shpirtit dhe trupit tuaj. Ju largon \u00e7do negativitet dhe ju rrit kapacitetin e t\u00eb mbajturit mend. Kujdesu p\u00ebr gurin q\u00eb ai t\u00eb kujdeset p\u00ebr ju.<\/p>\n<p><strong>Guri i lindjes<\/strong> : Prill<\/p>\n<p><strong>\u00c7akra:<\/strong> Kurora<\/p>\n<p><strong>Horoskopi: <\/strong><\/p>\n<p>-Luani<\/p>\n<p>-Dashi<\/p>\n","protected":false},"excerpt":{"rendered":"<p>Kristale natyrore dhe gur\u00eb me nj\u00eb \u00e7mim nxit\u00ebs t\u00eb p\u00ebrfshir\u00eb me string\u00eb\/fije l\u00ebkure<br \/>\nKristalet natyrore dhe gur\u00ebt jan\u00eb sh\u00ebrues p\u00ebr trupin, mendjen dhe shpirtin tuaj. Ata mund t\u00eb ken\u00eb shum\u00eb efekte pozitive n\u00eb mbajt\u00ebsit e tyre.<\/p>\n","protected":false},"featured_media":4035,"comment_status":"open","ping_status":"closed","template":"","meta":[],"product_brand":[],"product_cat":[2292,2399,2395,2396],"product_tag":[],"class_list":{"0":"post-4034","1":"product","2":"type-product","3":"status-publish","4":"has-post-thumbnail","6":"product_cat-crystal-jewelry-sq","7":"product_cat-molle","8":"product_cat-pendant-sq","9":"product_cat-varese-e-gdhendur","11":"first","12":"outofstock","13":"shipping-taxable","14":"purchasable","15":"product-type-simple"},"_links":{"self":[{"href":"https:\/\/tinacrystals.com\/sq\/wp-json\/wp\/v2\/product\/4034","targetHints":{"allow":["GET"]}}],"collection":[{"href":"https:\/\/tinacrystals.com\/sq\/wp-json\/wp\/v2\/product"}],"about":[{"href":"https:\/\/tinacrystals.com\/sq\/wp-json\/wp\/v2\/types\/product"}],"replies":[{"embeddable":true,"href":"https:\/\/tinacrystals.com\/sq\/wp-json\/wp\/v2\/comments?post=4034"}],"wp:featuredmedia":[{"embeddable":true,"href":"https:\/\/tinacrystals.com\/sq\/wp-json\/wp\/v2\/media\/4035"}],"wp:attachment":[{"href":"https:\/\/tinacrystals.com\/sq\/wp-json\/wp\/v2\/media?parent=4034"}],"wp:term":[{"taxonomy":"product_brand","embeddable":true,"href":"https:\/\/tinacrystals.com\/sq\/wp-json\/wp\/v2\/product_brand?post=4034"},{"taxonomy":"product_cat","embeddable":true,"href":"https:\/\/tinacrystals.com\/sq\/wp-json\/wp\/v2\/product_cat?post=4034"},{"taxonomy":"product_tag","embeddable":true,"href":"https:\/\/tinacrystals.com\/sq\/wp-json\/wp\/v2\/product_tag?post=4034"}],"curies":[{"name":"wp","href":"https:\/\/api.w.org\/{rel}","templated":true}]}}