{"id":4040,"date":"2021-08-25T21:19:10","date_gmt":"2021-11-25T06:53:38","guid":{"rendered":"https:\/\/www.naturalgemstoneshop.com\/product\/gjethja-blu-e-arit\/"},"modified":"2022-06-09T12:44:00","modified_gmt":"2022-06-09T10:44:00","slug":"blue-goldstone-maple-leaf-2","status":"publish","type":"product","link":"https:\/\/tinacrystals.com\/sq\/product\/blue-goldstone-maple-leaf-2\/","title":{"rendered":"Gur Rr\u00ebre Blu Gjeth Panje"},"content":{"rendered":"<p><strong>Gjethi blu i Arit<\/strong><\/p>\n<p>Gjethi blu i Arit \u00ebsht\u00eb zgjedhje m\u00eb e mir\u00eb p\u00ebr njer\u00ebzit empatik, dhe p\u00ebr persona q\u00eb jan\u00eb shume t\u00eb ndjesh\u00ebm.<\/p>\n<p>Na nxit pranimin e realitetit se kush n\u00eb t\u00eb v\u00ebrtet ne jemi.<\/p>\n<p>&nbsp;<\/p>\n<p><strong>Si ta p\u00ebrdor\u00ebsh k\u00ebt\u00eb gur\u00eb?<\/strong><\/p>\n<p>Ju mund ta p\u00ebrdorni k\u00ebt\u00eb gur t\u00eb bukur si nj\u00eb bizhuteri dhe ai ju jep nj\u00eb shk\u00eblqim t\u00eb thell\u00eb dhe t\u00eb shndritsh\u00ebm. K\u00ebt\u00eb mund t&#8217;ia b\u00ebni dhurat\u00eb dikujt q\u00eb e doni ose q\u00eb e p\u00ebrdorni si nj\u00eb pjes\u00eb p\u00ebr dekorimin e vendit tuaj t\u00eb preferuar..<\/p>\n<p>&nbsp;<\/p>\n<p><strong>Si ta pastrosh\/rikarikosh k\u00ebt\u00eb gur?<\/strong><\/p>\n<p>Pastrimi \u00ebsht\u00eb shum\u00eb i r\u00ebnd\u00ebsish\u00ebm. Duhet ta lini pran\u00eb ujit t\u00eb ngroht\u00eb dhe n\u00eb drit\u00ebn e h\u00ebn\u00ebs p\u00ebr t\u00eb pakt\u00ebn nj\u00eb nat\u00eb pas p\u00ebrdorimit t\u00eb zgjatur.<\/p>\n<p>Rikarikimi: duhet t\u00eb lihet n\u00eb nj\u00eb dritare n\u00eb nj\u00eb nat\u00eb plot yje.<\/p>\n<p>&nbsp;<\/p>\n<p><strong>\u00c7akra<br \/>\n<\/strong>Syrri i Trete<\/p>\n<p>Fyti<\/p>\n<p>&nbsp;<\/p>\n<p><strong>Horoskopi:<\/strong><\/p>\n<p>Shigjetari<\/p>\n<p>peshore<\/p>\n","protected":false},"excerpt":{"rendered":"<p>Dimenzioni 50x50mm<\/p>\n","protected":false},"featured_media":4950,"comment_status":"open","ping_status":"closed","template":"","meta":[],"product_brand":[],"product_cat":[2292,2406,2395,2396],"product_tag":[],"class_list":{"0":"post-4040","1":"product","2":"type-product","3":"status-publish","4":"has-post-thumbnail","6":"product_cat-crystal-jewelry-sq","7":"product_cat-geth-panje","8":"product_cat-pendant-sq","9":"product_cat-varese-e-gdhendur","11":"first","12":"instock","13":"shipping-taxable","14":"purchasable","15":"product-type-simple"},"_links":{"self":[{"href":"https:\/\/tinacrystals.com\/sq\/wp-json\/wp\/v2\/product\/4040","targetHints":{"allow":["GET"]}}],"collection":[{"href":"https:\/\/tinacrystals.com\/sq\/wp-json\/wp\/v2\/product"}],"about":[{"href":"https:\/\/tinacrystals.com\/sq\/wp-json\/wp\/v2\/types\/product"}],"replies":[{"embeddable":true,"href":"https:\/\/tinacrystals.com\/sq\/wp-json\/wp\/v2\/comments?post=4040"}],"wp:featuredmedia":[{"embeddable":true,"href":"https:\/\/tinacrystals.com\/sq\/wp-json\/wp\/v2\/media\/4950"}],"wp:attachment":[{"href":"https:\/\/tinacrystals.com\/sq\/wp-json\/wp\/v2\/media?parent=4040"}],"wp:term":[{"taxonomy":"product_brand","embeddable":true,"href":"https:\/\/tinacrystals.com\/sq\/wp-json\/wp\/v2\/product_brand?post=4040"},{"taxonomy":"product_cat","embeddable":true,"href":"https:\/\/tinacrystals.com\/sq\/wp-json\/wp\/v2\/product_cat?post=4040"},{"taxonomy":"product_tag","embeddable":true,"href":"https:\/\/tinacrystals.com\/sq\/wp-json\/wp\/v2\/product_tag?post=4040"}],"curies":[{"name":"wp","href":"https:\/\/api.w.org\/{rel}","templated":true}]}}