{"id":4052,"date":"2021-08-25T21:12:42","date_gmt":"2021-11-25T07:20:04","guid":{"rendered":"https:\/\/www.naturalgemstoneshop.com\/product\/guri-ari-i-kuq-nga-gjethi-panjes\/"},"modified":"2022-06-09T12:44:11","modified_gmt":"2022-06-09T10:44:11","slug":"red-goldstone-maple-leaf-2","status":"publish","type":"product","link":"https:\/\/tinacrystals.com\/sq\/product\/red-goldstone-maple-leaf-2\/","title":{"rendered":"Gur Rr\u00ebre Ari Gjeth Panje"},"content":{"rendered":"<p><strong>Gur Ari i Kuq- Gjethe Panje<\/strong><\/p>\n<p>Ky gur inkurajon q\u00eb t\u00eb keni nj\u00eb qasje pozitive ndaj gjith\u00e7kaje, \u00ebsht\u00eb gur inspirues, Goldston thuhet se ju b\u00ebn m\u00eb t\u00eb gjall\u00ebrrosjem dhe ua ndryshon mend\u00ebsin n\u00eb drejtime pozitive.<\/p>\n<p>Ai mund t\u00eb p\u00ebrdoret si nj\u00eb gjenerator energjie dhe mund t\u00eb largoj energjit\u00eb e pad\u00ebshiruara, ai p\u00ebrdoret gjithashtu p\u00ebr sh\u00ebrimin n\u00eb distanc\u00eb t\u00eb larg\u00ebt.<\/p>\n<p>&nbsp;<\/p>\n<p><strong>Si ta p\u00ebrdor\u00ebsh k\u00ebt\u00eb gur\u00eb?<\/strong><\/p>\n<p>Ju mund ta p\u00ebrdorni k\u00ebt\u00eb gur si bizhuteri ose si nj\u00eb dekor n\u00eb sht\u00ebpin\u00eb tuaj, ai mund t\u00eb p\u00ebrshtatet n\u00eb m\u00ebnyr\u00eb t\u00eb p\u00ebrsosur dhe mund t\u00eb p\u00ebrhap\u00eb energji n\u00eb sasi t\u00eb konsiderueshme.<\/p>\n<p>&nbsp;<\/p>\n<p><strong>Si ta pastroni\/rikarikoni k\u00ebt\u00eb gur?<\/strong><\/p>\n<p>Mund t\u00eb pastrohet duke e futur n\u00eb uj\u00eb t\u00eb vak\u00ebt dhe pak sapun pjatash ose sapun detergjent.<\/p>\n<p>Rikarikimi : duhet t\u00eb lihet n\u00eb nj\u00eb dritare n\u00eb nj\u00eb nat\u00eb plot yje.<\/p>\n<p>&nbsp;<\/p>\n<p><strong>\u00c7akra:<\/strong><\/p>\n<p>Rr\u00ebnj\u00eb<\/p>\n<p>Sakral<\/p>\n<p>&nbsp;<\/p>\n<p><strong>Horoskopi:<\/strong><\/p>\n<p>Shigjetari<\/p>\n","protected":false},"excerpt":{"rendered":"<p>Dimenzioni 50x50mm<\/p>\n","protected":false},"featured_media":4961,"comment_status":"open","ping_status":"closed","template":"","meta":[],"product_brand":[],"product_cat":[2292,2406,2395,2396],"product_tag":[],"class_list":{"0":"post-4052","1":"product","2":"type-product","3":"status-publish","4":"has-post-thumbnail","6":"product_cat-crystal-jewelry-sq","7":"product_cat-geth-panje","8":"product_cat-pendant-sq","9":"product_cat-varese-e-gdhendur","11":"first","12":"instock","13":"shipping-taxable","14":"purchasable","15":"product-type-simple"},"_links":{"self":[{"href":"https:\/\/tinacrystals.com\/sq\/wp-json\/wp\/v2\/product\/4052","targetHints":{"allow":["GET"]}}],"collection":[{"href":"https:\/\/tinacrystals.com\/sq\/wp-json\/wp\/v2\/product"}],"about":[{"href":"https:\/\/tinacrystals.com\/sq\/wp-json\/wp\/v2\/types\/product"}],"replies":[{"embeddable":true,"href":"https:\/\/tinacrystals.com\/sq\/wp-json\/wp\/v2\/comments?post=4052"}],"wp:featuredmedia":[{"embeddable":true,"href":"https:\/\/tinacrystals.com\/sq\/wp-json\/wp\/v2\/media\/4961"}],"wp:attachment":[{"href":"https:\/\/tinacrystals.com\/sq\/wp-json\/wp\/v2\/media?parent=4052"}],"wp:term":[{"taxonomy":"product_brand","embeddable":true,"href":"https:\/\/tinacrystals.com\/sq\/wp-json\/wp\/v2\/product_brand?post=4052"},{"taxonomy":"product_cat","embeddable":true,"href":"https:\/\/tinacrystals.com\/sq\/wp-json\/wp\/v2\/product_cat?post=4052"},{"taxonomy":"product_tag","embeddable":true,"href":"https:\/\/tinacrystals.com\/sq\/wp-json\/wp\/v2\/product_tag?post=4052"}],"curies":[{"name":"wp","href":"https:\/\/api.w.org\/{rel}","templated":true}]}}