{"id":4056,"date":"2021-08-25T21:06:11","date_gmt":"2021-11-25T07:23:43","guid":{"rendered":"https:\/\/www.naturalgemstoneshop.com\/product\/aventurina-e-gjelbert-nga-gjethe-panja\/"},"modified":"2022-06-09T12:44:16","modified_gmt":"2022-06-09T10:44:16","slug":"green-aventurine-maple-leaf-2","status":"publish","type":"product","link":"https:\/\/tinacrystals.com\/sq\/product\/green-aventurine-maple-leaf-2\/","title":{"rendered":"Aventurin e Gjelb\u00ebrt Gjeth Panje"},"content":{"rendered":"<p><b>HOROSKOPI<\/b><span style=\"font-weight: 400;\">: Dashi, Luani<\/span><\/p>\n<p><b>\u00c7AKRA<\/b><span style=\"font-weight: 400;\">: Zem\u00ebr<\/span><\/p>\n<p>&nbsp;<\/p>\n<p><span style=\"font-weight: 400;\"><em><strong>Aventurina<\/strong> <\/em>njihet si guri i mund\u00ebsis\u00eb, mendohet se \u00ebsht\u00eb m\u00eb me fat nga t\u00eb gjith\u00eb kristalet!<\/span><\/p>\n<p>&nbsp;<\/p>\n<p><em><b>Sh\u00ebrimi shpirt\u00ebror:<\/b><\/em><\/p>\n<p><span style=\"font-weight: 400;\">Aventurina \u00ebsht\u00eb nj\u00eb chakra e zemr\u00ebs m\u00eb e qart\u00eb dhe ju ndihmon t\u00eb pastroni ato bllokime q\u00eb mund t&#8217;ju ken\u00eb penguar.<\/span><\/p>\n<p><span style=\"font-weight: 400;\">Kjo ju ndalon t\u00eb ngecni n\u00eb t\u00eb nj\u00ebjtat \u00e7\u00ebshtje t\u00eb vjetra besimi dhe ju inkurajon t\u00eb b\u00ebni kur b\u00ebhet fjal\u00eb p\u00ebr at\u00eb q\u00eb t\u00eb l\u00ebsh t\u00eb shkoj\u00eb dhe p\u00ebr \u00e7far\u00eb t\u00eb kujdesesh.<\/span><\/p>\n<p>&nbsp;<\/p>\n<p><em><b>Sh\u00ebrimi fizik:<\/b><\/em><\/p>\n<p><span style=\"font-weight: 400;\">N\u00eb nivelin fizik, Aventurina njihet p\u00ebr promovimin e funksionimit t\u00eb sh\u00ebndetsh\u00ebm t\u00eb gj\u00ebndr\u00ebs timus, nd\u00ebrsa gjithashtu mb\u00ebshtet sistemin nervor.<\/span><\/p>\n<p><span style=\"font-weight: 400;\">N\u00ebse keni p\u00ebrjetuar v\u00ebshtir\u00ebsi n\u00eb humbjen ose shtimin e pesh\u00ebs, Aventurine mund t&#8217;ju ndihmoj\u00eb t\u00eb stimuloni nj\u00eb norm\u00eb t\u00eb sh\u00ebndetshme metabolike.<\/span><\/p>\n<p><span style=\"font-weight: 400;\">Fal\u00eb brezit t\u00eb tij t\u00eb mir\u00eb-akorduar me fat, njer\u00ebzit gjithashtu mund t&#8217;i drejtohen Aventurine kur kan\u00eb probleme n\u00eb lidhje me fertilitetin dhe gjetjen e rrug\u00ebs drejt prind\u00ebrimit.<\/span><\/p>\n<p>&nbsp;<\/p>\n<p><em><b>Sh\u00ebrimi emocional:<\/b><\/em><\/p>\n<p><span style=\"font-weight: 400;\">Aventurina do t\u00eb shk\u00eblqej\u00eb \u00e7do her\u00eb duke ju dh\u00ebn\u00eb p\u00ebrfitime emocionale.<\/span><\/p>\n<p><span style=\"font-weight: 400;\">Kjo do t&#8217;ju jap\u00eb hap\u00ebsir\u00eb \u200b\u200bp\u00ebr t\u00eb sh\u00ebruar plag\u00ebt e vjetra dhe p\u00ebr t\u00eb l\u00ebn\u00eb budallall\u00ebkun t\u00eb jeni shum\u00eb analitik p\u00ebr zgjedhjet tuaja.<\/span><\/p>\n<p><span style=\"font-weight: 400;\">Aventurina sjell boll\u00ebk duke e anuar mendjen tuaj p\u00ebr t\u00eb z\u00ebn\u00eb nj\u00eb hap\u00ebsir\u00eb \u200b\u200bpozitive.<\/span><\/p>\n<p><span style=\"font-weight: 400;\">Ju inkurajon t\u00eb vazhdoni pa marr\u00eb parasysh se \u00e7far\u00eb gjeni n\u00eb fund t\u00eb rrug\u00ebs.<\/span><\/p>\n<p>&nbsp;<\/p>\n<p><em><b>Pastroni dhe rimbushni:<\/b><\/em><\/p>\n<p><span style=\"font-weight: 400;\">Kujdesi p\u00ebr kristalet tuaja \u00ebsht\u00eb m\u00ebnyra m\u00eb e mir\u00eb p\u00ebr t&#8217;i b\u00ebr\u00eb ato m\u00eb t\u00eb lidhura me ju. P\u00ebr t\u00eb pastruar Aventurin\u00ebn tuaj, mund ta zhytni n\u00eb nj\u00eb tas me uj\u00eb p\u00ebr disa or\u00eb.<\/span><\/p>\n<p><span style=\"font-weight: 400;\">H\u00ebna e plot\u00eb \u00ebsht\u00eb nj\u00eb prani e fuqishme dhe rigjall\u00ebruese q\u00eb lejon kristalin tuaj t\u00eb rimbushet.<\/span><\/p>\n","protected":false},"excerpt":{"rendered":"<p>Dimenzioni 50x50mm<\/p>\n","protected":false},"featured_media":4973,"comment_status":"open","ping_status":"closed","template":"","meta":[],"product_brand":[],"product_cat":[2315,2292,2405,2372,2361,2356,2406,2379,2310,2365,2395,2359,2352,2396,2304,2404],"product_tag":[],"class_list":{"0":"post-4056","1":"product","2":"type-product","3":"status-publish","4":"has-post-thumbnail","6":"product_cat-aventurine-sq","7":"product_cat-crystal-jewelry-sq","8":"product_cat-blej-sipas","9":"product_cat-blej-sipas-ngjyres","10":"product_cat-dashi","11":"product_cat-fat-sukses","12":"product_cat-geth-panje","13":"product_cat-gjelbert","14":"product_cat-llojet-e-gurve-te-cmuar","15":"product_cat-luani","16":"product_cat-pendant-sq","17":"product_cat-shenjat-e-horoskopit","18":"product_cat-qellim","19":"product_cat-varese-e-gdhendur","20":"product_cat-zemra","21":"product_cat-zona-e-cakres","23":"first","24":"instock","25":"shipping-taxable","26":"purchasable","27":"product-type-simple"},"_links":{"self":[{"href":"https:\/\/tinacrystals.com\/sq\/wp-json\/wp\/v2\/product\/4056","targetHints":{"allow":["GET"]}}],"collection":[{"href":"https:\/\/tinacrystals.com\/sq\/wp-json\/wp\/v2\/product"}],"about":[{"href":"https:\/\/tinacrystals.com\/sq\/wp-json\/wp\/v2\/types\/product"}],"replies":[{"embeddable":true,"href":"https:\/\/tinacrystals.com\/sq\/wp-json\/wp\/v2\/comments?post=4056"}],"wp:featuredmedia":[{"embeddable":true,"href":"https:\/\/tinacrystals.com\/sq\/wp-json\/wp\/v2\/media\/4973"}],"wp:attachment":[{"href":"https:\/\/tinacrystals.com\/sq\/wp-json\/wp\/v2\/media?parent=4056"}],"wp:term":[{"taxonomy":"product_brand","embeddable":true,"href":"https:\/\/tinacrystals.com\/sq\/wp-json\/wp\/v2\/product_brand?post=4056"},{"taxonomy":"product_cat","embeddable":true,"href":"https:\/\/tinacrystals.com\/sq\/wp-json\/wp\/v2\/product_cat?post=4056"},{"taxonomy":"product_tag","embeddable":true,"href":"https:\/\/tinacrystals.com\/sq\/wp-json\/wp\/v2\/product_tag?post=4056"}],"curies":[{"name":"wp","href":"https:\/\/api.w.org\/{rel}","templated":true}]}}