{"id":4078,"date":"2021-08-25T19:51:46","date_gmt":"2021-11-25T07:42:54","guid":{"rendered":"https:\/\/www.naturalgemstoneshop.com\/product\/chakradora-ndihmuese-pema-e-jetes\/"},"modified":"2022-05-12T11:39:33","modified_gmt":"2022-05-12T09:39:33","slug":"7-chakra-helping-hand-wire-tree-of-life","status":"publish","type":"product","link":"https:\/\/tinacrystals.com\/sq\/product\/7-chakra-helping-hand-wire-tree-of-life\/","title":{"rendered":"7 \u00c7akrat Dora Ndihm\u00ebse"},"content":{"rendered":"<p><strong>HOROSKOPI<\/strong>: T\u00eb gjitha<\/p>\n<p>&nbsp;<\/p>\n<p>Gjerdani me <strong><em>7 \u00e7akrat <\/em><\/strong>duke filluar nga e djathta p\u00ebrmban Jasper t\u00eb Kuq, Carnelian, Citrine, Aventurine jeshile, Lapis Lazuli, Ametist dhe Kuarc t\u00eb past\u00ebr q\u00eb p\u00ebrfaq\u00ebsojn\u00eb t\u00eb gjitha 7 chakrat: chakra e kuror\u00ebs, chakra e syrit t\u00eb tret\u00eb, chakra e fytit, \u00e7akra e zemr\u00ebs, pleksi diellor. Chakra, Sakrale Chakra dhe Root Chakra.<\/p>\n<p><strong><em>\u00a0<\/em><\/strong><\/p>\n<p><strong><em>Sh\u00ebrimi shpirt\u00ebror:<\/em><\/strong><\/p>\n<p>Duke e pasur k\u00ebt\u00eb gjerdan me vete gjat\u00eb gjith\u00eb koh\u00ebs, 7 llojet e gur\u00ebve do t\u00eb lidhen me shpirtin tuaj dhe do t&#8217;ju ndihmojn\u00eb t\u00eb ndiheni m\u00eb t\u00eb fuqizuar, m\u00eb t\u00eb sigurt dhe m\u00eb t\u00eb lidhur nga brenda, m\u00eb t\u00eb sigurt dhe gjithashtu do t\u00eb ndihmojn\u00eb n\u00eb vet\u00eb-drejtimin tuaj.<\/p>\n<p>&nbsp;<\/p>\n<p><strong><em>Sh\u00ebrimi fizik:<\/em><\/strong><\/p>\n<p>\u00cbsht\u00eb e r\u00ebnd\u00ebsishme t\u00eb b\u00ebheni t\u00eb vet\u00ebdijsh\u00ebm p\u00ebr 7 chakrat e pranishme n\u00eb trupin tuaj pasi do t\u00eb ndihmoj\u00eb n\u00eb zbulimin e \u00e7do problemi t\u00eb rr\u00ebnjosur thell\u00eb n\u00eb trup p\u00ebrpara se t\u00eb dalin n\u00eb sip\u00ebrfaqe.<\/p>\n<p>Ato mund t&#8217;ju ndihmojn\u00eb me problemet kardiake, t\u00eb frym\u00ebmarrjes dhe metabolizmit.<\/p>\n<p>Gjithashtu mund t\u00eb forcoj\u00eb dhe rregulloj\u00eb shikimin tuaj.<\/p>\n<p>\u00cbsht\u00eb i mir\u00eb p\u00ebr njer\u00ebzit q\u00eb kan\u00eb pagjum\u00ebsi, dhimbje koke, migren\u00eb, tension.<\/p>\n<p><strong><em>\u00a0<\/em><\/strong><\/p>\n<p><strong><em>Sh\u00ebrimi emocional:<\/em><\/strong><\/p>\n<p>Marrja e k\u00ebtij koleksioni gur\u00ebsh do t\u00eb balancoj\u00eb jet\u00ebn tuaj n\u00eb m\u00ebnyra q\u00eb nuk mund t&#8217;i imagjinoni dhe natyrisht do t\u00eb sh\u00ebroj\u00eb \u00e7do gj\u00eb q\u00eb mund t\u00eb keni ndodhur n\u00eb jet\u00ebn tuaj. Do t\u00eb t\u00ebrhiqni dashuri, lumturi, prosperitet dhe shum\u00eb m\u00eb tep\u00ebr.<\/p>\n","protected":false},"excerpt":{"rendered":"<p>Kristale natyrore dhe gur\u00eb me nj\u00eb \u00e7mim nxit\u00ebs t\u00eb p\u00ebrfshir\u00eb me string\u00eb\/fije l\u00ebkure<br \/>\nKristalet natyrore dhe gur\u00ebt jan\u00eb sh\u00ebrues p\u00ebr trupin, mendjen dhe shpirtin tuaj. Ata mund t\u00eb ken\u00eb shum\u00eb efekte pozitive n\u00eb mbajt\u00ebsit e tyre.<\/p>\n","protected":false},"featured_media":4079,"comment_status":"open","ping_status":"closed","template":"","meta":[],"product_brand":[],"product_cat":[2369,2311,2315,2364,2292,2405,2372,2363,2319,2361,2370,2438,2356,2309,2362,2342,2318,2320,2303,2328,2310,2365,2357,2437,2366,2367,2307,2395,2305,2306,2354,2359,2368,2380,2352,2308,2360,2371,2304,2404],"product_tag":[],"class_list":{"0":"post-4078","1":"product","2":"type-product","3":"status-publish","4":"has-post-thumbnail","6":"product_cat-akrepi-sq","7":"product_cat-ametist","8":"product_cat-aventurine-sq","9":"product_cat-binjaket","10":"product_cat-crystal-jewelry-sq","11":"product_cat-blej-sipas","12":"product_cat-blej-sipas-ngjyres","13":"product_cat-bricjapi","14":"product_cat-citrine-sq","15":"product_cat-dashi","16":"product_cat-demi","17":"product_cat-dora-ndihmuese","18":"product_cat-fat-sukses","19":"product_cat-fyti","20":"product_cat-gaforrja","21":"product_cat-jasperi-kuq","22":"product_cat-carnelian-sq","23":"product_cat-kuarc-i-tejdukshem","24":"product_cat-kurora","25":"product_cat-lapis-lazuli-sq","26":"product_cat-llojet-e-gurve-te-cmuar","27":"product_cat-luani","28":"product_cat-mbrotje-paqe","29":"product_cat-pema-e-jetes-prej-teli","30":"product_cat-peshorja","31":"product_cat-peshqit","32":"product_cat-pleksusi-diellor","33":"product_cat-pendant-sq","34":"product_cat-rrenja","35":"product_cat-sakrale","36":"product_cat-shendet-balans","37":"product_cat-shenjat-e-horoskopit","38":"product_cat-shigjetari","39":"product_cat-shumengjyresh","40":"product_cat-qellim","41":"product_cat-syri-i-trete","42":"product_cat-ujori","43":"product_cat-virgjersha","44":"product_cat-zemra","45":"product_cat-zona-e-cakres","47":"first","48":"outofstock","49":"shipping-taxable","50":"purchasable","51":"product-type-simple"},"_links":{"self":[{"href":"https:\/\/tinacrystals.com\/sq\/wp-json\/wp\/v2\/product\/4078","targetHints":{"allow":["GET"]}}],"collection":[{"href":"https:\/\/tinacrystals.com\/sq\/wp-json\/wp\/v2\/product"}],"about":[{"href":"https:\/\/tinacrystals.com\/sq\/wp-json\/wp\/v2\/types\/product"}],"replies":[{"embeddable":true,"href":"https:\/\/tinacrystals.com\/sq\/wp-json\/wp\/v2\/comments?post=4078"}],"wp:featuredmedia":[{"embeddable":true,"href":"https:\/\/tinacrystals.com\/sq\/wp-json\/wp\/v2\/media\/4079"}],"wp:attachment":[{"href":"https:\/\/tinacrystals.com\/sq\/wp-json\/wp\/v2\/media?parent=4078"}],"wp:term":[{"taxonomy":"product_brand","embeddable":true,"href":"https:\/\/tinacrystals.com\/sq\/wp-json\/wp\/v2\/product_brand?post=4078"},{"taxonomy":"product_cat","embeddable":true,"href":"https:\/\/tinacrystals.com\/sq\/wp-json\/wp\/v2\/product_cat?post=4078"},{"taxonomy":"product_tag","embeddable":true,"href":"https:\/\/tinacrystals.com\/sq\/wp-json\/wp\/v2\/product_tag?post=4078"}],"curies":[{"name":"wp","href":"https:\/\/api.w.org\/{rel}","templated":true}]}}