{"id":4091,"date":"2021-08-25T19:49:45","date_gmt":"2021-11-25T07:50:39","guid":{"rendered":"https:\/\/www.naturalgemstoneshop.com\/product\/l-jade-i-verdhe-pema-e-jetes\/"},"modified":"2022-05-12T11:40:42","modified_gmt":"2022-05-12T09:40:42","slug":"l-yellow-jade-round-wire-tree-of-life","status":"publish","type":"product","link":"https:\/\/tinacrystals.com\/sq\/product\/l-yellow-jade-round-wire-tree-of-life\/","title":{"rendered":"Zhadi Verdh\u00eb Pema e Jet\u00ebs"},"content":{"rendered":"<p><strong>Jade i verdh\u00eb &#8211; pema e jet\u00ebs<\/strong><\/p>\n<p>Jade i Verdh\u00eb \u00ebsht\u00eb nj\u00eb gur i lidhur me g\u00ebzimin dhe lumturin\u00eb, \u00ebsht\u00eb jasht\u00ebzakonisht i q\u00ebndruesh\u00ebm dhe duke e pasur pran\u00eb do t&#8217;ju sjell\u00eb shum\u00eb p\u00ebrfitime. Ky gur do t&#8217;ju plot\u00ebsoj dhe mbush dhe do t\u00eb sjell\u00eb men\u00e7uri dhe qet\u00ebsi rrug\u00ebn tuaj, ai do t\u00eb largoj t\u00eb keqen dhe negativitetin dhe do t\u00eb t\u00ebrheq shum\u00eb fat t\u00eb mir\u00eb dhe fortune ne rrug\u00ebn tuaj.<\/p>\n<p>Jadi i Verdh\u00eb \u00ebsht\u00eb lidh\u00ebs midis t\u00eb gjitha qenieve t\u00eb gjalla dhe ju gjithmon\u00eb do t\u00eb ndiheni m\u00eb energjik\u00eb dhe pozitiv\u00eb n\u00eb lidhje me jet\u00ebn.<\/p>\n<p>M\u00ebnyra m\u00eb e mir\u00eb p\u00ebr t\u00eb p\u00ebrdorur fuqit\u00eb e k\u00ebtij guri \u00ebsht\u00eb q\u00eb ta keni gjithmon\u00eb pran\u00eb jush, vendosja n\u00eb qaf\u00eb \u00ebsht\u00eb ideja m\u00eb e mir\u00eb. Jo vet\u00ebm q\u00eb do t&#8217;i shtoj\u00eb nj\u00eb detaje t\u00eb mrekullueshme pamjes suaj t\u00eb p\u00ebrditshme, por do t&#8217;ju jap\u00eb edhe t\u00eb gjitha p\u00ebrfitimet q\u00eb p\u00ebrmban.<\/p>\n<p><strong>Si t\u00eb pastroni kristalin?<\/strong><\/p>\n<p>P\u00ebr pastrimin e kristaleve mjafton t\u00eb shtoni gjerdanin n\u00ebn uj\u00eb t\u00eb vak\u00ebt p\u00ebr disa minuta, mos p\u00ebrdorni kimikate t\u00eb ashpra dhe pastrojeni sa her\u00eb q\u00eb mendoni se kristali \u00ebsht\u00eb i ndotur.<\/p>\n<p><strong>Horoskopi:<\/strong><\/p>\n<p>-Luani<\/p>\n<p>-Virgj\u00ebresha<\/p>\n<p><strong>\u00c7akra:<\/strong><\/p>\n<p>-Pleksusi Solar<\/p>\n","protected":false},"excerpt":{"rendered":"<p>Kristale natyrore dhe gur\u00eb me nj\u00eb \u00e7mim nxit\u00ebs t\u00eb p\u00ebrfshir\u00eb me string\u00eb\/fije l\u00ebkure<br \/>\nKristalet natyrore dhe gur\u00ebt jan\u00eb sh\u00ebrues p\u00ebr trupin, mendjen dhe shpirtin tuaj. Ata mund t\u00eb ken\u00eb shum\u00eb efekte pozitive n\u00eb mbajt\u00ebsit e tyre.<\/p>\n","protected":false},"featured_media":4092,"comment_status":"open","ping_status":"closed","template":"","meta":[],"product_brand":[],"product_cat":[2292,2437,2439,2395],"product_tag":[],"class_list":{"0":"post-4091","1":"product","2":"type-product","3":"status-publish","4":"has-post-thumbnail","6":"product_cat-crystal-jewelry-sq","7":"product_cat-pema-e-jetes-prej-teli","8":"product_cat-pema-e-jetes-prej-teli-e-madhe","9":"product_cat-pendant-sq","11":"first","12":"instock","13":"shipping-taxable","14":"purchasable","15":"product-type-simple"},"_links":{"self":[{"href":"https:\/\/tinacrystals.com\/sq\/wp-json\/wp\/v2\/product\/4091","targetHints":{"allow":["GET"]}}],"collection":[{"href":"https:\/\/tinacrystals.com\/sq\/wp-json\/wp\/v2\/product"}],"about":[{"href":"https:\/\/tinacrystals.com\/sq\/wp-json\/wp\/v2\/types\/product"}],"replies":[{"embeddable":true,"href":"https:\/\/tinacrystals.com\/sq\/wp-json\/wp\/v2\/comments?post=4091"}],"wp:featuredmedia":[{"embeddable":true,"href":"https:\/\/tinacrystals.com\/sq\/wp-json\/wp\/v2\/media\/4092"}],"wp:attachment":[{"href":"https:\/\/tinacrystals.com\/sq\/wp-json\/wp\/v2\/media?parent=4091"}],"wp:term":[{"taxonomy":"product_brand","embeddable":true,"href":"https:\/\/tinacrystals.com\/sq\/wp-json\/wp\/v2\/product_brand?post=4091"},{"taxonomy":"product_cat","embeddable":true,"href":"https:\/\/tinacrystals.com\/sq\/wp-json\/wp\/v2\/product_cat?post=4091"},{"taxonomy":"product_tag","embeddable":true,"href":"https:\/\/tinacrystals.com\/sq\/wp-json\/wp\/v2\/product_tag?post=4091"}],"curies":[{"name":"wp","href":"https:\/\/api.w.org\/{rel}","templated":true}]}}