{"id":4160,"date":"2021-08-25T19:06:03","date_gmt":"2021-11-25T08:23:11","guid":{"rendered":"https:\/\/www.naturalgemstoneshop.com\/product\/turkize-pema-e-jetes-s\/"},"modified":"2022-05-12T14:00:41","modified_gmt":"2022-05-12T12:00:41","slug":"turquoise-small-round-wire-tree-of-life-2","status":"publish","type":"product","link":"https:\/\/tinacrystals.com\/sq\/product\/turquoise-small-round-wire-tree-of-life-2\/","title":{"rendered":"Turkez Pema e Jet\u00ebs"},"content":{"rendered":"<p><strong>Turkiz\u00eb &#8211; Pema e Jet\u00ebs<\/strong><\/p>\n<p>Shto pak sharm n\u00eb pamjen t\u00ebnde me var\u00ebsen ton\u00eb Turkiz\u00eb.<\/p>\n<p>Ky gur i mrekulluesh\u00ebm me pamje blu-gjelb\u00ebr p\u00ebrfaq\u00ebson men\u00e7urin\u00eb, qet\u00ebsin\u00eb dhe mbrojtjen. Ajo ju mbron nga energjia negative q\u00eb mund t&#8217;ju rrethoj\u00eb. Poashtu ju ndihmon t\u00eb shihni qart\u00eb n\u00eb jet\u00eb at\u00eb q\u00eb d\u00ebshironi. Ajo lejon q\u00eb energjia t\u00eb rrjedh\u00eb lirish\u00ebm n\u00eb trupin tuaj dhe kjo rezulton q\u00eb ju t\u00eb jeni m\u00eb t\u00eb qet\u00eb dhe definitivisht t\u00eb hapur me zem\u00ebr p\u00ebr dashuri.<\/p>\n<p><strong>\u00c7akra:<\/strong><\/p>\n<p>-Fyt<\/p>\n<p><strong>Horoskopi:<\/strong><\/p>\n<p>-Peshqit<\/p>\n<p>-Shigjetari<\/p>\n<p>-Akrepi<\/p>\n","protected":false},"excerpt":{"rendered":"<p>Kristale natyrore dhe gur\u00eb me nj\u00eb \u00e7mim nxit\u00ebs t\u00eb p\u00ebrfshir\u00eb me string\u00eb\/fije l\u00ebkure<br \/>\nKristalet natyrore dhe gur\u00ebt jan\u00eb sh\u00ebrues p\u00ebr trupin, mendjen dhe shpirtin tuaj. Ata mund t\u00eb ken\u00eb shum\u00eb efekte pozitive n\u00eb mbajt\u00ebsit e tyre.<\/p>\n","protected":false},"featured_media":4161,"comment_status":"open","ping_status":"closed","template":"","meta":[],"product_brand":[],"product_cat":[2292,2405,2372,2374,2370,2358,2309,2303,2310,2437,2441,2307,2395,2305,2306,2354,2359,2368,2352,2308,2351,2360,2304,2404],"product_tag":[],"class_list":{"0":"post-4160","1":"product","2":"type-product","3":"status-publish","4":"has-post-thumbnail","6":"product_cat-crystal-jewelry-sq","7":"product_cat-blej-sipas","8":"product_cat-blej-sipas-ngjyres","9":"product_cat-blu","10":"product_cat-demi","11":"product_cat-force-stabilitet","12":"product_cat-fyti","13":"product_cat-kurora","14":"product_cat-llojet-e-gurve-te-cmuar","15":"product_cat-pema-e-jetes-prej-teli","16":"product_cat-pema-e-jetes-prej-teli-e-vogel","17":"product_cat-pleksusi-diellor","18":"product_cat-pendant-sq","19":"product_cat-rrenja","20":"product_cat-sakrale","21":"product_cat-shendet-balans","22":"product_cat-shenjat-e-horoskopit","23":"product_cat-shigjetari","24":"product_cat-qellim","25":"product_cat-syri-i-trete","26":"product_cat-turkiz","27":"product_cat-ujori","28":"product_cat-zemra","29":"product_cat-zona-e-cakres","31":"first","32":"outofstock","33":"shipping-taxable","34":"purchasable","35":"product-type-simple"},"_links":{"self":[{"href":"https:\/\/tinacrystals.com\/sq\/wp-json\/wp\/v2\/product\/4160","targetHints":{"allow":["GET"]}}],"collection":[{"href":"https:\/\/tinacrystals.com\/sq\/wp-json\/wp\/v2\/product"}],"about":[{"href":"https:\/\/tinacrystals.com\/sq\/wp-json\/wp\/v2\/types\/product"}],"replies":[{"embeddable":true,"href":"https:\/\/tinacrystals.com\/sq\/wp-json\/wp\/v2\/comments?post=4160"}],"wp:featuredmedia":[{"embeddable":true,"href":"https:\/\/tinacrystals.com\/sq\/wp-json\/wp\/v2\/media\/4161"}],"wp:attachment":[{"href":"https:\/\/tinacrystals.com\/sq\/wp-json\/wp\/v2\/media?parent=4160"}],"wp:term":[{"taxonomy":"product_brand","embeddable":true,"href":"https:\/\/tinacrystals.com\/sq\/wp-json\/wp\/v2\/product_brand?post=4160"},{"taxonomy":"product_cat","embeddable":true,"href":"https:\/\/tinacrystals.com\/sq\/wp-json\/wp\/v2\/product_cat?post=4160"},{"taxonomy":"product_tag","embeddable":true,"href":"https:\/\/tinacrystals.com\/sq\/wp-json\/wp\/v2\/product_tag?post=4160"}],"curies":[{"name":"wp","href":"https:\/\/api.w.org\/{rel}","templated":true}]}}