{"id":4202,"date":"2021-08-12T11:58:29","date_gmt":"2021-11-25T08:38:45","guid":{"rendered":"https:\/\/www.naturalgemstoneshop.com\/product\/ammonite-fosile-pjate\/"},"modified":"2022-02-02T10:15:32","modified_gmt":"2022-02-02T10:15:32","slug":"ammonite-fossil-coaster","status":"publish","type":"product","link":"https:\/\/tinacrystals.com\/sq\/product\/ammonite-fossil-coaster\/","title":{"rendered":"Amonit Fosili Pjat\u00eb"},"content":{"rendered":"<p><strong>PJATA FOSILET E AMONITIT<\/strong><\/p>\n<p>Fosilet amonite jan\u00eb fosilet m\u00eb t\u00eb njohura n\u00eb bot\u00eb. Ato jan\u00eb fosile t\u00eb nj\u00eb kafshe detare t\u00eb zhdukur. Vet\u00ebm duke par\u00eb form\u00ebn e tyre unike mund t\u00eb v\u00ebrejm\u00eb se ato jan\u00eb nj\u00eb gur q\u00eb simbolizon ndryshimin dhe mobilizime pozitive.<\/p>\n<p>Ky gur i fuqish\u00ebm mund t&#8217;ju ndihmoj\u00eb t\u00eb kaloni \u00e7do v\u00ebshtir\u00ebsi q\u00eb e p\u00ebrjetoni. Ai e shnd\u00ebrron energjin\u00eb e keqe n\u00eb pozitiv.<\/p>\n<p><strong>Si t&#8217;i p\u00ebrdor\u00ebsh pjatat?<\/strong><\/p>\n<p>N\u00ebse d\u00ebshironi t\u00eb shtoni nj\u00eb detaj luksi dhe unike n\u00eb dekorin e sht\u00ebpis\u00eb ose zyr\u00ebs tuaj, at\u00ebher\u00eb k\u00ebto rrethore jan\u00eb zgjidhja m\u00eb e mir\u00eb q\u00eb mund t\u00eb b\u00ebni. Stili i tyre me atmosfer\u00eb t\u00eb lart\u00eb dhe energji sh\u00ebruese jo vet\u00ebm q\u00eb do t&#8217;ju p\u00ebrfitoj\u00eb nga fuqit\u00eb e tyre, por gjithashtu do ta b\u00ebj\u00eb pirjen e nj\u00eb kafeje ose \u00e7aj n\u00eb to nj\u00eb p\u00ebrvoj\u00eb e paprovuar.<\/p>\n<p>Ato jan\u00eb gjithashtu nj\u00eb zgjedhje e shk\u00eblqyer si dhurat\u00eb p\u00ebr njer\u00ebzit e af\u00ebrt, familjen ose miqt\u00eb q\u00eb keni.<\/p>\n<p><strong> Si t\u00eb kujdesemi p\u00ebr kristalet?<\/strong><\/p>\n<p>Gur\u00ebt mund t\u00eb jen\u00eb t\u00eb brisht\u00eb, k\u00ebshtu q\u00eb \u00ebsht\u00eb m\u00eb e mira p\u00ebr t&#8217;i pastruar me uj\u00eb t\u00eb vak\u00ebt dhe sapun t\u00eb but\u00eb. Pas k\u00ebsaj, thajeni me nj\u00eb leck\u00eb t\u00eb but\u00eb dhe mos shtoni asgj\u00eb tjet\u00ebr.<\/p>\n<p>P\u00ebr t\u00eb mbushur fosilet mund t\u00eb p\u00ebrdorni muzik\u00eb dhe t&#8217;i lini vibrimet t\u00eb lidhen me fosilet, nd\u00ebrkoh\u00eb keni q\u00ebllime pozitive. Mund ta lesh fosilen n\u00ebn drit\u00ebn e diellit p\u00ebr disa minuta ose p\u00ebrdorim i tymit t\u00eb sherbeles.<\/p>\n<p><strong>Horoskopi:<\/strong><\/p>\n<p>-Gaforja<\/p>\n<p><strong>\u00c7akra:<\/strong><\/p>\n<p>-Toka dhe Baza<\/p>\n","protected":false},"excerpt":{"rendered":"<p>Cmimi\/gram: 0.30 euro<\/p>\n<p>Pesha: 168 grams<\/p>\n<p>Diametri: \u00f8 &#8211; 12cm<\/p>\n<p>&nbsp;<\/p>\n","protected":false},"featured_media":9042,"comment_status":"open","ping_status":"closed","template":"","meta":[],"product_brand":[],"product_cat":[2293,2298],"product_tag":[],"class_list":{"0":"post-4202","1":"product","2":"type-product","3":"status-publish","4":"has-post-thumbnail","6":"product_cat-decorations-sq","7":"product_cat-kristale-minerale","9":"first","10":"instock","11":"shipping-taxable","12":"purchasable","13":"product-type-variable"},"_links":{"self":[{"href":"https:\/\/tinacrystals.com\/sq\/wp-json\/wp\/v2\/product\/4202","targetHints":{"allow":["GET"]}}],"collection":[{"href":"https:\/\/tinacrystals.com\/sq\/wp-json\/wp\/v2\/product"}],"about":[{"href":"https:\/\/tinacrystals.com\/sq\/wp-json\/wp\/v2\/types\/product"}],"replies":[{"embeddable":true,"href":"https:\/\/tinacrystals.com\/sq\/wp-json\/wp\/v2\/comments?post=4202"}],"wp:featuredmedia":[{"embeddable":true,"href":"https:\/\/tinacrystals.com\/sq\/wp-json\/wp\/v2\/media\/9042"}],"wp:attachment":[{"href":"https:\/\/tinacrystals.com\/sq\/wp-json\/wp\/v2\/media?parent=4202"}],"wp:term":[{"taxonomy":"product_brand","embeddable":true,"href":"https:\/\/tinacrystals.com\/sq\/wp-json\/wp\/v2\/product_brand?post=4202"},{"taxonomy":"product_cat","embeddable":true,"href":"https:\/\/tinacrystals.com\/sq\/wp-json\/wp\/v2\/product_cat?post=4202"},{"taxonomy":"product_tag","embeddable":true,"href":"https:\/\/tinacrystals.com\/sq\/wp-json\/wp\/v2\/product_tag?post=4202"}],"curies":[{"name":"wp","href":"https:\/\/api.w.org\/{rel}","templated":true}]}}