{"id":4205,"date":"2021-08-12T11:43:32","date_gmt":"2021-11-25T08:41:26","guid":{"rendered":"https:\/\/www.naturalgemstoneshop.com\/product\/pasqyra-e-obsidianit\/"},"modified":"2022-05-12T14:04:09","modified_gmt":"2022-05-12T12:04:09","slug":"obsidian-mirror","status":"publish","type":"product","link":"https:\/\/tinacrystals.com\/sq\/product\/obsidian-mirror\/","title":{"rendered":"Obsidian i Zi Pasqyr\u00eb"},"content":{"rendered":"<p><strong>PASQYR\u00cb OBSIDIANI<\/strong><\/p>\n<p>Obsidieni i zi njihet si nj\u00eb gur i fuqish\u00ebm p\u00ebr mbrojtjen dhe nxjerrjen n\u00eb sip\u00ebrfaqe t\u00eb s\u00eb v\u00ebrtet\u00ebs, ai pastron atmosfer\u00ebn nga energjit\u00eb negative, i vendos forcat shpirt\u00ebrore n\u00eb rrafshin fizik dhe si rezultat i k\u00ebsaj ju mund t\u00eb manifestoni energjit\u00eb shpirt\u00ebrore n\u00eb tok\u00eb.<br \/>\nN\u00ebse e p\u00ebrdor k\u00ebt\u00eb gur, mendja jote do t\u00eb nxjerr\u00eb n\u00eb sip\u00ebrfaqe t\u00eb gjitha mosbalancimet dhe an\u00ebn e err\u00ebt t\u00eb tuaj\u00ebn p\u00ebr t&#8217;ju \u00e7liruar . Gjithashtu, do ta rris\u00eb vet\u00ebp\u00ebrmbatjen tuaj, do ta zmbraps\u00eb negativitetin dhe do t&#8217;ju mb\u00ebshtes\u00eb gjat\u00eb \u00e7do ndryshimi q\u00eb mund t\u00eb kaloni.<\/p>\n<p><strong>K\u00cbSHILLA RRETH KRISTALIT<\/strong><\/p>\n<p>Nese jeni n\u00eb faz\u00ebn e sherimit siguroni nj\u00eb vend q\u00eb ta keni pran\u00eb gjat\u00eb gjith\u00eb kohes. Vendi m\u00eb i mir\u00eb p\u00ebr t\u00eb pasur kristalin \u00ebsht\u00eb sip\u00ebr nj\u00eb rafti, tavoline apo stene, thjesht mos e lini t\u00eb shtrir\u00eb n\u00eb dysheme ose n\u00eb \u00e7do vend q\u00eb mund t\u00eb lihet pas dore.<br \/>\nNj\u00eb vend tjet\u00ebr i mire p\u00ebr vendosjen e sfer\u00ebs \u00ebsht\u00eb af\u00ebr korniz\u00ebs s\u00eb der\u00ebs suaj k\u00ebshtu q\u00eb filtron energjin\u00eb negative q\u00eb hyn n\u00eb hap\u00ebsir\u00ebn tuaj ose lereni pran\u00eb dritares n\u00eb m\u00ebnyr\u00eb q\u00eb t\u00eb mund t\u00eb energjizohet vazhdimisht dhe t\u00eb punoj\u00eb me kapacitetin e saj m\u00eb t\u00eb mir\u00eb.<\/p>\n<p><strong>SI T\u00cb KUJDESENI P\u00cbR KRISTALIN?<\/strong><\/p>\n<p>Kini kujdes q\u00eb ta pastroni rregullisht n\u00eb m\u00ebnyr\u00eb q\u00eb t\u00eb heq\u00eb energjin\u00eb negative rreth hap\u00ebsir\u00ebs suaj, lajeni me uj\u00eb t\u00eb rrjedhsh\u00ebm, ose me uj\u00eb t\u00eb kripur dhe pas k\u00ebsaj l\u00ebreni n\u00eb nj\u00eb vend me diell ose n\u00ebn drit\u00ebn e h\u00ebn\u00ebs p\u00ebr 15 minuta p\u00ebr ta fuqizuar p\u00ebrs\u00ebri.<\/p>\n<p><strong>HOROSKOPI :<\/strong><\/p>\n<p>-Akrepi<br \/>\n-Dashi<br \/>\n-Shigjetari<br \/>\n-Bricjapi<\/p>\n<p><strong>VENDI I \u00c7AKRAVE:<\/strong><\/p>\n<p>-Rr\u00ebnja<\/p>\n<p><strong>M\u00eb E MIR\u00cb P\u00cbR :<\/strong><\/p>\n<p>-Vet\u00ebkontrolli dhe vet\u00eb-reflektimi<br \/>\n-Ndihmon gjat\u00eb traumave, tronditjeve apo sulmeve t\u00eb ankthit<br \/>\n&#8211; Mbrojtje dhe rritje<br \/>\n&#8211; Heq dhimbjen etj.<\/p>\n","protected":false},"excerpt":{"rendered":"<p>\u00c7mim\/gram: 0.115 euro<\/p>\n<p>Pesha: 673 grams<\/p>\n<p>Diameter : \u00f8 &#8211; 15 cm<\/p>\n","protected":false},"featured_media":3924,"comment_status":"open","ping_status":"closed","template":"","meta":[],"product_brand":[],"product_cat":[2650],"product_tag":[],"class_list":{"0":"post-4205","1":"product","2":"type-product","3":"status-publish","4":"has-post-thumbnail","6":"product_cat-gjeth","8":"first","9":"instock","10":"shipping-taxable","11":"purchasable","12":"product-type-simple"},"_links":{"self":[{"href":"https:\/\/tinacrystals.com\/sq\/wp-json\/wp\/v2\/product\/4205","targetHints":{"allow":["GET"]}}],"collection":[{"href":"https:\/\/tinacrystals.com\/sq\/wp-json\/wp\/v2\/product"}],"about":[{"href":"https:\/\/tinacrystals.com\/sq\/wp-json\/wp\/v2\/types\/product"}],"replies":[{"embeddable":true,"href":"https:\/\/tinacrystals.com\/sq\/wp-json\/wp\/v2\/comments?post=4205"}],"wp:featuredmedia":[{"embeddable":true,"href":"https:\/\/tinacrystals.com\/sq\/wp-json\/wp\/v2\/media\/3924"}],"wp:attachment":[{"href":"https:\/\/tinacrystals.com\/sq\/wp-json\/wp\/v2\/media?parent=4205"}],"wp:term":[{"taxonomy":"product_brand","embeddable":true,"href":"https:\/\/tinacrystals.com\/sq\/wp-json\/wp\/v2\/product_brand?post=4205"},{"taxonomy":"product_cat","embeddable":true,"href":"https:\/\/tinacrystals.com\/sq\/wp-json\/wp\/v2\/product_cat?post=4205"},{"taxonomy":"product_tag","embeddable":true,"href":"https:\/\/tinacrystals.com\/sq\/wp-json\/wp\/v2\/product_tag?post=4205"}],"curies":[{"name":"wp","href":"https:\/\/api.w.org\/{rel}","templated":true}]}}