{"id":4226,"date":"2021-08-12T07:06:08","date_gmt":"2021-11-25T08:50:19","guid":{"rendered":"https:\/\/www.naturalgemstoneshop.com\/product\/jade-roller-per-fytyre\/"},"modified":"2022-05-12T14:04:49","modified_gmt":"2022-05-12T12:04:49","slug":"jade-face-roller","status":"publish","type":"product","link":"https:\/\/tinacrystals.com\/sq\/product\/jade-face-roller\/","title":{"rendered":"Zhad i Gjelb\u00ebrt Roler P\u00ebr Fytyr\u00eb"},"content":{"rendered":"<p><strong>Jade &#8211; Roller p\u00ebr fytyr\u00ebn<\/strong><\/p>\n<p><strong>P\u00ebr \u00e7ka p\u00ebrdoren rollerat p\u00ebr fytyr\u00ebn?<\/strong><\/p>\n<p>Rrollerat e fytyr\u00ebs jan\u00eb nj\u00eb mjet i kujdesit t\u00eb l\u00ebkur\u00ebs q\u00eb jan\u00eb p\u00ebrdorur me shekuj nga aristokracia kineze p\u00ebr dobit\u00eb e shum\u00ebta q\u00eb ia japin lekur\u00ebs suaj. Disa nga dobit\u00eb jan\u00eb si m\u00eb posht\u00eb:<\/p>\n<p>-Redukton inflamimet<\/p>\n<p>&#8211; Heq \u00e7do toksin\u00eb q\u00eb mund t\u00eb keni<\/p>\n<p>&#8211; T\u00eb shfyn l\u00ebkur\u00ebn.<\/p>\n<p>-Largon njollat e zeza posht syve<\/p>\n<p>-Rrit kolagjenin<\/p>\n<p>-T\u00eb ngre fytyr\u00ebn<\/p>\n<p>-Largon rrudhat dhe shum\u00eb m\u00eb tep\u00ebr\u2026<\/p>\n<p><strong>P\u00ebrfitimet e kristalit t\u00eb Jades<\/strong><\/p>\n<p>Jade \u00ebsht\u00eb nj\u00eb kristal i shk\u00eblqyesh\u00ebm p\u00ebr ngritjen e guximit dhe p\u00ebr \u00e7lirimin e mendimeve ose emocioneve negative. Njihet gjithashtu si nj\u00eb simbol i past\u00ebrtis\u00eb dhe qet\u00ebsis\u00eb. Duke e pasur at\u00eb n\u00eb jet\u00ebn tuaj do t&#8217;ju sjell\u00eb prosperitet, sukses dhe lumturi.<\/p>\n<p>\u00cbsht\u00eb i dobish\u00ebm p\u00ebr sh\u00ebndetin tuaj t\u00eb p\u00ebrgjithsh\u00ebm, sepse do t&#8217;i balancoj\u00eb nervat tuaja, do t&#8217;ju \u00e7liroj\u00eb dhe do t&#8217;ju sh\u00ebroj\u00eb emocionalisht. Me k\u00ebt\u00eb kristal n\u00eb jet\u00ebn tuaj do t&#8217;ju mund\u00ebsoj t\u00eb ktheni tek vet\u00ebvetja.<\/p>\n<p><strong>\u00c7akra:<\/strong><\/p>\n<p>-Zemra<\/p>\n<p><strong>Horoskopi:<\/strong><\/p>\n<p>-Dashi<\/p>\n<p>-Peshqit<\/p>\n","protected":false},"excerpt":{"rendered":"<p>Jade &#8211; Roller p\u00ebr fytyr\u00ebn P\u00ebr \u00e7ka p\u00ebrdoren rollerat p\u00ebr fytyr\u00ebn? Rrollerat e fytyr\u00ebs jan\u00eb nj\u00eb mjet i kujdesit t\u00eb l\u00ebkur\u00ebs q\u00eb jan\u00eb p\u00ebrdorur me shekuj<span class=\"excerpt-hellip\"> [\u2026]<\/span><\/p>\n","protected":false},"featured_media":4227,"comment_status":"open","ping_status":"closed","template":"","meta":[],"product_brand":[],"product_cat":[2288],"product_tag":[],"class_list":{"0":"post-4226","1":"product","2":"type-product","3":"status-publish","4":"has-post-thumbnail","6":"product_cat-crystal-beauty-sq-2","8":"first","9":"instock","10":"shipping-taxable","11":"purchasable","12":"product-type-simple"},"_links":{"self":[{"href":"https:\/\/tinacrystals.com\/sq\/wp-json\/wp\/v2\/product\/4226","targetHints":{"allow":["GET"]}}],"collection":[{"href":"https:\/\/tinacrystals.com\/sq\/wp-json\/wp\/v2\/product"}],"about":[{"href":"https:\/\/tinacrystals.com\/sq\/wp-json\/wp\/v2\/types\/product"}],"replies":[{"embeddable":true,"href":"https:\/\/tinacrystals.com\/sq\/wp-json\/wp\/v2\/comments?post=4226"}],"wp:featuredmedia":[{"embeddable":true,"href":"https:\/\/tinacrystals.com\/sq\/wp-json\/wp\/v2\/media\/4227"}],"wp:attachment":[{"href":"https:\/\/tinacrystals.com\/sq\/wp-json\/wp\/v2\/media?parent=4226"}],"wp:term":[{"taxonomy":"product_brand","embeddable":true,"href":"https:\/\/tinacrystals.com\/sq\/wp-json\/wp\/v2\/product_brand?post=4226"},{"taxonomy":"product_cat","embeddable":true,"href":"https:\/\/tinacrystals.com\/sq\/wp-json\/wp\/v2\/product_cat?post=4226"},{"taxonomy":"product_tag","embeddable":true,"href":"https:\/\/tinacrystals.com\/sq\/wp-json\/wp\/v2\/product_tag?post=4226"}],"curies":[{"name":"wp","href":"https:\/\/api.w.org\/{rel}","templated":true}]}}