{"id":4235,"date":"2021-08-12T06:59:38","date_gmt":"2021-11-25T08:51:41","guid":{"rendered":"https:\/\/www.naturalgemstoneshop.com\/product\/rose-quartz-roler-per-fytyre\/"},"modified":"2022-05-12T14:05:13","modified_gmt":"2022-05-12T12:05:13","slug":"rose-quartz-face-roller-2","status":"publish","type":"product","link":"https:\/\/tinacrystals.com\/sq\/product\/rose-quartz-face-roller-2\/","title":{"rendered":"Kuarci Roz\u00eb Roler Fytyre"},"content":{"rendered":"<p><strong>Kuarci Roz\u00eb &#8211; ROLER P\u00cbR FYTYR\u00cbN<\/strong><\/p>\n<p><strong>P\u00ebr \u00e7ka p\u00ebrdoren rollerat p\u00ebr fytyr\u00ebn?<\/strong><\/p>\n<p>Rrollerat e fytyr\u00ebs jan\u00eb nj\u00eb mjet i kujdesit t\u00eb l\u00ebkur\u00ebs q\u00eb jan\u00eb p\u00ebrdorur me shekuj nga aristokracia kineze p\u00ebr dobit\u00eb e shum\u00ebta q\u00eb ia japin lekur\u00ebs suaj. Disa nga dobit\u00eb jan\u00eb si m\u00eb posht\u00eb:<\/p>\n<p>-Redukton inflamimet<\/p>\n<p>&#8211; Heq \u00e7do toksin\u00eb q\u00eb mund t\u00eb keni<\/p>\n<p>&#8211; T\u00eb shfyn l\u00ebkur\u00ebn.<\/p>\n<p>-Largon njollat e zeza posht syve<\/p>\n<p>-Rrit kolagjenin<\/p>\n<p>-T\u00eb ngre fytyr\u00ebn<\/p>\n<p>-Largon rrudhat dhe shum\u00eb m\u00eb tep\u00ebr\u2026<\/p>\n<p>&nbsp;<\/p>\n<p>&nbsp;<\/p>\n<p><strong>KUARCI ROZ\u00cb DOBIT\u00cb<\/strong><\/p>\n<p><strong>HOROSKOPI<\/strong>: Demi, Peshorja<br \/>\n<strong>\u00c7<\/strong><strong>AKRA<\/strong>: Zem\u00ebr<\/p>\n<p>Kuarci roz\u00eb njihet edhe si guri i dashuris\u00eb.<\/p>\n<p>&nbsp;<\/p>\n<p>Inkurajon t\u00eb gjitha llojet e dashuris\u00eb, qoft\u00eb kjo dashuri p\u00ebr veten, dashuri romantike apo edhe dashuri miq\u00ebsore.<\/p>\n<p>&nbsp;<\/p>\n<p><strong><em>Sh\u00ebrimi shpirt\u00ebror:<\/em><\/strong><\/p>\n<p>Vetit\u00eb sh\u00ebruese t\u00eb kuarcit roz\u00eb jan\u00eb t\u00eb lidhura me g\u00ebzimin, boll\u00ebkun, dashurin\u00eb dhe energjin\u00eb.<\/p>\n<p>Kuarci i roz\u00eb \u00ebsht\u00eb p\u00ebrdorur n\u00eb t\u00eb kaluar\u00ebn si nj\u00eb simbol i fatit t\u00eb mir\u00eb.<\/p>\n<p>Ajo ka aft\u00ebsin\u00eb p\u00ebr t\u00eb t\u00ebrhequr dashurin\u00eb, e t\u00ebrheq at\u00eb n\u00eb t\u00eb gjitha format, dhe gjithashtu ka nj\u00eb lidhje t\u00eb fort\u00eb me dashurin\u00eb p\u00ebr veten.<\/p>\n<p>&nbsp;<\/p>\n<p><strong><em>Sh\u00ebrimi fizik:<\/em><\/strong><\/p>\n<p>Kuarci i roz\u00eb njihet me p\u00ebrfitime t\u00eb bukura sh\u00ebruese edhe p\u00ebr trupin. Mund t&#8217;ju ndihmoj\u00eb t\u00eb parandaloni tromboz\u00ebn dhe sulmet n\u00eb zem\u00ebr, t\u00eb p\u00ebrmir\u00ebsoni sistemin e qarkullimit t\u00eb gjakut dhe t\u00eb siguroheni q\u00eb muskujt e zemr\u00ebs tuaj t\u00eb jen\u00eb sa m\u00eb t\u00eb fort\u00eb.<\/p>\n<p>Ky kristal thuhet gjithashtu se ndihmon n\u00eb mbrojtjen e n\u00ebn\u00ebs dhe f\u00ebmij\u00ebs s\u00eb palindur nga problemet gjat\u00eb shtatz\u00ebnis\u00eb fal\u00eb energjis\u00eb s\u00eb tij t\u00eb thell\u00eb fem\u00ebrore.<\/p>\n<p>&nbsp;<\/p>\n<p><strong><em>Sh\u00ebrimi emocional:<\/em><\/strong><\/p>\n<p>Kuarci i roz\u00eb \u00ebsht\u00eb i lidhur drejtp\u00ebrdrejt me \u00e7akr\u00ebn e zemr\u00ebs dhe ky kristal p\u00ebrdoret shpesh p\u00ebr t&#8217;ju ndihmuar t\u00eb sh\u00ebroheni nga dhimbja ose trauma e mbetur nga plag\u00ebt e thella emocionale.<\/p>\n<p>Ky kristal \u00ebsht\u00eb i nevojsh\u00ebm p\u00ebr dik\u00eb q\u00eb d\u00ebshiron t\u00eb doj\u00eb dhe t\u00eb jet\u00eb i dashur nga t\u00eb tjer\u00ebt. Kjo nuk duhet t\u00eb merret si nj\u00eb dashuri romantike, por m\u00eb shum\u00eb p\u00ebr t\u00eb gjetur nj\u00eb ndjenj\u00eb dhembshurie dhe kujdesi n\u00eb k\u00ebt\u00eb bot\u00eb.<\/p>\n<p>&nbsp;<\/p>\n<p><strong><em>Pastrimi dhe rimbushja:<\/em><\/strong><\/p>\n<p>N\u00ebse d\u00ebshironi t\u00eb ndjeni energjin\u00eb e kristalit si t\u00eb jet\u00eb i ri, duhet ta pastroni, ndaj vendoseni n\u00ebn uj\u00eb p\u00ebr nj\u00eb dit\u00eb t\u00eb plot\u00eb p\u00ebr t\u00eb hequr qafe energjit\u00eb negative.<\/p>\n<p>P\u00ebr t\u00eb rimbushur k\u00ebt\u00eb kristal duhet ta lini t\u00eb zhytur n\u00eb uj\u00eb t\u00eb kripur p\u00ebr 48 or\u00eb.<\/p>\n","protected":false},"excerpt":{"rendered":"<p>Kuarci Roz\u00eb &#8211; ROLER P\u00cbR FYTYR\u00cbN P\u00ebr \u00e7ka p\u00ebrdoren rollerat p\u00ebr fytyr\u00ebn? Rrollerat e fytyr\u00ebs jan\u00eb nj\u00eb mjet i kujdesit t\u00eb l\u00ebkur\u00ebs q\u00eb jan\u00eb p\u00ebrdorur me<span class=\"excerpt-hellip\"> [\u2026]<\/span><\/p>\n","protected":false},"featured_media":4237,"comment_status":"open","ping_status":"closed","template":"","meta":[],"product_brand":[],"product_cat":[2405,2372,2355,2370,2288,2345,2310,2366,2289,2382,2359,2352,2304,2404],"product_tag":[],"class_list":{"0":"post-4235","1":"product","2":"type-product","3":"status-publish","4":"has-post-thumbnail","6":"product_cat-blej-sipas","7":"product_cat-blej-sipas-ngjyres","8":"product_cat-dashuri-harmoni","9":"product_cat-demi","10":"product_cat-crystal-beauty-sq-2","11":"product_cat-kuarci-roze","12":"product_cat-llojet-e-gurve-te-cmuar","13":"product_cat-peshorja","14":"product_cat-face-roller-sq","15":"product_cat-roze","16":"product_cat-shenjat-e-horoskopit","17":"product_cat-qellim","18":"product_cat-zemra","19":"product_cat-zona-e-cakres","21":"first","22":"outofstock","23":"shipping-taxable","24":"purchasable","25":"product-type-simple"},"_links":{"self":[{"href":"https:\/\/tinacrystals.com\/sq\/wp-json\/wp\/v2\/product\/4235","targetHints":{"allow":["GET"]}}],"collection":[{"href":"https:\/\/tinacrystals.com\/sq\/wp-json\/wp\/v2\/product"}],"about":[{"href":"https:\/\/tinacrystals.com\/sq\/wp-json\/wp\/v2\/types\/product"}],"replies":[{"embeddable":true,"href":"https:\/\/tinacrystals.com\/sq\/wp-json\/wp\/v2\/comments?post=4235"}],"wp:featuredmedia":[{"embeddable":true,"href":"https:\/\/tinacrystals.com\/sq\/wp-json\/wp\/v2\/media\/4237"}],"wp:attachment":[{"href":"https:\/\/tinacrystals.com\/sq\/wp-json\/wp\/v2\/media?parent=4235"}],"wp:term":[{"taxonomy":"product_brand","embeddable":true,"href":"https:\/\/tinacrystals.com\/sq\/wp-json\/wp\/v2\/product_brand?post=4235"},{"taxonomy":"product_cat","embeddable":true,"href":"https:\/\/tinacrystals.com\/sq\/wp-json\/wp\/v2\/product_cat?post=4235"},{"taxonomy":"product_tag","embeddable":true,"href":"https:\/\/tinacrystals.com\/sq\/wp-json\/wp\/v2\/product_tag?post=4235"}],"curies":[{"name":"wp","href":"https:\/\/api.w.org\/{rel}","templated":true}]}}