{"id":4400,"date":"2021-08-11T12:27:34","date_gmt":"2021-11-25T09:41:39","guid":{"rendered":"https:\/\/www.naturalgemstoneshop.com\/product\/kulla-labradorite\/"},"modified":"2022-05-12T14:07:58","modified_gmt":"2022-05-12T12:07:58","slug":"labradorite-tower-2","status":"publish","type":"product","link":"https:\/\/tinacrystals.com\/sq\/product\/labradorite-tower-2\/","title":{"rendered":"Labradorit Cop\u00eb"},"content":{"rendered":"<p><strong>HOROSKOPI<\/strong>: Demi, Luani, Akrepi, Shigjetari, Peshqit<br \/>\n<strong>CHAKRA<\/strong>: Syri i tret\u00eb, Fyt<\/p>\n<p>&nbsp;<\/p>\n<p>Secili labradorit ka nj\u00eb bukuri unike q\u00eb t\u00ebrheq v\u00ebmendjen e t\u00eb gjith\u00ebve.<\/p>\n<p><strong>\u00a0<\/strong><\/p>\n<p><strong><em>Sh\u00ebrimi shpirt\u00ebror:<\/em><\/strong><\/p>\n<p>Labradoriti aktivizon imagjinat\u00ebn tuaj p\u00ebr t\u00eb krijuar ide t\u00eb reja, sjell qart\u00ebsi n\u00eb mendimet tuaja, sjell paqe, zgjon lirin\u00eb dhe ekuilibrin.<\/p>\n<p>Krijon nj\u00eb m\u00ebnyr\u00eb p\u00ebr t\u00eb komunikuar me vet\u00ebbesim dhe besim m\u00eb t\u00eb lart\u00eb.<\/p>\n<p><strong><em>\u00a0<\/em><\/strong><\/p>\n<p><strong><em>Sh\u00ebrimi fizik:<\/em><\/strong><\/p>\n<p>Ky kristal ndihmon n\u00eb reduktimin e dhimbjeve fizike, ftohjes, koll\u00ebs, problemeve me frym\u00ebmarrjen, metabolizmit.<\/p>\n<p>Do t\u00eb reduktoj\u00eb stresin, ankthin, depresionin dhe tensionin.<\/p>\n<p><strong>\u00a0<\/strong><\/p>\n<p><strong><em>Sh\u00ebrimi emocional<\/em><\/strong><em>:<\/em><\/p>\n<p>Labradoriti promovon vet\u00ebbesimin dhe vet\u00ebvler\u00ebsimin. Ajo rifiton energjin\u00eb tuaj nga brenda sip\u00ebrfaqes direkt n\u00eb vet\u00ebdijen tuaj t\u00eb brendshme.<\/p>\n<p>Ndihmon ata q\u00eb p\u00ebrjetojn\u00eb trauma, prishje emocionale dhe p\u00ebrb\u00ebhet nga fuqit\u00eb e rritjes s\u00eb energjis\u00eb p\u00ebr t\u00eb dh\u00ebn\u00eb m\u00eb shum\u00eb forc\u00eb, kurajo, fokus dhe t\u00eb jen\u00eb t\u00eb orientuar drejt q\u00ebllimit.<\/p>\n<p><strong>\u00a0<\/strong><\/p>\n<p><strong><em>Pastroni dhe rimbushni:<\/em><\/strong><\/p>\n<p>Kujdesi p\u00ebr kristalet tuaja \u00ebsht\u00eb nj\u00eb faktor ky\u00e7 n\u00eb m\u00ebnyr\u00ebn se si ato funksionojn\u00eb. Nj\u00eb nga m\u00ebnyrat m\u00eb t\u00eb mira p\u00ebr t\u00eb pastruar Labradoritin \u00ebsht\u00eb ta mbani n\u00ebn uj\u00eb p\u00ebr disa minuta dhe ta lini t\u00eb pastroj\u00eb t\u00eb gjith\u00eb energjin\u00eb negative q\u00eb ka kristali. Pasi ta b\u00ebni k\u00ebt\u00eb, sigurohuni q\u00eb ta rimbushni n\u00ebn drit\u00ebn e h\u00ebn\u00ebs gjat\u00eb nat\u00ebs ose p\u00ebr 2 net\u00eb me radh\u00eb.<\/p>\n","protected":false},"excerpt":{"rendered":"<p>Cmimi\/gram: 0.122 euro<\/p>\n<p>Pesha: 1.225 grams<\/p>\n<p>Dimensionet: 13x11x5.5 cm<\/p>\n","protected":false},"featured_media":8991,"comment_status":"open","ping_status":"closed","template":"","meta":[],"product_brand":[],"product_cat":[2369,2405,2372,2293,2370,2358,2309,2378,2299,2327,2310,2298,2367,2354,2359,2368,2352,2308,2404],"product_tag":[],"class_list":{"0":"post-4400","1":"product","2":"type-product","3":"status-publish","4":"has-post-thumbnail","6":"product_cat-akrepi-sq","7":"product_cat-blej-sipas","8":"product_cat-blej-sipas-ngjyres","9":"product_cat-decorations-sq","10":"product_cat-demi","11":"product_cat-force-stabilitet","12":"product_cat-fyti","13":"product_cat-gri","14":"product_cat-kulla-kristalesh","15":"product_cat-labradorite-sq","16":"product_cat-llojet-e-gurve-te-cmuar","17":"product_cat-kristale-minerale","18":"product_cat-peshqit","19":"product_cat-shendet-balans","20":"product_cat-shenjat-e-horoskopit","21":"product_cat-shigjetari","22":"product_cat-qellim","23":"product_cat-syri-i-trete","24":"product_cat-zona-e-cakres","26":"first","27":"instock","28":"shipping-taxable","29":"purchasable","30":"product-type-simple"},"_links":{"self":[{"href":"https:\/\/tinacrystals.com\/sq\/wp-json\/wp\/v2\/product\/4400","targetHints":{"allow":["GET"]}}],"collection":[{"href":"https:\/\/tinacrystals.com\/sq\/wp-json\/wp\/v2\/product"}],"about":[{"href":"https:\/\/tinacrystals.com\/sq\/wp-json\/wp\/v2\/types\/product"}],"replies":[{"embeddable":true,"href":"https:\/\/tinacrystals.com\/sq\/wp-json\/wp\/v2\/comments?post=4400"}],"wp:featuredmedia":[{"embeddable":true,"href":"https:\/\/tinacrystals.com\/sq\/wp-json\/wp\/v2\/media\/8991"}],"wp:attachment":[{"href":"https:\/\/tinacrystals.com\/sq\/wp-json\/wp\/v2\/media?parent=4400"}],"wp:term":[{"taxonomy":"product_brand","embeddable":true,"href":"https:\/\/tinacrystals.com\/sq\/wp-json\/wp\/v2\/product_brand?post=4400"},{"taxonomy":"product_cat","embeddable":true,"href":"https:\/\/tinacrystals.com\/sq\/wp-json\/wp\/v2\/product_cat?post=4400"},{"taxonomy":"product_tag","embeddable":true,"href":"https:\/\/tinacrystals.com\/sq\/wp-json\/wp\/v2\/product_tag?post=4400"}],"curies":[{"name":"wp","href":"https:\/\/api.w.org\/{rel}","templated":true}]}}