{"id":4412,"date":"2021-08-11T11:52:50","date_gmt":"2021-11-25T09:47:49","guid":{"rendered":"https:\/\/www.naturalgemstoneshop.com\/product\/kulla-karborundum\/"},"modified":"2022-05-12T14:08:16","modified_gmt":"2022-05-12T12:08:16","slug":"carborundum-tower","status":"publish","type":"product","link":"https:\/\/tinacrystals.com\/sq\/product\/carborundum-tower\/","title":{"rendered":"Karborundum Kulla"},"content":{"rendered":"<p><strong>HOROSKOPI<\/strong>: Ujori<br \/>\n<strong>CHAKRA<\/strong>: T\u00eb gjitha<\/p>\n<p>Karborundi \u00ebsht\u00eb nj\u00eb mineral i brisht\u00eb, \u00ebsht\u00eb nj\u00eb gur i \u00e7muar p\u00ebr njer\u00ebzit q\u00eb \u00ebnd\u00ebrrojn\u00eb dhe ata q\u00eb shikojn\u00eb yjet dhe astrologjin\u00eb p\u00ebr p\u00ebrgjigje.<\/p>\n<p><em><strong><br \/>\nSh\u00ebrimi shpirt\u00ebror<\/strong>:<\/em><\/p>\n<p>Karborundi inkurajon vet\u00ebdijen tuaj dhe pastron t\u00eb gjith\u00eb negativitetin rreth jush.<\/p>\n<p>Ju ndihmon t\u00eb relaksoni shpirtin tuaj dhe t\u00eb mendoni m\u00eb pozitivisht dhe racionalisht.<\/p>\n<p><em><strong><br \/>\nSh\u00ebrimi fizik:<\/strong><\/em><\/p>\n<p>Ky kristal rrit vitalitetin tuaj dhe ju ndihmon me problemet tuaja me metabolizmin.<\/p>\n<p>Eliminon dhimbjet e kok\u00ebs nga tensioni, stresi apo edhe migrena.<\/p>\n<p><strong><br \/>\n<em>Sh\u00ebrimi emocional:<\/em><\/strong><\/p>\n<p>Karborundumi mendohet t\u00eb jet\u00eb nj\u00eb sh\u00ebrues mjesht\u00ebror q\u00eb ndri\u00e7on drit\u00ebn n\u00eb t\u00eb gjitha fushat e jet\u00ebs suaj dhe lidhet me t\u00eb gjitha chakrat, pastron mendjen, trupin dhe shpirtin.<\/p>\n<p>Ju ndihmon t\u00eb sh\u00ebroheni nga plag\u00ebt e kaluara emocionale, dhe gjithashtu do t&#8217;ju jap\u00eb forc\u00eb dhe kurajo p\u00ebr t\u00eb folur p\u00ebr at\u00eb q\u00eb ju shqet\u00ebson.<\/p>\n<p><em><strong>Pastroni dhe rimbushni:<\/strong><\/em><\/p>\n<p>Guri duhet t\u00eb pastrohet rregullisht, b\u00ebjeni k\u00ebt\u00eb n\u00ebn uj\u00eb t\u00eb rrjedhsh\u00ebm p\u00ebr disa minuta ose n\u00ebn drit\u00ebn e h\u00ebn\u00ebs gjat\u00eb nat\u00ebs. Ju gjithashtu mund t\u00eb p\u00ebrdorni Selenitin ose Kuarc t\u00eb past\u00ebr p\u00ebr t\u00eb ngarkuar gurin.<\/p>\n<p>E t\u00ebra \u00e7far\u00eb ju duhet t\u00eb b\u00ebni \u00ebsht\u00eb t\u00eb vendosni kristalin ose gurin q\u00eb d\u00ebshironi t\u00eb rimbusheni mbi kristalin pastrues p\u00ebr t\u00eb pakt\u00ebn shtat\u00eb or\u00eb.<\/p>\n","protected":false},"excerpt":{"rendered":"<p>32 euro\/nj\u00eb cop\u00eb<\/p>\n","protected":false},"featured_media":9033,"comment_status":"open","ping_status":"closed","template":"","meta":[],"product_brand":[],"product_cat":[2405,2372,2355,2293,2373,2309,2789,2299,2303,2310,2357,2298,2307,2305,2306,2359,2352,2308,2360,2304,2404],"product_tag":[],"class_list":{"0":"post-4412","1":"product","2":"type-product","3":"status-publish","4":"has-post-thumbnail","6":"product_cat-blej-sipas","7":"product_cat-blej-sipas-ngjyres","8":"product_cat-dashuri-harmoni","9":"product_cat-decorations-sq","10":"product_cat-e-zeze","11":"product_cat-fyti","12":"product_cat-karborundum","13":"product_cat-kulla-kristalesh","14":"product_cat-kurora","15":"product_cat-llojet-e-gurve-te-cmuar","16":"product_cat-mbrotje-paqe","17":"product_cat-kristale-minerale","18":"product_cat-pleksusi-diellor","19":"product_cat-rrenja","20":"product_cat-sakrale","21":"product_cat-shenjat-e-horoskopit","22":"product_cat-qellim","23":"product_cat-syri-i-trete","24":"product_cat-ujori","25":"product_cat-zemra","26":"product_cat-zona-e-cakres","28":"first","29":"outofstock","30":"shipping-taxable","31":"purchasable","32":"product-type-simple"},"_links":{"self":[{"href":"https:\/\/tinacrystals.com\/sq\/wp-json\/wp\/v2\/product\/4412","targetHints":{"allow":["GET"]}}],"collection":[{"href":"https:\/\/tinacrystals.com\/sq\/wp-json\/wp\/v2\/product"}],"about":[{"href":"https:\/\/tinacrystals.com\/sq\/wp-json\/wp\/v2\/types\/product"}],"replies":[{"embeddable":true,"href":"https:\/\/tinacrystals.com\/sq\/wp-json\/wp\/v2\/comments?post=4412"}],"wp:featuredmedia":[{"embeddable":true,"href":"https:\/\/tinacrystals.com\/sq\/wp-json\/wp\/v2\/media\/9033"}],"wp:attachment":[{"href":"https:\/\/tinacrystals.com\/sq\/wp-json\/wp\/v2\/media?parent=4412"}],"wp:term":[{"taxonomy":"product_brand","embeddable":true,"href":"https:\/\/tinacrystals.com\/sq\/wp-json\/wp\/v2\/product_brand?post=4412"},{"taxonomy":"product_cat","embeddable":true,"href":"https:\/\/tinacrystals.com\/sq\/wp-json\/wp\/v2\/product_cat?post=4412"},{"taxonomy":"product_tag","embeddable":true,"href":"https:\/\/tinacrystals.com\/sq\/wp-json\/wp\/v2\/product_tag?post=4412"}],"curies":[{"name":"wp","href":"https:\/\/api.w.org\/{rel}","templated":true}]}}