{"id":4447,"date":"2021-08-11T09:34:36","date_gmt":"2021-11-25T09:58:57","guid":{"rendered":"https:\/\/www.naturalgemstoneshop.com\/product\/grupi-i-morionit-te-zi-kuartz\/"},"modified":"2022-05-12T14:09:02","modified_gmt":"2022-05-12T12:09:02","slug":"black-marion-quartz-cluster-2","status":"publish","type":"product","link":"https:\/\/tinacrystals.com\/sq\/product\/black-marion-quartz-cluster-2\/","title":{"rendered":"Kuarci Zi Marionit"},"content":{"rendered":"<p><strong>Kristal Kuarci i Zi (Morion)<\/strong><\/p>\n<p>Morioni i zi \u00ebsht\u00eb nj\u00eb kristal q\u00eb ju sjell harmoni t\u00eb k\u00ebndshme, ju ndihmon t\u00eb ndiheni t\u00eb q\u00ebndruesh\u00ebm dhe t\u00eb sigurt, ju ndihmon t\u00eb jeni n\u00eb nj\u00eb linj\u00eb t\u00eb p\u00ebrsosur me mendjen dhe shpirtin tuaj. Nga ana shpirt\u00ebrore ju jep mb\u00ebshtetje n\u00eb koh\u00eb t\u00eb v\u00ebshtira dhe rrit aft\u00ebsin\u00eb tuaj p\u00ebr t\u00eb p\u00ebrballuar stresin, ka veti t\u00eb forta mbrojt\u00ebse dhe ju mund\u00ebson t\u00eb jeni t\u00eb kujdessh\u00ebm se k\u00eb pretendoni p\u00ebr bashk\u00ebpun\u00ebtor\u00ebt tuaj shpirt\u00ebror\u00eb.<\/p>\n<p>Nga ana emocionale ju ndihmon t\u00eb angazhoheni m\u00eb shum\u00eb me bot\u00ebn p\u00ebrreth jush dhe t\u00eb kuptoni bekimin e t\u00eb qenit gjall\u00eb. Ai largon energjit\u00eb negative dhe zvog\u00eblon dhimbjet.<\/p>\n<p><strong>Si t\u00eb p\u00ebrdorni kristalin?<\/strong><\/p>\n<p>Mbajeni kristalin kudo ku ndiheni rehat, ai ju ndihmon t\u00eb keni nj\u00eb jet\u00eb m\u00eb t\u00eb ndritshme p\u00ebrpara dhe st\u00ebrvit mendjen tuaj t\u00eb mendoj\u00eb pozitivisht. Ju gjithashtu mund ta perdorni at\u00eb si dhurat\u00eb p\u00ebr t&#8217;i uruar njer\u00ebzve nj\u00eb jet\u00eb m\u00eb t\u00eb ndritshme p\u00ebrpara.<\/p>\n<p><strong>Si ta pastrosh\/rikarikosh kristalin?<\/strong><\/p>\n<p>Mbajeni gurin t\u00eb past\u00ebr duke e lar\u00eb n\u00eb uj\u00eb t\u00eb fresk\u00ebt, mbajeni n\u00eb hije p\u00ebr t\u00eb mbrojtur ngjyr\u00ebn e tij. Shtoni energjin\u00eb e tij duke e l\u00ebn\u00eb t\u00eb pushoj\u00eb pran\u00eb nj\u00eb bime Sigurohuni q\u00eb t&#8217;i vendosni q\u00ebllimet tuaja t\u00eb pastra n\u00ebn h\u00ebn\u00eb ose me ndonj\u00eb muzik\u00eb ose fjal\u00eb drejtuar kristalit.<\/p>\n<p><strong>Horoskopi:<\/strong><\/p>\n<p>-Shigjetari<\/p>\n<p>-Akrepi<\/p>\n<p>-Bricjapi<\/p>\n<p><strong>\u00c7akra:<\/strong><\/p>\n<p>-Baz\u00eb<\/p>\n","protected":false},"excerpt":{"rendered":"<p>3.7 Kg\/Cluster<br \/>\nTransport Falas ne gjithe boten<\/p>\n","protected":false},"featured_media":4448,"comment_status":"open","ping_status":"closed","template":"","meta":[],"product_brand":[],"product_cat":[2444,2391],"product_tag":[],"class_list":{"0":"post-4447","1":"product","2":"type-product","3":"status-publish","4":"has-post-thumbnail","6":"product_cat-kristal-geode-kllaster","7":"product_cat-slider","9":"first","10":"instock","11":"shipping-taxable","12":"purchasable","13":"product-type-simple"},"_links":{"self":[{"href":"https:\/\/tinacrystals.com\/sq\/wp-json\/wp\/v2\/product\/4447","targetHints":{"allow":["GET"]}}],"collection":[{"href":"https:\/\/tinacrystals.com\/sq\/wp-json\/wp\/v2\/product"}],"about":[{"href":"https:\/\/tinacrystals.com\/sq\/wp-json\/wp\/v2\/types\/product"}],"replies":[{"embeddable":true,"href":"https:\/\/tinacrystals.com\/sq\/wp-json\/wp\/v2\/comments?post=4447"}],"wp:featuredmedia":[{"embeddable":true,"href":"https:\/\/tinacrystals.com\/sq\/wp-json\/wp\/v2\/media\/4448"}],"wp:attachment":[{"href":"https:\/\/tinacrystals.com\/sq\/wp-json\/wp\/v2\/media?parent=4447"}],"wp:term":[{"taxonomy":"product_brand","embeddable":true,"href":"https:\/\/tinacrystals.com\/sq\/wp-json\/wp\/v2\/product_brand?post=4447"},{"taxonomy":"product_cat","embeddable":true,"href":"https:\/\/tinacrystals.com\/sq\/wp-json\/wp\/v2\/product_cat?post=4447"},{"taxonomy":"product_tag","embeddable":true,"href":"https:\/\/tinacrystals.com\/sq\/wp-json\/wp\/v2\/product_tag?post=4447"}],"curies":[{"name":"wp","href":"https:\/\/api.w.org\/{rel}","templated":true}]}}