{"id":4473,"date":"2021-08-11T00:58:15","date_gmt":"2021-11-25T10:16:43","guid":{"rendered":"https:\/\/www.naturalgemstoneshop.com\/product\/varese-sandstone-i-kuq\/"},"modified":"2022-07-07T11:12:22","modified_gmt":"2022-07-07T09:12:22","slug":"red-sandstone-vintage-pendant","status":"publish","type":"product","link":"https:\/\/tinacrystals.com\/sq\/product\/red-sandstone-vintage-pendant\/","title":{"rendered":"Gur Rr\u00ebre Ari Vintixh Pendulum"},"content":{"rendered":"<p><strong>Var\u00ebse Sandstone i Kuq<\/strong><\/p>\n<p>Shtoni pak sharm dukjes tuaj me var\u00ebsen tone t\u00eb Sandstone-it t\u00eb kuq.<\/p>\n<p>Ky gur specifik njihet p\u00ebr inkurajimin e ndershm\u00ebris\u00eb dhe ju b\u00ebn t&#8217;i shihni gj\u00ebrat m\u00eb qart\u00eb. Jo vet\u00ebm kaq, por \u00ebsht\u00eb gjithashtu nj\u00eb kristal q\u00eb rrit besimin, guximin, q\u00ebndrimin tuaj pozitiv dhe ju ndihmon t\u00eb arrini q\u00ebllimet tuaja.<\/p>\n<p>Mbajtja e k\u00ebsaj var\u00ebse af\u00ebr jush jo vet\u00ebm q\u00eb do ta b\u00ebj\u00eb veshjen tuaj edhe m\u00eb t\u00eb mir\u00eb, por do t\u00eb t\u00ebrhiqni t\u00eb gjitha fuqit\u00eb q\u00eb mban guri.<\/p>\n<p><strong>\u00c7akra:<\/strong> Zem\u00ebr<\/p>\n<p><strong>Horoskopi<\/strong>: Binjak\u00ebt<\/p>\n","protected":false},"excerpt":{"rendered":"<p>Gjat\u00ebsia: 7 cm<\/p>\n","protected":false},"featured_media":4474,"comment_status":"open","ping_status":"closed","template":"","meta":[],"product_brand":[],"product_cat":[2369,2377,2292,2405,2372,2361,2358,2323,2310,2423,2395,2305,2306,2359,2352,2425,2371,2404],"product_tag":[],"class_list":{"0":"post-4473","1":"product","2":"type-product","3":"status-publish","4":"has-post-thumbnail","6":"product_cat-akrepi-sq","7":"product_cat-ari","8":"product_cat-crystal-jewelry-sq","9":"product_cat-blej-sipas","10":"product_cat-blej-sipas-ngjyres","11":"product_cat-dashi","12":"product_cat-force-stabilitet","13":"product_cat-gur-rrere-ari","14":"product_cat-llojet-e-gurve-te-cmuar","15":"product_cat-pendulume-sq","16":"product_cat-pendant-sq","17":"product_cat-rrenja","18":"product_cat-sakrale","19":"product_cat-shenjat-e-horoskopit","20":"product_cat-qellim","21":"product_cat-vintixh-pendulume","22":"product_cat-virgjersha","23":"product_cat-zona-e-cakres","25":"first","26":"outofstock","27":"shipping-taxable","28":"purchasable","29":"product-type-simple"},"_links":{"self":[{"href":"https:\/\/tinacrystals.com\/sq\/wp-json\/wp\/v2\/product\/4473","targetHints":{"allow":["GET"]}}],"collection":[{"href":"https:\/\/tinacrystals.com\/sq\/wp-json\/wp\/v2\/product"}],"about":[{"href":"https:\/\/tinacrystals.com\/sq\/wp-json\/wp\/v2\/types\/product"}],"replies":[{"embeddable":true,"href":"https:\/\/tinacrystals.com\/sq\/wp-json\/wp\/v2\/comments?post=4473"}],"wp:featuredmedia":[{"embeddable":true,"href":"https:\/\/tinacrystals.com\/sq\/wp-json\/wp\/v2\/media\/4474"}],"wp:attachment":[{"href":"https:\/\/tinacrystals.com\/sq\/wp-json\/wp\/v2\/media?parent=4473"}],"wp:term":[{"taxonomy":"product_brand","embeddable":true,"href":"https:\/\/tinacrystals.com\/sq\/wp-json\/wp\/v2\/product_brand?post=4473"},{"taxonomy":"product_cat","embeddable":true,"href":"https:\/\/tinacrystals.com\/sq\/wp-json\/wp\/v2\/product_cat?post=4473"},{"taxonomy":"product_tag","embeddable":true,"href":"https:\/\/tinacrystals.com\/sq\/wp-json\/wp\/v2\/product_tag?post=4473"}],"curies":[{"name":"wp","href":"https:\/\/api.w.org\/{rel}","templated":true}]}}