{"id":4496,"date":"2021-08-11T00:45:01","date_gmt":"2021-11-26T06:45:17","guid":{"rendered":"https:\/\/www.naturalgemstoneshop.com\/product\/kuarc-i-tejdukshem-qafore-pendant\/"},"modified":"2022-06-09T12:56:17","modified_gmt":"2022-06-09T10:56:17","slug":"clear-quartz-vintage-pendant","status":"publish","type":"product","link":"https:\/\/tinacrystals.com\/sq\/product\/clear-quartz-vintage-pendant\/","title":{"rendered":"Gur Rr\u00ebre Blu Vintixh Pendulum"},"content":{"rendered":"<p><strong>Kuarc i Tejduksh\u00ebm &#8211; Qafore<\/strong><\/p>\n<p>Shtoni pak sharm pamjes tuaj me qaforen ton\u00eb t\u00eb kuarci t\u00eb tejdukshem. Bukuria q\u00eb mban ky gur do t&#8217;ju b\u00ebj\u00eb t\u00eb d\u00ebshironi kurr\u00eb mos ta hiqni at\u00eb.<\/p>\n<p>Ky gur transparent n\u00eb pamje pasqyron nj\u00eb past\u00ebrti q\u00eb nj\u00ebashtu do t\u00eb reflektoj ajo pasterti edhe ne mendimet tauja, ai zgjeron nd\u00ebrgjegjen tuaj dhe ju b\u00ebn t\u00eb rrezononi n\u00eb t\u00eb gjitha \u00e7akrat. Kuarci i tejduksh\u00ebm \u00ebsht\u00eb i mrrekulluesh\u00ebm p\u00ebr pastrimin e mendjes, shpirtit dhe trupit tuaj. Ju largon \u00e7do negativitet dhe ju rrit kapacitetin e t\u00eb mbajturit mend. Kujdesu p\u00ebr gurin q\u00eb ai t\u00eb kujdeset p\u00ebr ju.<\/p>\n<p><strong>Guri i lindjes<\/strong> : Prill<\/p>\n<p><strong>\u00c7akra:<\/strong> Kurora<\/p>\n<p><strong>Horoskopi:<\/strong> T\u00eb gjitha<\/p>\n","protected":false},"excerpt":{"rendered":"<p>Gjat\u00ebsia: 7 cm<\/p>\n","protected":false},"featured_media":4497,"comment_status":"open","ping_status":"closed","template":"","meta":[],"product_brand":[],"product_cat":[2292,2395,2425],"product_tag":[],"class_list":{"0":"post-4496","1":"product","2":"type-product","3":"status-publish","4":"has-post-thumbnail","6":"product_cat-crystal-jewelry-sq","7":"product_cat-pendant-sq","8":"product_cat-vintixh-pendulume","10":"first","11":"instock","12":"shipping-taxable","13":"purchasable","14":"product-type-simple"},"_links":{"self":[{"href":"https:\/\/tinacrystals.com\/sq\/wp-json\/wp\/v2\/product\/4496","targetHints":{"allow":["GET"]}}],"collection":[{"href":"https:\/\/tinacrystals.com\/sq\/wp-json\/wp\/v2\/product"}],"about":[{"href":"https:\/\/tinacrystals.com\/sq\/wp-json\/wp\/v2\/types\/product"}],"replies":[{"embeddable":true,"href":"https:\/\/tinacrystals.com\/sq\/wp-json\/wp\/v2\/comments?post=4496"}],"wp:featuredmedia":[{"embeddable":true,"href":"https:\/\/tinacrystals.com\/sq\/wp-json\/wp\/v2\/media\/4497"}],"wp:attachment":[{"href":"https:\/\/tinacrystals.com\/sq\/wp-json\/wp\/v2\/media?parent=4496"}],"wp:term":[{"taxonomy":"product_brand","embeddable":true,"href":"https:\/\/tinacrystals.com\/sq\/wp-json\/wp\/v2\/product_brand?post=4496"},{"taxonomy":"product_cat","embeddable":true,"href":"https:\/\/tinacrystals.com\/sq\/wp-json\/wp\/v2\/product_cat?post=4496"},{"taxonomy":"product_tag","embeddable":true,"href":"https:\/\/tinacrystals.com\/sq\/wp-json\/wp\/v2\/product_tag?post=4496"}],"curies":[{"name":"wp","href":"https:\/\/api.w.org\/{rel}","templated":true}]}}