{"id":4538,"date":"2021-08-10T21:32:42","date_gmt":"2021-11-26T07:17:05","guid":{"rendered":"https:\/\/www.naturalgemstoneshop.com\/product\/sfera-e-luleshtrydhes-se-gjelber\/"},"modified":"2022-05-12T14:19:46","modified_gmt":"2022-05-12T12:19:46","slug":"green-strawberry-sphere-2","status":"publish","type":"product","link":"https:\/\/tinacrystals.com\/sq\/product\/green-strawberry-sphere-2\/","title":{"rendered":"Dredh\u00ebz e Gjelb\u00ebrt Sfer\u00eb"},"content":{"rendered":"<p><strong>Sfera e Luleshtrydhes s\u00eb Gjelb\u00ebr<\/strong><\/p>\n<p>Si t\u00eb gjitha sferat tona, edhe ato te luleshtrydhes se gjelbert kan\u00eb ve\u00e7antin\u00eb, bukurin\u00eb dhe fuqit\u00eb e tyre. Ato ndihmojn\u00eb me dashurin\u00eb ndaj vetes, ju ndihmojn\u00eb t\u00eb gjeni p\u00ebrgjigje n\u00eb periudha t\u00eb v\u00ebshtira, ju b\u00ebjn\u00eb t\u00eb vler\u00ebsoni m\u00eb shum\u00eb veten, ndihmojn\u00eb p\u00ebr t\u00eb t\u00ebrhequr njer\u00ebz t\u00eb k\u00ebndsh\u00ebm n\u00eb jet\u00ebn tuaj dhe n\u00eb p\u00ebrgjith\u00ebsi ju b\u00ebjn\u00eb m\u00eb t\u00eb qet\u00eb ndaj \u00e7do situate.<\/p>\n<p>Energjia q\u00eb mban ky kristal rrezonon me t\u00eb gjitha \u00e7akrat, energjia e tij \u00ebsht\u00eb e fuqishme dhe funksionon ndryshe n\u00eb mjedise t\u00eb ndryshme. Thith energjin\u00eb negative rreth jush, pra sigurohuni q\u00eb t&#8217;i pastroni ato, ve\u00e7an\u00ebrisht pas periudhave t\u00eb v\u00ebshtira, paraprakisht me q\u00ebllime t\u00eb pastra dhe lani gjithmon\u00eb duart para dhe pas pun\u00ebs me kristalin. \u00cbsht\u00eb gjithmon\u00eb m\u00eb mir\u00eb t\u00eb p\u00ebrdorni metoda t\u00eb ndryshme pastrimi pasi secila prej tyre ka pikat e veta t\u00eb forta.<\/p>\n<p><strong>Si ta p\u00ebrdor\u00ebsh k\u00ebt\u00eb sfer\u00eb?<\/strong><\/p>\n<p>Kjo sfer\u00eb \u00ebsht\u00eb nj\u00eb shtes\u00eb e shk\u00eblqyer p\u00ebr sht\u00ebpin\u00eb tuaj ose vendin ku punoni, ve\u00e7an\u00ebrisht n\u00ebse \u00ebsht\u00eb nj\u00eb mjedis me ritme t\u00eb shpejta. Kjo sfere ju b\u00ebn t\u00eb ndiheni m\u00eb t\u00eb qet\u00eb dhe ju b\u00ebn t\u00eb mendoni m\u00eb racionalisht k\u00ebshtu q\u00eb gradualisht do t\u00eb arrini gjithnj\u00eb e m\u00eb shum\u00eb sukses. Jo vet\u00ebm kaq, por shton nj\u00eb detaj t\u00eb bukur magjike kudo q\u00eb ta shtoni dhe \u00ebsht\u00eb gjithashtu nj\u00eb opsion i shk\u00eblqyesh\u00ebm si dhurat\u00eb p\u00ebr familjen, miqt\u00eb e ngusht\u00eb ose persona t\u00eb tjer\u00ebt t\u00eb r\u00ebnd\u00ebsish\u00ebm.<\/p>\n<p><strong>Horoskopi:<\/strong><\/p>\n<p>-Peshorja<\/p>\n","protected":false},"excerpt":{"rendered":"<p>0.16 euro\/gram<\/p>\n","protected":false},"featured_media":4539,"comment_status":"open","ping_status":"closed","template":"","meta":[],"product_brand":[],"product_cat":[2293,2297],"product_tag":[],"class_list":{"0":"post-4538","1":"product","2":"type-product","3":"status-publish","4":"has-post-thumbnail","6":"product_cat-decorations-sq","7":"product_cat-sfera-kristalesh","9":"first","10":"instock","11":"shipping-taxable","12":"purchasable","13":"product-type-simple"},"_links":{"self":[{"href":"https:\/\/tinacrystals.com\/sq\/wp-json\/wp\/v2\/product\/4538","targetHints":{"allow":["GET"]}}],"collection":[{"href":"https:\/\/tinacrystals.com\/sq\/wp-json\/wp\/v2\/product"}],"about":[{"href":"https:\/\/tinacrystals.com\/sq\/wp-json\/wp\/v2\/types\/product"}],"replies":[{"embeddable":true,"href":"https:\/\/tinacrystals.com\/sq\/wp-json\/wp\/v2\/comments?post=4538"}],"wp:featuredmedia":[{"embeddable":true,"href":"https:\/\/tinacrystals.com\/sq\/wp-json\/wp\/v2\/media\/4539"}],"wp:attachment":[{"href":"https:\/\/tinacrystals.com\/sq\/wp-json\/wp\/v2\/media?parent=4538"}],"wp:term":[{"taxonomy":"product_brand","embeddable":true,"href":"https:\/\/tinacrystals.com\/sq\/wp-json\/wp\/v2\/product_brand?post=4538"},{"taxonomy":"product_cat","embeddable":true,"href":"https:\/\/tinacrystals.com\/sq\/wp-json\/wp\/v2\/product_cat?post=4538"},{"taxonomy":"product_tag","embeddable":true,"href":"https:\/\/tinacrystals.com\/sq\/wp-json\/wp\/v2\/product_tag?post=4538"}],"curies":[{"name":"wp","href":"https:\/\/api.w.org\/{rel}","templated":true}]}}