{"id":4567,"date":"2021-08-10T20:16:14","date_gmt":"2021-11-26T07:25:54","guid":{"rendered":"https:\/\/www.naturalgemstoneshop.com\/product\/sfera-e-bardhe-opal\/"},"modified":"2022-05-12T14:19:57","modified_gmt":"2022-05-12T12:19:57","slug":"white-opal-sphere","status":"publish","type":"product","link":"https:\/\/tinacrystals.com\/sq\/product\/white-opal-sphere\/","title":{"rendered":"Opal Sfer\u00eb"},"content":{"rendered":"<p><strong>SFERA E BARDH\u00cb OPAL<\/strong><\/p>\n<p>Opali i bardh\u00eb \u00ebsht\u00eb nj\u00eb gur i \u00e7muar q\u00eb njihet p\u00ebr t\u00eb qart\u00ebsuar ndjenjat tuaja, ju b\u00ebn m\u00eb kreativ dhe ju b\u00ebn m\u00eb t\u00eb sigurt n\u00eb vete. Guri gjithashtu mund t\u00eb veproj\u00eb si nj\u00eb stabilizues emocional. Pas disa koh\u00ebsh duke patur af\u00ebr k\u00ebt\u00eb gur t\u00eb \u00e7muar do t\u00eb vini re marr\u00ebdh\u00ebnie t\u00eb p\u00ebrmir\u00ebsuara me shumic\u00ebn e njer\u00ebzve q\u00eb keni n\u00eb jet\u00ebn tuaj. Gjithashtu do t&#8217;ju sjell\u00eb m\u00eb shum\u00eb dashuri dhe lumturi.<\/p>\n<p><strong>Si ta perdor\u00ebsh k\u00ebt\u00eb sfer\u00eb?<\/strong><\/p>\n<p>Duke ditur fuqit\u00eb e k\u00ebtij guri q\u00eb rrezatojn\u00eb nga \u00e7do pik\u00eb e sfer\u00ebs, sigurohuni q\u00eb ta mbani at\u00eb n\u00eb nj\u00eb hap\u00ebsir\u00eb ku kaloni shum\u00eb koh\u00eb. Kushtojini sfer\u00ebs shum\u00eb v\u00ebmendje q\u00eb t\u00eb mund t\u00eb lidheni me fuqit\u00eb e saj dhe kjo do t&#8217;ju b\u00ebj\u00eb shikoni rezultatet m\u00eb shpejt.<\/p>\n<p>Kjo sfer\u00eb e bardh\u00eb opali jo vet\u00ebm q\u00eb \u00ebsht\u00eb nj\u00eb opsion i mrrekulluesh\u00ebm p\u00ebr dekor dhe p\u00ebr q\u00ebllime meditimi ose manifestimi, por \u00ebsht\u00eb gjithashtu i p\u00ebrsosur si dhurat\u00eb p\u00ebr miqt\u00eb, familjen ose t\u00eb dashurit.<\/p>\n<p><strong>Si ta pastroni k\u00ebt\u00eb sfer\u00eb?<\/strong><\/p>\n<p>Sigurohuni q\u00eb t\u00eb merrni nj\u00eb leck\u00eb t\u00eb but\u00eb me pak uj\u00eb dhe t\u00eb pastroni me kujdes, t\u00eb keni gjithmon\u00eb q\u00ebllime t\u00eb mira derisa e b\u00ebni k\u00ebt\u00eb, n\u00eb m\u00ebnyr\u00eb q\u00eb guri t\u00eb funksionoj\u00eb n\u00eb kapacitetin e tij m\u00eb t\u00eb fuqishme.<\/p>\n<p><strong> \u00c7akras:<\/strong> Kurora<\/p>\n<p><strong>Horoskopi:<\/strong> Gaforja, Peshorja, Akrepi, Peshqit<\/p>\n","protected":false},"excerpt":{"rendered":"<p>Cmimi\/Gram: 0.12 euro<\/p>\n<p>Pesha: 670 grams<\/p>\n<p>Diameter: \u2300- 80mm\/ 8 cm<\/p>\n","protected":false},"featured_media":8787,"comment_status":"open","ping_status":"closed","template":"","meta":[],"product_brand":[],"product_cat":[2297],"product_tag":[],"class_list":{"0":"post-4567","1":"product","2":"type-product","3":"status-publish","4":"has-post-thumbnail","6":"product_cat-sfera-kristalesh","8":"first","9":"instock","10":"shipping-taxable","11":"purchasable","12":"product-type-simple"},"_links":{"self":[{"href":"https:\/\/tinacrystals.com\/sq\/wp-json\/wp\/v2\/product\/4567","targetHints":{"allow":["GET"]}}],"collection":[{"href":"https:\/\/tinacrystals.com\/sq\/wp-json\/wp\/v2\/product"}],"about":[{"href":"https:\/\/tinacrystals.com\/sq\/wp-json\/wp\/v2\/types\/product"}],"replies":[{"embeddable":true,"href":"https:\/\/tinacrystals.com\/sq\/wp-json\/wp\/v2\/comments?post=4567"}],"wp:featuredmedia":[{"embeddable":true,"href":"https:\/\/tinacrystals.com\/sq\/wp-json\/wp\/v2\/media\/8787"}],"wp:attachment":[{"href":"https:\/\/tinacrystals.com\/sq\/wp-json\/wp\/v2\/media?parent=4567"}],"wp:term":[{"taxonomy":"product_brand","embeddable":true,"href":"https:\/\/tinacrystals.com\/sq\/wp-json\/wp\/v2\/product_brand?post=4567"},{"taxonomy":"product_cat","embeddable":true,"href":"https:\/\/tinacrystals.com\/sq\/wp-json\/wp\/v2\/product_cat?post=4567"},{"taxonomy":"product_tag","embeddable":true,"href":"https:\/\/tinacrystals.com\/sq\/wp-json\/wp\/v2\/product_tag?post=4567"}],"curies":[{"name":"wp","href":"https:\/\/api.w.org\/{rel}","templated":true}]}}