{"id":4582,"date":"2021-08-10T13:19:58","date_gmt":"2021-11-26T07:34:52","guid":{"rendered":"https:\/\/www.naturalgemstoneshop.com\/product\/luleshtrydhe-llule-per-tymosje\/"},"modified":"2022-05-12T14:21:27","modified_gmt":"2022-05-12T12:21:27","slug":"strawberry-smoking-pipe","status":"publish","type":"product","link":"https:\/\/tinacrystals.com\/sq\/product\/strawberry-smoking-pipe\/","title":{"rendered":"Kuarci Dredh\u00ebz Llull\u00eb"},"content":{"rendered":"<p><strong>LULESHTRYDHE E KUQE &#8211; Llule P\u00ebr Tymosje<\/strong><\/p>\n<p>Kristali i dredhz\u00ebs s\u00eb kuqe \u00ebsht\u00eb nj\u00eb gur i njohur p\u00ebr dashuri dhe emocione qet\u00ebsuese, ai ndihmon ve\u00e7an\u00ebrisht njer\u00ebzit q\u00eb jetojn\u00eb n\u00eb mjedise me ritme t\u00eb shpejta. T\u00eb b\u00ebn m\u00eb t\u00eb qet\u00eb, t\u00eb balancon me shpirtin dhe largon gjith\u00eb energjin\u00eb e keqe q\u00eb t\u00eb rrethon.<\/p>\n<p>Kristali ju b\u00ebn m\u00eb t\u00eb vet\u00ebdijsh\u00ebm se kush jeni n\u00eb t\u00eb v\u00ebrtet\u00eb, ai pastron mendjen tuaj, ju b\u00ebn t\u00eb mendoni m\u00eb racionalisht dhe ju inkurajon t\u00eb b\u00ebni m\u00eb mir\u00eb n\u00eb t\u00eb gjitha situatat.<\/p>\n<p><strong>Si t\u00eb kujdesemi per Llul\u00ebn p\u00ebr tymosje ?<\/strong><\/p>\n<p>P\u00ebr ta ringarkuar lejeni n\u00ebn drit\u00ebn e h\u00ebn\u00ebs n\u00eb nj\u00eb tas me uj\u00eb dhe hiqeni n\u00eb m\u00ebngjes.<\/p>\n<p><strong>Horoskopi:<\/strong> Peshorja<\/p>\n<p><strong>\u00c7akra:<\/strong> Zem\u00ebr<\/p>\n","protected":false},"excerpt":{"rendered":"<p>Gjatesia: 110 mm<br \/>\nGjeresia: 25 mm<br \/>\nTrashesia: 17 mm<\/p>\n","protected":false},"featured_media":4583,"comment_status":"open","ping_status":"closed","template":"","meta":[],"product_brand":[],"product_cat":[2294],"product_tag":[],"class_list":{"0":"post-4582","1":"product","2":"type-product","3":"status-publish","4":"has-post-thumbnail","6":"product_cat-llulla-kristalesh","8":"first","9":"instock","10":"shipping-taxable","11":"purchasable","12":"product-type-simple"},"_links":{"self":[{"href":"https:\/\/tinacrystals.com\/sq\/wp-json\/wp\/v2\/product\/4582","targetHints":{"allow":["GET"]}}],"collection":[{"href":"https:\/\/tinacrystals.com\/sq\/wp-json\/wp\/v2\/product"}],"about":[{"href":"https:\/\/tinacrystals.com\/sq\/wp-json\/wp\/v2\/types\/product"}],"replies":[{"embeddable":true,"href":"https:\/\/tinacrystals.com\/sq\/wp-json\/wp\/v2\/comments?post=4582"}],"wp:featuredmedia":[{"embeddable":true,"href":"https:\/\/tinacrystals.com\/sq\/wp-json\/wp\/v2\/media\/4583"}],"wp:attachment":[{"href":"https:\/\/tinacrystals.com\/sq\/wp-json\/wp\/v2\/media?parent=4582"}],"wp:term":[{"taxonomy":"product_brand","embeddable":true,"href":"https:\/\/tinacrystals.com\/sq\/wp-json\/wp\/v2\/product_brand?post=4582"},{"taxonomy":"product_cat","embeddable":true,"href":"https:\/\/tinacrystals.com\/sq\/wp-json\/wp\/v2\/product_cat?post=4582"},{"taxonomy":"product_tag","embeddable":true,"href":"https:\/\/tinacrystals.com\/sq\/wp-json\/wp\/v2\/product_tag?post=4582"}],"curies":[{"name":"wp","href":"https:\/\/api.w.org\/{rel}","templated":true}]}}