{"id":4613,"date":"2021-08-10T13:11:36","date_gmt":"2021-11-26T07:39:59","guid":{"rendered":"https:\/\/www.naturalgemstoneshop.com\/product\/fluorit-i-ylberit-llulla-per-tymosje\/"},"modified":"2022-05-12T14:22:33","modified_gmt":"2022-05-12T12:22:33","slug":"rainbow-fluorite-smoking-pipe","status":"publish","type":"product","link":"https:\/\/tinacrystals.com\/sq\/product\/rainbow-fluorite-smoking-pipe\/","title":{"rendered":"Fluoriti Ylberit Llull\u00eb"},"content":{"rendered":"<p><strong>Fluorit i Ylberit &#8211; Llulla p\u00ebr Tymosje<\/strong><\/p>\n<p>Fluoriti I Ylberit p\u00ebrmban ngjyrat m\u00eb t\u00eb bukura n\u00eb nj\u00eb vend, \u00e7do pjes\u00eb p\u00ebrmban ve\u00e7antin\u00eb dhe bukurin\u00eb e saj. Guri rrezaton qet\u00ebsi dhe ju b\u00ebn t\u00eb ndiheni m\u00eb t\u00eb relaksuar vet\u00ebm duke e par\u00eb.<\/p>\n<p>Thuhet se ky gur lidhet me t\u00eb gjitha 7 \u00e7akrat, \u00ebsht\u00eb nj\u00eb barazues i shk\u00eblqyesh\u00ebm emocional dhe ju kthen n\u00eb ekuilib\u00ebr. Ky gur t\u00ebrheq pozitivitetin dhe ju pastron mendjen nga mendime t\u00eb par\u00ebnd\u00ebsishme, do t&#8217;ju mund\u00ebsoj t\u00eb jeni m\u00eb t\u00eb mir\u00ebkuptuesh\u00ebm n\u00eb aspektin se si i shihni gj\u00ebrat.<\/p>\n<p>Pra, kur gj\u00ebrat b\u00ebhen t\u00eb tensionuara ose t\u00eb v\u00ebshtira, p\u00ebrdorni k\u00ebt\u00eb tub p\u00ebr tymosje nga fluorit ylberi p\u00ebr t\u00eb qet\u00ebsuar gjith\u00e7ka, \u00ebsht\u00eb gjithashtu i shk\u00eblqyesh\u00ebm p\u00ebr manifestimin dhe meditimin e p\u00ebrditsh\u00ebm.<\/p>\n<p><strong>Zonat e \u00c7akr\u00ebs<\/strong>: M\u00eb s\u00eb shumti prek zemr\u00ebn, Syrin e tret\u00eb dhe fytin.<\/p>\n<p><strong>Horoskopi<\/strong>: Bricjapi dhe Peshqit<\/p>\n<p>&nbsp;<\/p>\n<p>&nbsp;<\/p>\n","protected":false},"excerpt":{"rendered":"<p>Gjatesia: 110 mm<br \/>\nGjeresia: 25 mm<br \/>\nTrashesia: 17 mm<\/p>\n","protected":false},"featured_media":4614,"comment_status":"open","ping_status":"closed","template":"","meta":[],"product_brand":[],"product_cat":[2294],"product_tag":[],"class_list":{"0":"post-4613","1":"product","2":"type-product","3":"status-publish","4":"has-post-thumbnail","6":"product_cat-llulla-kristalesh","8":"first","9":"instock","10":"shipping-taxable","11":"purchasable","12":"product-type-simple"},"_links":{"self":[{"href":"https:\/\/tinacrystals.com\/sq\/wp-json\/wp\/v2\/product\/4613","targetHints":{"allow":["GET"]}}],"collection":[{"href":"https:\/\/tinacrystals.com\/sq\/wp-json\/wp\/v2\/product"}],"about":[{"href":"https:\/\/tinacrystals.com\/sq\/wp-json\/wp\/v2\/types\/product"}],"replies":[{"embeddable":true,"href":"https:\/\/tinacrystals.com\/sq\/wp-json\/wp\/v2\/comments?post=4613"}],"wp:featuredmedia":[{"embeddable":true,"href":"https:\/\/tinacrystals.com\/sq\/wp-json\/wp\/v2\/media\/4614"}],"wp:attachment":[{"href":"https:\/\/tinacrystals.com\/sq\/wp-json\/wp\/v2\/media?parent=4613"}],"wp:term":[{"taxonomy":"product_brand","embeddable":true,"href":"https:\/\/tinacrystals.com\/sq\/wp-json\/wp\/v2\/product_brand?post=4613"},{"taxonomy":"product_cat","embeddable":true,"href":"https:\/\/tinacrystals.com\/sq\/wp-json\/wp\/v2\/product_cat?post=4613"},{"taxonomy":"product_tag","embeddable":true,"href":"https:\/\/tinacrystals.com\/sq\/wp-json\/wp\/v2\/product_tag?post=4613"}],"curies":[{"name":"wp","href":"https:\/\/api.w.org\/{rel}","templated":true}]}}