{"id":4717,"date":"2021-08-10T12:40:17","date_gmt":"2021-11-26T07:54:02","guid":{"rendered":"https:\/\/www.naturalgemstoneshop.com\/product\/amethyst-llulle-per-tymosje\/"},"modified":"2022-05-12T14:23:58","modified_gmt":"2022-05-12T12:23:58","slug":"amethyst-smoking-pipe-2","status":"publish","type":"product","link":"https:\/\/tinacrystals.com\/sq\/product\/amethyst-smoking-pipe-2\/","title":{"rendered":"Ametist Llull\u00eb"},"content":{"rendered":"<p><strong>HOROSKOPI<\/strong>: T\u00eb gjitha.<br \/>\n<strong>CHAKRA<\/strong>: Syri I tret\u00eb, Kurora<\/p>\n<p>&nbsp;<\/p>\n<p><em><strong>Ametisti <\/strong><\/em>\u00ebsht\u00eb gur i fuqish\u00ebm, krijon nj\u00eb flusk\u00eb mbrojtjeje shpirt\u00ebrore kund\u00ebr energjis\u00eb negative, do t&#8217;ju ndihmoj\u00eb gjat\u00eb marrjes s\u00eb vendimeve dhe do t&#8217;ju \u00e7liroj\u00eb nga konfuzioni emocional.<\/p>\n<p>&nbsp;<\/p>\n<p><strong>Sh\u00ebrimi shpirt\u00ebror:<\/strong><br \/>\nKy gur zgjon intuit\u00ebn tuaj, zbut trishtimin dhe pik\u00ebllimin, do t\u00eb leht\u00ebsoj\u00eb stresin dhe do t\u00eb qet\u00ebsoj\u00eb nervozizmin.<br \/>\nDuke pasur k\u00ebt\u00eb kristal pran\u00eb jush, do t\u00eb ndiheni sikur shpirti juaj \u00ebsht\u00eb pastruar nga gjith\u00eb negativiteti dhe do t\u00eb ndiheni si nj\u00eb i porsalindur.<br \/>\nKy kristal do t&#8217;ju ndihmoj\u00eb t\u00eb zbatoni fuqit\u00eb tuaja intelektuale n\u00eb situata sfiduese dhe t\u00eb mendoni qart\u00eb p\u00ebr marrjen e vendimeve t\u00eb duhura.<\/p>\n<p>&nbsp;<\/p>\n<p><em><strong>Sh\u00ebrimi fizik:<\/strong><\/em><br \/>\nN\u00eb sh\u00ebrimin fizik do t\u00eb shihni se Ametisti \u00ebsht\u00eb guri q\u00eb ju nevojitet v\u00ebrtet n\u00eb jet\u00ebn tuaj.<br \/>\nDo t&#8217;ju jap\u00eb nj\u00eb jet\u00eb t\u00eb sh\u00ebndetshme dhe do t\u00eb inkurajoj\u00eb nj\u00eb gjum\u00eb dhe pushim t\u00eb qet\u00eb.<br \/>\nAmetisti do t&#8217;ju ndihmoj\u00eb t\u00eb balanconi metabolizmin dhe pozitivisht trupi juaj do t\u00eb gjej\u00eb harmonin\u00eb e tij t\u00eb brendshme.<br \/>\nKy kristal \u00ebsht\u00eb i njohur edhe p\u00ebr t\u00eb ndihmuar n\u00eb luft\u00ebn me pagjum\u00ebsin\u00eb.<br \/>\nP\u00ebr ata q\u00eb vuajn\u00eb nga kok\u00eb dhimbja: si migrena apo tensioni, at\u00ebher\u00eb Ametisti \u00ebsht\u00eb kristali juaj i domosdosh\u00ebm.<\/p>\n<p>&nbsp;<\/p>\n<p><em><strong>Sh\u00ebrimi emocional:<\/strong><\/em><br \/>\nAmetisti \u00ebsht\u00eb i njohur p\u00ebr sjelljen e qet\u00ebsis\u00eb dhe qart\u00ebsis\u00eb n\u00eb k\u00ebt\u00eb bot\u00eb kaotike, n\u00ebse e keni k\u00ebt\u00eb kristal pran\u00eb jush, do t\u00eb ndiheni t\u00eb relaksuar n\u00eb nj\u00eb m\u00ebnyr\u00eb v\u00ebrtet frym\u00ebzuese.<br \/>\nAmetisti p\u00ebrqendron emocionet tuaja dhe p\u00ebr shkak t\u00eb k\u00ebsaj mund t&#8217;ju sh\u00ebroj\u00eb nga vuajtja me emocione d\u00ebrrmuese q\u00eb vijn\u00eb me t\u00eb gjitha llojet e trishtimit.<br \/>\nGjer\u00ebsa ky kristal funksionon p\u00ebr t\u00eb eliminuar negativitetin nga ju, ai gjithashtu duket se shkakton nj\u00eb shk\u00ebndij\u00eb q\u00eb zbulon idet\u00eb tuaja t\u00eb frym\u00ebzimit, kur t\u00eb jeni t\u00eb qet\u00eb dhe t\u00eb stabilizuar, do t\u00eb jeni n\u00eb gjendje t\u00eb p\u00ebrdorni mendjen tuaj krijuese dhe t\u00eb zbuloni t\u00eb gjith\u00eb aft\u00ebsit\u00eb q\u00eb ishin fshehur n\u00eb mes t\u00eb kaosit.<br \/>\nAmetisti na rikujton se jo \u00e7do gj\u00eb q\u00eb humbet \u00ebsht\u00eb humbje. Ky kristal do t&#8217;ju ndihmoj\u00eb t\u00eb lini dik\u00eb q\u00eb doni t\u00eb shkoj\u00eb dhe do t&#8217;ju m\u00ebsoj\u00eb se ka ende jet\u00eb p\u00ebr t\u00eb festuar.<\/p>\n<p>&nbsp;<\/p>\n<p><em><strong>Pastrimi dhe rimbushja:<\/strong><\/em><br \/>\nAmetisti mund t\u00eb pastrohet n\u00eb m\u00ebnyr\u00eb t\u00eb sigurt me uj\u00eb t\u00eb ngroht\u00eb me sapun. Pastrimi me avull nuk rekomandohet dhe ky kristal nuk duhet t&#8217;i n\u00ebnshtrohet nxeht\u00ebsis\u00eb.<br \/>\nRimbushja e kristalit t\u00eb Ametistit \u00ebsht\u00eb nj\u00eb m\u00ebnyr\u00eb e thjesht\u00eb! Thjesht, mund ta vendosni kristalin n\u00eb nj\u00eb tas me krip\u00eb t\u00eb that\u00eb pa uj\u00eb. L\u00ebreni p\u00ebr 30 minuta deri n\u00eb 4 or\u00eb n\u00eb rrezet e diellit dhe kjo do ta ndihmoj\u00eb kristalin tuaj t\u00eb rimbushet.<\/p>\n<p>&nbsp;<\/p>\n","protected":false},"excerpt":{"rendered":"<p>HOROSKOPI: T\u00eb gjitha. CHAKRA: Syri I tret\u00eb, Kurora &nbsp; Ametisti \u00ebsht\u00eb gur i fuqish\u00ebm, krijon nj\u00eb flusk\u00eb mbrojtjeje shpirt\u00ebrore kund\u00ebr energjis\u00eb negative, do t&#8217;ju ndihmoj\u00eb gjat\u00eb<span class=\"excerpt-hellip\"> [\u2026]<\/span><\/p>\n","protected":false},"featured_media":4718,"comment_status":"open","ping_status":"closed","template":"","meta":[],"product_brand":[],"product_cat":[2369,2311,2405,2372,2362,2303,2310,2294,2353,2357,2366,2359,2352,2308,2360,2371,2383,2404],"product_tag":[],"class_list":{"0":"post-4717","1":"product","2":"type-product","3":"status-publish","4":"has-post-thumbnail","6":"product_cat-akrepi-sq","7":"product_cat-ametist","8":"product_cat-blej-sipas","9":"product_cat-blej-sipas-ngjyres","10":"product_cat-gaforrja","11":"product_cat-kurora","12":"product_cat-llojet-e-gurve-te-cmuar","13":"product_cat-llulla-kristalesh","14":"product_cat-lumturi-vetebesim","15":"product_cat-mbrotje-paqe","16":"product_cat-peshorja","17":"product_cat-shenjat-e-horoskopit","18":"product_cat-qellim","19":"product_cat-syri-i-trete","20":"product_cat-ujori","21":"product_cat-virgjersha","22":"product_cat-vjollce","23":"product_cat-zona-e-cakres","25":"first","26":"instock","27":"shipping-taxable","28":"purchasable","29":"product-type-simple"},"_links":{"self":[{"href":"https:\/\/tinacrystals.com\/sq\/wp-json\/wp\/v2\/product\/4717","targetHints":{"allow":["GET"]}}],"collection":[{"href":"https:\/\/tinacrystals.com\/sq\/wp-json\/wp\/v2\/product"}],"about":[{"href":"https:\/\/tinacrystals.com\/sq\/wp-json\/wp\/v2\/types\/product"}],"replies":[{"embeddable":true,"href":"https:\/\/tinacrystals.com\/sq\/wp-json\/wp\/v2\/comments?post=4717"}],"wp:featuredmedia":[{"embeddable":true,"href":"https:\/\/tinacrystals.com\/sq\/wp-json\/wp\/v2\/media\/4718"}],"wp:attachment":[{"href":"https:\/\/tinacrystals.com\/sq\/wp-json\/wp\/v2\/media?parent=4717"}],"wp:term":[{"taxonomy":"product_brand","embeddable":true,"href":"https:\/\/tinacrystals.com\/sq\/wp-json\/wp\/v2\/product_brand?post=4717"},{"taxonomy":"product_cat","embeddable":true,"href":"https:\/\/tinacrystals.com\/sq\/wp-json\/wp\/v2\/product_cat?post=4717"},{"taxonomy":"product_tag","embeddable":true,"href":"https:\/\/tinacrystals.com\/sq\/wp-json\/wp\/v2\/product_tag?post=4717"}],"curies":[{"name":"wp","href":"https:\/\/api.w.org\/{rel}","templated":true}]}}