{"id":4772,"date":"2021-08-04T09:13:30","date_gmt":"2021-11-26T08:02:04","guid":{"rendered":"https:\/\/www.naturalgemstoneshop.com\/product\/syri-i-tigrit-pema-e-jetes-teardrop\/"},"modified":"2022-05-13T10:26:40","modified_gmt":"2022-05-13T08:26:40","slug":"tigers-eye-wire-tree-of-life-teardrop","status":"publish","type":"product","link":"https:\/\/tinacrystals.com\/sq\/product\/tigers-eye-wire-tree-of-life-teardrop\/","title":{"rendered":"Syri Tigrit Pema e Jet\u00ebs Qafore"},"content":{"rendered":"<p><strong>Syri I Tigrit &#8211; Pema e Jet\u00ebs &#8211; Varese<\/strong><\/p>\n<p>Syri i Tigrit ju tregon se si t&#8217;i lini fuqin\u00eb t\u00eb rrjedh\u00eb lirsh\u00ebm n\u00ebp\u00ebrmjet trupit tuaj dhe ju m\u00ebson t\u00eb k\u00ebni kontroll mbi energjin q\u00eb ju qarkullojn\u00eb. Do ju b\u00ebj m\u00eb optimist si person dhe do ju ndihmon t\u00eb mendoni gjithmon\u00eb n\u00eb m\u00ebnyr\u00eb racionale, ju jep prosperitet dhe m\u00eb e r\u00ebnd\u00ebsishmja frym\u00ebzim p\u00ebr gj\u00ebra t\u00eb reja q\u00eb do t\u00eb vijn\u00eb n\u00eb jet\u00ebn tuaj.<\/p>\n<p>Vibracionete e k\u00ebtij guri t\u00eb nxisin pasion, energji dhe do t\u00eb leht\u00ebsojn\u00eb \u00e7do stres emocional apo anksiozitet q\u00eb mund t\u00eb keni, duke e shoq\u00ebruar me nj\u00eb kristal tjet\u00ebr kuarci do ta dyfishoj fuqin\u00eb q\u00eb ka.<\/p>\n<p><strong>Guri i lindjes p\u00ebr:<\/strong> Gusht<\/p>\n<p><strong>Horoskopi: <\/strong>Bricjapi &amp; Luani<\/p>\n<p><strong>Zona \u00c7akra:<\/strong><\/p>\n<p>-Rr\u00ebnja<\/p>\n<p>-Sakral<\/p>\n<p>-Solar plexus<\/p>\n","protected":false},"excerpt":{"rendered":"<p>Kristale natyrore dhe gur\u00eb me nj\u00eb \u00e7mim nxit\u00ebs me zinxhir l\u00ebkure t\u00eb p\u00ebrfshir\u00eb<br \/>\nKristalet natyrore dhe gur\u00ebt jan\u00eb sh\u00ebrues p\u00ebr trupin, mendjen dhe shpirtin tuaj. Ata mund t\u00eb ken\u00eb shum\u00eb efekte pozitive n\u00eb mbajt\u00ebsit e tyre.<\/p>\n","protected":false},"featured_media":4773,"comment_status":"open","ping_status":"closed","template":"","meta":[],"product_brand":[],"product_cat":[2292,2437,2442,2395],"product_tag":[],"class_list":{"0":"post-4772","1":"product","2":"type-product","3":"status-publish","4":"has-post-thumbnail","6":"product_cat-crystal-jewelry-sq","7":"product_cat-pema-e-jetes-prej-teli","8":"product_cat-pike-loti-sq","9":"product_cat-pendant-sq","11":"first","12":"outofstock","13":"shipping-taxable","14":"purchasable","15":"product-type-simple"},"_links":{"self":[{"href":"https:\/\/tinacrystals.com\/sq\/wp-json\/wp\/v2\/product\/4772","targetHints":{"allow":["GET"]}}],"collection":[{"href":"https:\/\/tinacrystals.com\/sq\/wp-json\/wp\/v2\/product"}],"about":[{"href":"https:\/\/tinacrystals.com\/sq\/wp-json\/wp\/v2\/types\/product"}],"replies":[{"embeddable":true,"href":"https:\/\/tinacrystals.com\/sq\/wp-json\/wp\/v2\/comments?post=4772"}],"wp:featuredmedia":[{"embeddable":true,"href":"https:\/\/tinacrystals.com\/sq\/wp-json\/wp\/v2\/media\/4773"}],"wp:attachment":[{"href":"https:\/\/tinacrystals.com\/sq\/wp-json\/wp\/v2\/media?parent=4772"}],"wp:term":[{"taxonomy":"product_brand","embeddable":true,"href":"https:\/\/tinacrystals.com\/sq\/wp-json\/wp\/v2\/product_brand?post=4772"},{"taxonomy":"product_cat","embeddable":true,"href":"https:\/\/tinacrystals.com\/sq\/wp-json\/wp\/v2\/product_cat?post=4772"},{"taxonomy":"product_tag","embeddable":true,"href":"https:\/\/tinacrystals.com\/sq\/wp-json\/wp\/v2\/product_tag?post=4772"}],"curies":[{"name":"wp","href":"https:\/\/api.w.org\/{rel}","templated":true}]}}