{"id":4784,"date":"2021-08-04T09:10:20","date_gmt":"2021-11-26T08:07:39","guid":{"rendered":"https:\/\/www.naturalgemstoneshop.com\/product\/moss-agati-pema-e-jetes-teardrop\/"},"modified":"2022-05-13T10:26:57","modified_gmt":"2022-05-13T08:26:57","slug":"moss-agate-wire-tree-of-life-teardrop","status":"publish","type":"product","link":"https:\/\/tinacrystals.com\/sq\/product\/moss-agate-wire-tree-of-life-teardrop\/","title":{"rendered":"Agati Myshkurr Pema e Jet\u00ebs Qafore"},"content":{"rendered":"<p><strong>Moss Agati &#8211; Pema E Jet\u00ebs <\/strong><\/p>\n<p>Moss Agate njihet se t\u00ebrheq pasuri dhe sukses. \u00cbsht\u00eb nj\u00eb gur i rrinisjeve t\u00eb reja, sjell paqe t\u00eb brendshme dhe qet\u00ebson emocionet tuaja. Energjia e but\u00eb dhe ushqyese e k\u00ebtij guri e kthen trupin, mendjen dhe shpirtin tuaj n\u00eb gjendjen e tyre natyrore dhe sjell paqe n\u00eb t\u00eb gjitha k\u00ebto nivele, duke ju sjell\u00eb m\u00eb shum\u00eb n\u00eb kontakt me natyr\u00ebn.<\/p>\n<p>Si gur i rrinisjeve t\u00eb reja, ky kristal t\u00ebrheq biznese t\u00eb reja, sukses dhe zgjerim m\u00eb t\u00eb madh t\u00eb bizneseve ekzistuese.<\/p>\n<p>Duke pasur k\u00ebt\u00eb koleksion kristalesh rreth qaf\u00ebs tuaj do shtoj nj\u00eb detaj t\u00eb mrekulluesh\u00ebm veshjeve tuaja t\u00eb p\u00ebrditshme. Ajo do t&#8217;ju ekuilibroj\u00eb emocionalisht dhe shpirt\u00ebrisht.<\/p>\n<p><strong>Si e karikoni k\u00ebt\u00eb kristal?<\/strong><\/p>\n<p>Si t\u00eb gjith\u00eb kristalet, edhe ky duhet mir\u00ebmbajtur. Moss Agate duhet t\u00eb lihet n\u00eb prani t\u00eb gjelb\u00ebrimit gjat\u00eb nat\u00ebs nj\u00eb her\u00eb n\u00eb muaj.<\/p>\n<p><strong>\u00c7akra:<\/strong><\/p>\n<p>Baz\u00eb, Zem\u00ebr<\/p>\n<p><strong>Horoskopi<\/strong>:<\/p>\n<p>-Virgj\u00ebresha<\/p>\n","protected":false},"excerpt":{"rendered":"<p>Kristale natyrore dhe gur\u00eb me nj\u00eb \u00e7mim nxit\u00ebs me zinxhir l\u00ebkure t\u00eb p\u00ebrfshir\u00eb<br \/>\nKristalet natyrore dhe gur\u00ebt jan\u00eb sh\u00ebrues p\u00ebr trupin, mendjen dhe shpirtin tuaj. Ata mund t\u00eb ken\u00eb shum\u00eb efekte pozitive n\u00eb mbajt\u00ebsit e tyre.<\/p>\n","protected":false},"featured_media":4785,"comment_status":"open","ping_status":"closed","template":"","meta":[],"product_brand":[],"product_cat":[2292,2437,2442,2395],"product_tag":[],"class_list":{"0":"post-4784","1":"product","2":"type-product","3":"status-publish","4":"has-post-thumbnail","6":"product_cat-crystal-jewelry-sq","7":"product_cat-pema-e-jetes-prej-teli","8":"product_cat-pike-loti-sq","9":"product_cat-pendant-sq","11":"first","12":"instock","13":"shipping-taxable","14":"purchasable","15":"product-type-simple"},"_links":{"self":[{"href":"https:\/\/tinacrystals.com\/sq\/wp-json\/wp\/v2\/product\/4784","targetHints":{"allow":["GET"]}}],"collection":[{"href":"https:\/\/tinacrystals.com\/sq\/wp-json\/wp\/v2\/product"}],"about":[{"href":"https:\/\/tinacrystals.com\/sq\/wp-json\/wp\/v2\/types\/product"}],"replies":[{"embeddable":true,"href":"https:\/\/tinacrystals.com\/sq\/wp-json\/wp\/v2\/comments?post=4784"}],"wp:featuredmedia":[{"embeddable":true,"href":"https:\/\/tinacrystals.com\/sq\/wp-json\/wp\/v2\/media\/4785"}],"wp:attachment":[{"href":"https:\/\/tinacrystals.com\/sq\/wp-json\/wp\/v2\/media?parent=4784"}],"wp:term":[{"taxonomy":"product_brand","embeddable":true,"href":"https:\/\/tinacrystals.com\/sq\/wp-json\/wp\/v2\/product_brand?post=4784"},{"taxonomy":"product_cat","embeddable":true,"href":"https:\/\/tinacrystals.com\/sq\/wp-json\/wp\/v2\/product_cat?post=4784"},{"taxonomy":"product_tag","embeddable":true,"href":"https:\/\/tinacrystals.com\/sq\/wp-json\/wp\/v2\/product_tag?post=4784"}],"curies":[{"name":"wp","href":"https:\/\/api.w.org\/{rel}","templated":true}]}}