{"id":5798,"date":"2022-01-12T08:30:36","date_gmt":"2022-01-12T08:30:36","guid":{"rendered":"https:\/\/tinacrystals.naturalgemstoneshop.com\/product\/terahertz-gua-sha\/"},"modified":"2022-06-10T08:25:03","modified_gmt":"2022-06-10T06:25:03","slug":"terahertz-gua-sha","status":"publish","type":"product","link":"https:\/\/tinacrystals.com\/sq\/product\/terahertz-gua-sha\/","title":{"rendered":"Terahertz Gua Sha"},"content":{"rendered":"<p><strong>Terahertz Gua Sha<\/strong><\/p>\n<p><span style=\"font-weight: 400;\">P\u00ebrmir\u00ebsoni rutin\u00ebn tuaj t\u00eb kujdesit p\u00ebr l\u00ebkur\u00ebn me k\u00ebt\u00eb mjet bukurie cil\u00ebsore. <strong>Gua-sha<\/strong> jan\u00eb t\u00eb p\u00ebrshtatshme p\u00ebr t\u00eb gjitha llojet e l\u00ebkur\u00ebs, k\u00ebshtu q\u00eb mos e humbisni mund\u00ebsin\u00eb p\u00ebr t\u00eb marr\u00eb nj\u00eb t\u00eb till\u00eb p\u00ebr nj\u00eb \u00e7mim fantastik prej vet\u00ebm 10 \u20ac \/ 600 den derisa ne i kemi ende n\u00eb stok.<\/span><\/p>\n<p><span style=\"font-weight: 400;\">Ju lejon t\u00eb arrini nj\u00eb l\u00ebkur\u00eb m\u00eb t\u00eb mir\u00eb dhe m\u00eb t\u00eb sh\u00ebndetshme, detoksifikon l\u00ebkur\u00ebn tuaj, l\u00ebkura \u00ebsht\u00eb m\u00eb e fort\u00eb, qelizat aktivizohen dhe elasticiteti i fytyr\u00ebs kthehet, rrudhat dhe linjat e \u00e7rregullta t\u00eb l\u00ebkur\u00ebs ju humben, gj\u00eb q\u00eb i jep lekures nj\u00eb pamje m\u00eb t\u00eb re dhe m\u00eb t\u00eb sh\u00ebndetshme. Gua Sha gjithashtu ka nj\u00eb efekt t\u00eb madh n\u00eb leht\u00ebsimin e stresit, reduktimin e pagjum\u00ebsis\u00eb, rritjen e energjis\u00eb s\u00eb trupit dhe p\u00ebrmir\u00ebsimin e imunitetit tuaj.<\/span><\/p>\n<p><strong>Gua Sha ndihmon me :<\/strong><\/p>\n<p>-Qarkullim te gjakut<\/p>\n<p>-Rregulllon dhe qetson tiparet e fytyres tuaj<\/p>\n<p>\u2013 Leht\u00ebson tensionin e muskujve<\/p>\n<p>-Zvog\u00eblon rrath\u00ebt e err\u00ebt t\u00eb syve etj.<\/p>\n<p><span style=\"font-weight: 400;\">Terahertz njihet si guri i energjis\u00eb pozitive dhe sh\u00ebrimit t\u00eb fort\u00eb. Ju mund ta p\u00ebrdorni gurin n\u00eb meditim dhe do t&#8217;ju ndihmoj\u00eb t\u00eb p\u00ebrqendroheni m\u00eb shum\u00eb dhe t\u00eb mbani nj\u00eb mendje t\u00eb past\u00ebr, nuk do t\u00eb keni m\u00eb mendime t\u00eb par\u00ebnd\u00ebsishme. Kjo \u00ebsht\u00eb arsyeja pse n\u00ebse jeni duke luftuar me dhimbje koke, mbajtja e k\u00ebtij guri t\u00eb \u00e7muar n\u00eb jet\u00ebn tuaj do t&#8217;i largoj\u00eb ato.<\/span><\/p>\n<p><span style=\"font-weight: 400;\">Guri mund t\u00eb stimuloj\u00eb ngarkesat elektrike t\u00eb neuroneve tuaja, duke t\u00ebrhequr m\u00eb shum\u00eb energji t\u00eb forc\u00ebs s\u00eb jet\u00ebs pasi inkurajon trurin tuaj t\u00eb punoj\u00eb n\u00eb m\u00ebnyr\u00eb harmonike.<\/span><\/p>\n<p><b>\u00c7akra:<\/b><\/p>\n<p><span style=\"font-weight: 400;\">Rr\u00ebnja<\/span><\/p>\n<p><span style=\"font-weight: 400;\">Kurora<\/span><\/p>\n<p><b>Horoskopi:<\/b><\/p>\n<p><span style=\"font-weight: 400;\">Sh\u00ebnim: Kristali funksionon me t\u00eb gjith\u00eb zodiak\u00ebt, por \u00ebsht\u00eb m\u00eb efektiv me:<\/span><\/p>\n<p><span style=\"font-weight: 400;\">Ujori<\/span><\/p>\n<p><span style=\"font-weight: 400;\">Bricjapi<\/span><\/p>\n","protected":false},"excerpt":{"rendered":"<p>Dimenzioni 80x51mm<\/p>\n","protected":false},"featured_media":5699,"comment_status":"open","ping_status":"closed","template":"","meta":[],"product_brand":[],"product_cat":[2290,2288],"product_tag":[],"class_list":{"0":"post-5798","1":"product","2":"type-product","3":"status-publish","4":"has-post-thumbnail","6":"product_cat-gua-sha-sq-2","7":"product_cat-crystal-beauty-sq-2","9":"first","10":"outofstock","11":"shipping-taxable","12":"purchasable","13":"product-type-simple"},"_links":{"self":[{"href":"https:\/\/tinacrystals.com\/sq\/wp-json\/wp\/v2\/product\/5798","targetHints":{"allow":["GET"]}}],"collection":[{"href":"https:\/\/tinacrystals.com\/sq\/wp-json\/wp\/v2\/product"}],"about":[{"href":"https:\/\/tinacrystals.com\/sq\/wp-json\/wp\/v2\/types\/product"}],"replies":[{"embeddable":true,"href":"https:\/\/tinacrystals.com\/sq\/wp-json\/wp\/v2\/comments?post=5798"}],"wp:featuredmedia":[{"embeddable":true,"href":"https:\/\/tinacrystals.com\/sq\/wp-json\/wp\/v2\/media\/5699"}],"wp:attachment":[{"href":"https:\/\/tinacrystals.com\/sq\/wp-json\/wp\/v2\/media?parent=5798"}],"wp:term":[{"taxonomy":"product_brand","embeddable":true,"href":"https:\/\/tinacrystals.com\/sq\/wp-json\/wp\/v2\/product_brand?post=5798"},{"taxonomy":"product_cat","embeddable":true,"href":"https:\/\/tinacrystals.com\/sq\/wp-json\/wp\/v2\/product_cat?post=5798"},{"taxonomy":"product_tag","embeddable":true,"href":"https:\/\/tinacrystals.com\/sq\/wp-json\/wp\/v2\/product_tag?post=5798"}],"curies":[{"name":"wp","href":"https:\/\/api.w.org\/{rel}","templated":true}]}}