{"id":5804,"date":"2022-01-12T08:52:03","date_gmt":"2022-01-12T08:52:03","guid":{"rendered":"https:\/\/tinacrystals.naturalgemstoneshop.com\/product\/peme-kristalesh-nga-peridoti\/"},"modified":"2022-06-11T12:49:24","modified_gmt":"2022-06-11T10:49:24","slug":"peme-kristalesh-nga-peridoti","status":"publish","type":"product","link":"https:\/\/tinacrystals.com\/sq\/product\/peme-kristalesh-nga-peridoti\/","title":{"rendered":"Pem\u00eb kristalesh nga Peridoti"},"content":{"rendered":"<p><strong>Pem\u00eb kristalesh nga Peridoti<\/strong><\/p>\n<p>Peridot \u00ebsht\u00eb nj\u00eb gur i energjis\u00eb pozitive q\u00eb ju ndihmon t\u00eb t\u00ebrheqni boll\u00ebkshmeri. Ai vibron me frekuenc\u00ebn e rritjes, k\u00ebshtu q\u00eb \u00ebsht\u00eb nj\u00eb gur i mahnitsh\u00ebm p\u00ebr manifestim. \u00cbsht\u00eb i njohur p\u00ebr zbutjen e xhelozis\u00eb, pak\u00ebnaq\u00ebsis\u00eb, acarimit dhe urrejtjes.<\/p>\n<p>Kristali redukton stresin, zem\u00ebrimin dhe ndjenj\u00ebn e fajit. Ai do t&#8217;ju m\u00ebsoj\u00eb faljen dhe do t&#8217;ju inkurajoj\u00eb t\u00eb lini barrat q\u00eb pengojn\u00eb rritjen tuaj. Ai gjithashtu do t\u00eb hap\u00eb zemr\u00ebn tuaj dhe \u00e7akr\u00ebn e plexusit diellor, duke ju fuqizuar t\u00eb merrni kontrollin e fatit tuaj.<\/p>\n<p><strong>Si t\u00eb p\u00ebrdorni pem\u00ebn tuaj t\u00eb kristaleve?<\/strong><\/p>\n<p>Pem\u00ebt tona t\u00eb kristalta jan\u00eb nj\u00eb pjes\u00eb e p\u00ebrjetshme, q\u00eb do t\u00eb thot\u00eb se nuk duhet t\u00eb shqet\u00ebsoheni n\u00ebse ato do t\u00eb dalin nga moda. Ana pozitive e pem\u00ebve tona t\u00eb kristalta \u00ebsht\u00eb se kudo q\u00eb i keni, ato duken t\u00eb mahnitshme dhe secila prej tyre ka nj\u00eb bukuri unike q\u00eb kur syt\u00eb tuaj e kapin at\u00eb, ju l\u00eb t\u00eb d\u00ebshironi gjithmon\u00eb p\u00ebr m\u00eb shum\u00eb.<\/p>\n<p>P\u00ebr shkak se \u00e7do pem\u00eb ka fuqit\u00eb dhe aft\u00ebsit\u00eb e veta, ju rekomandojm\u00eb t&#8217;i mbani ato n\u00eb nj\u00eb vend t\u00eb hapur ku kaloni shum\u00eb koh\u00eb. Mund t\u00eb jet\u00eb nj\u00eb raft, tavolin\u00eb, komodin\u00eb\u2026 Gjith\u00e7ka varet nga ju, vet\u00ebm sigurohuni q\u00eb t\u00eb mos e keni diku ku mund t\u00eb lini pas dore kristalin.<\/p>\n<p>Ne u themi gjithmon\u00eb klient\u00ebve tan\u00eb se mbajtja e kristaleve tuaja pran\u00eb nj\u00eb dritareje \u00ebsht\u00eb me t\u00eb v\u00ebrtet\u00eb efektive p\u00ebr ju dhe vet\u00eb kristalin, ju mund t\u00eb b\u00ebni t\u00eb nj\u00ebjt\u00ebn gj\u00eb me pem\u00ebn tuaj t\u00eb kristalit. Kjo do t\u00eb lejoj\u00eb q\u00eb kristalet t\u00eb rimbushen vazhdimisht nga h\u00ebna ose rrezet e diellit, n\u00eb var\u00ebsi t\u00eb llojit q\u00eb merrni.<\/p>\n<p><strong>\u00c7akra:<\/strong><\/p>\n<p>-Zem\u00ebr<\/p>\n<p>-Pleksus diellor<\/p>\n<p>&nbsp;<\/p>\n<p><strong>Horoskopi:<\/strong><\/p>\n<p>Sh\u00ebnim: Kristali lidhet me t\u00eb gjith\u00eb zodiak\u00ebt, por \u00ebsht\u00eb m\u00eb efektiv me<\/p>\n<p>-Demi<\/p>\n<p>-Luani<\/p>\n<p>&#8211; Virgj\u00ebresha<\/p>\n<p>-Shigjetari<\/p>\n<p>&nbsp;<\/p>\n","protected":false},"excerpt":{"rendered":"<p>Gjat\u00ebsia: 13-15cm<br \/>\nM\u00eb i lart druri &#8211; M\u00eb e madhe baza e Agatit natyral.<\/p>\n","protected":false},"featured_media":5663,"comment_status":"open","ping_status":"closed","template":"","meta":[],"product_brand":[],"product_cat":[2293,2300],"product_tag":[],"class_list":{"0":"post-5804","1":"product","2":"type-product","3":"status-publish","4":"has-post-thumbnail","6":"product_cat-decorations-sq","7":"product_cat-drunje-kristalesh","9":"first","10":"instock","11":"shipping-taxable","12":"purchasable","13":"product-type-simple"},"_links":{"self":[{"href":"https:\/\/tinacrystals.com\/sq\/wp-json\/wp\/v2\/product\/5804","targetHints":{"allow":["GET"]}}],"collection":[{"href":"https:\/\/tinacrystals.com\/sq\/wp-json\/wp\/v2\/product"}],"about":[{"href":"https:\/\/tinacrystals.com\/sq\/wp-json\/wp\/v2\/types\/product"}],"replies":[{"embeddable":true,"href":"https:\/\/tinacrystals.com\/sq\/wp-json\/wp\/v2\/comments?post=5804"}],"wp:featuredmedia":[{"embeddable":true,"href":"https:\/\/tinacrystals.com\/sq\/wp-json\/wp\/v2\/media\/5663"}],"wp:attachment":[{"href":"https:\/\/tinacrystals.com\/sq\/wp-json\/wp\/v2\/media?parent=5804"}],"wp:term":[{"taxonomy":"product_brand","embeddable":true,"href":"https:\/\/tinacrystals.com\/sq\/wp-json\/wp\/v2\/product_brand?post=5804"},{"taxonomy":"product_cat","embeddable":true,"href":"https:\/\/tinacrystals.com\/sq\/wp-json\/wp\/v2\/product_cat?post=5804"},{"taxonomy":"product_tag","embeddable":true,"href":"https:\/\/tinacrystals.com\/sq\/wp-json\/wp\/v2\/product_tag?post=5804"}],"curies":[{"name":"wp","href":"https:\/\/api.w.org\/{rel}","templated":true}]}}