{"id":5813,"date":"2022-01-12T08:58:18","date_gmt":"2022-01-12T08:58:19","guid":{"rendered":"https:\/\/tinacrystals.naturalgemstoneshop.com\/?post_type=product&#038;p=5813"},"modified":"2022-06-10T08:25:02","modified_gmt":"2022-06-10T06:25:02","slug":"obsidian-i-zi-gua-sha","status":"publish","type":"product","link":"https:\/\/tinacrystals.com\/sq\/product\/obsidian-i-zi-gua-sha\/","title":{"rendered":"Obsidian i Zi Gua Sha"},"content":{"rendered":"<p><strong>HOROSKOPI<\/strong>: Akrepi, Shigjetari<br \/>\n<strong>CHAKRA<\/strong>: Baza<\/p>\n<p><strong><em>Obsidiani<\/em><\/strong>\u00a0\u00ebsht\u00eb duhur p\u00ebr t\u2019ju ndihmuar t\u00eb zgjidhni problemet e t\u00eb kaluar\u00ebs.<\/p>\n<p><strong><em><br \/>\nSh\u00ebrimi shpirt\u00ebror:<\/em><\/strong><\/p>\n<p>Obsidiani \u00ebsht\u00eb nj\u00eb kristal q\u00eb mban zemr\u00ebn tuaj t\u00eb plot\u00eb, dhe t\u00eb sh\u00ebndetshme dhe nj\u00eb kristal q\u00eb k\u00ebrkon sh\u00ebrimin e thell\u00eb t\u00eb indeve n\u00eb m\u00ebnyr\u00eb q\u00eb shpirti juaj t\u00eb jet\u00eb i fresk\u00ebt dhe plot zjarr.<\/p>\n<p><strong><em><br \/>\nSh\u00ebrimi fizik:<\/em><\/strong><\/p>\n<p>Ky kristal gjithashtu mund t\u00eb jet\u00eb jasht\u00ebzakonisht i dobish\u00ebm p\u00ebr ata q\u00eb vuajn\u00eb nga problemet e tretjes dhe \u00ebsht\u00eb i mahnitsh\u00ebm p\u00ebr ata q\u00eb kan\u00eb probleme me fshik\u00ebz\u00ebn e t\u00ebmthit. Ky kristal \u00ebsht\u00eb i duhur p\u00ebr sh\u00ebndetin tuaj t\u00eb plot\u00eb.<\/p>\n<p>Obsidiani \u00ebsht\u00eb i shk\u00eblqyer kur b\u00ebhet fjal\u00eb p\u00ebr t\u00eb mbajtur qarkullimin tuaj t\u00eb plot\u00eb dhe t\u00eb sh\u00ebndetsh\u00ebm.<\/p>\n<p><strong><em><br \/>\nSh\u00ebrimi emocional:<\/em><\/strong><\/p>\n<p>Obsidiani njihet m\u00eb s\u00eb shumti p\u00ebr t\u00eb mbajtur t\u00eb qart\u00eb kur b\u00ebhet fjal\u00eb p\u00ebr emocionet negative dhe energjin\u00eb negative.<\/p>\n<p>\u00cbsht\u00eb nj\u00eb kristal shoq\u00ebrues q\u00eb ju ndihmon v\u00ebrtet t\u00eb ndiheni t\u00eb sigurt.<\/p>\n<p>Obsidiani ju jep t\u00eb gjith\u00eb kurajon q\u00eb ju nevojitet p\u00ebr t\u00eb eksploruar t\u00eb panjohur\u00ebn, p\u00ebr t\u00eb p\u00ebrqafuar at\u00eb q\u00eb jeni n\u00eb t\u00eb v\u00ebrtet\u00eb dhe p\u00ebr t\u00eb shp\u00ebrb\u00ebr\u00eb traumat e vjetra dhe p\u00ebr t\u00eb ndaluar mbajtjen pas gjith\u00e7kaje q\u00eb nuk ju sh\u00ebrben m\u00eb.<\/p>\n<p><strong><em><br \/>\nPastroni dhe rimbushni:<\/em><\/strong><\/p>\n<p>Nj\u00eb m\u00ebnyr\u00eb e thjesht\u00eb p\u00ebr t\u00eb pastruar gurin \u00ebsht\u00eb ta fshini me nj\u00eb leck\u00eb t\u00eb lagur ose ta lini t\u00eb rrjedh\u00eb n\u00ebn uj\u00eb t\u00eb ngroht\u00eb.<\/p>\n<p>P\u00ebr shkak se guri vjen nga nxeht\u00ebsia vullkanike, m\u00ebnyra m\u00eb e mir\u00eb p\u00ebr ta rimbushur at\u00eb \u00ebsht\u00eb me zjarr. Rrethojeni kristalin tuaj me disa qirinj dhe l\u00ebrini t\u00eb digjen p\u00ebr t\u00eb pakt\u00ebn nj\u00eb or\u00eb.<\/p>\n","protected":false},"excerpt":{"rendered":"<p>Dimenzioni 80x51mm<\/p>\n","protected":false},"featured_media":5786,"comment_status":"open","ping_status":"closed","template":"","meta":[],"product_brand":[],"product_cat":[2369,2405,2372,2373,2290,2288,2310,2357,2314,2305,2359,2368,2352,2404],"product_tag":[],"class_list":{"0":"post-5813","1":"product","2":"type-product","3":"status-publish","4":"has-post-thumbnail","6":"product_cat-akrepi-sq","7":"product_cat-blej-sipas","8":"product_cat-blej-sipas-ngjyres","9":"product_cat-e-zeze","10":"product_cat-gua-sha-sq-2","11":"product_cat-crystal-beauty-sq-2","12":"product_cat-llojet-e-gurve-te-cmuar","13":"product_cat-mbrotje-paqe","14":"product_cat-obsidiani-zi","15":"product_cat-rrenja","16":"product_cat-shenjat-e-horoskopit","17":"product_cat-shigjetari","18":"product_cat-qellim","19":"product_cat-zona-e-cakres","21":"first","22":"outofstock","23":"shipping-taxable","24":"purchasable","25":"product-type-simple"},"_links":{"self":[{"href":"https:\/\/tinacrystals.com\/sq\/wp-json\/wp\/v2\/product\/5813","targetHints":{"allow":["GET"]}}],"collection":[{"href":"https:\/\/tinacrystals.com\/sq\/wp-json\/wp\/v2\/product"}],"about":[{"href":"https:\/\/tinacrystals.com\/sq\/wp-json\/wp\/v2\/types\/product"}],"replies":[{"embeddable":true,"href":"https:\/\/tinacrystals.com\/sq\/wp-json\/wp\/v2\/comments?post=5813"}],"wp:featuredmedia":[{"embeddable":true,"href":"https:\/\/tinacrystals.com\/sq\/wp-json\/wp\/v2\/media\/5786"}],"wp:attachment":[{"href":"https:\/\/tinacrystals.com\/sq\/wp-json\/wp\/v2\/media?parent=5813"}],"wp:term":[{"taxonomy":"product_brand","embeddable":true,"href":"https:\/\/tinacrystals.com\/sq\/wp-json\/wp\/v2\/product_brand?post=5813"},{"taxonomy":"product_cat","embeddable":true,"href":"https:\/\/tinacrystals.com\/sq\/wp-json\/wp\/v2\/product_cat?post=5813"},{"taxonomy":"product_tag","embeddable":true,"href":"https:\/\/tinacrystals.com\/sq\/wp-json\/wp\/v2\/product_tag?post=5813"}],"curies":[{"name":"wp","href":"https:\/\/api.w.org\/{rel}","templated":true}]}}