{"id":5819,"date":"2022-01-12T08:58:26","date_gmt":"2022-01-12T08:58:26","guid":{"rendered":"https:\/\/tinacrystals.naturalgemstoneshop.com\/?post_type=product&#038;p=5819"},"modified":"2022-06-20T11:19:27","modified_gmt":"2022-06-20T09:19:27","slug":"lapis-lazuli-gua-sha","status":"publish","type":"product","link":"https:\/\/tinacrystals.com\/sq\/product\/lapis-lazuli-gua-sha\/","title":{"rendered":"Lapis Lazuli Gua Sha"},"content":{"rendered":"<p><strong>HOROSKOPI<\/strong>: Shigjetari<br \/>\n<strong>CHAKRA<\/strong>: Syri i tret\u00eb, kurora, fyt<\/p>\n<p>Lapis Lazuli i njohur si guri i men\u00e7uris\u00eb, ky gur i \u00e7muar \u00ebsht\u00eb nj\u00eb aktivizues i fuqish\u00ebm i syrit t\u00eb tret\u00eb.<\/p>\n<p><strong><em>Sh\u00ebrimi shpirt\u00ebror:<\/em><\/strong><\/p>\n<p>Ashtu si t\u00eb gjith\u00eb kristalet e tjera, vetit\u00eb shpirt\u00ebrore t\u00eb Lapis Lazuli mund t\u00eb hapin aft\u00ebsit\u00eb tuaja psikike dhe t\u00eb fuqizojn\u00eb ndjenj\u00ebn tuaj.<\/p>\n<p>\u00cbsht\u00eb nj\u00eb kristal shum\u00eb i fuqish\u00ebm q\u00eb ju ndihmon t\u00eb gjeni paqen, intuit\u00ebn dhe men\u00e7urin\u00eb tuaj t\u00eb brendshme.<\/p>\n<p>Do t&#8217;ju flas\u00eb hapur dhe mund t\u00eb ndryshoj\u00eb l\u00ebvizjen tuaj me pun\u00ebn, karrier\u00ebn dhe q\u00ebllimet tuaja, t\u00eb cilat ju b\u00ebn\u00eb t\u00eb pasigurt p\u00ebr vendimet tuaja t\u00eb s\u00eb kaluar\u00ebs.<\/p>\n<p><strong><br \/>\n<em>Sh\u00ebrimi fizik:<\/em><\/strong><\/p>\n<p>Lapis Lazuli mund t\u00eb lidh\u00eb zemr\u00ebn dhe mendjen tuaj p\u00ebr t\u00eb krijuar nj\u00eb rrjedh\u00eb t\u00eb mir\u00eb gjaku dhe qet\u00ebson emocionet tuaja.<\/p>\n<p>\u00cbsht\u00eb i mir\u00eb edhe p\u00ebr femrat q\u00eb vuajn\u00eb nga v\u00ebshtir\u00ebsit\u00eb menstruale, ng\u00ebr\u00e7et, dismenorrea etj.<\/p>\n<p><strong><br \/>\n<em>Sh\u00ebrimi emocional:<\/em><\/strong><\/p>\n<p>Fuqia e kristalit mund t\u00eb zbuloj\u00eb men\u00e7urin\u00eb tuaj t\u00eb brendshme dhe t\u00eb p\u00ebrmir\u00ebsoj\u00eb lidhjen tuaj me forc\u00ebn brendshme.<\/p>\n<p>Qet\u00ebsia,\u00e7ilt\u00ebrsisa dhe vet\u00ebbesimi jan\u00eb zavend\u00ebsues i ankthit, depresionit dhe mendimeve negative.<\/p>\n<p><strong>\u00a0<\/strong><\/p>\n<p><strong><em>Pastroni dhe rimbushni:<\/em><\/strong><\/p>\n<p>Pastrimi i lapis lazulit n\u00eb uj\u00eb duhet t\u00eb b\u00ebhet shpejt sepse guri sduhet t\u00eb q\u00ebndroj i lagur p\u00ebr nj\u00eb koh\u00eb t\u00eb gjat\u00eb. K\u00ebshtu q\u00eb pas pastrimit sigurohuni q\u00eb ta thani but\u00ebsisht me nj\u00eb leck\u00eb t\u00eb but\u00eb. Vendosja e gurit varet nga ju, por sigurohuni q\u00eb ta keni diku ku kaloni shum\u00eb koh\u00eb atje dhe nuk e lini pas dore.<\/p>\n","protected":false},"excerpt":{"rendered":"<p>Dimenzioni 80x51mm<\/p>\n","protected":false},"featured_media":5771,"comment_status":"open","ping_status":"closed","template":"","meta":[],"product_brand":[],"product_cat":[2405,2372,2374,2356,2309,2290,2288,2303,2328,2310,2353,2359,2368,2352,2308,2404],"product_tag":[],"class_list":{"0":"post-5819","1":"product","2":"type-product","3":"status-publish","4":"has-post-thumbnail","6":"product_cat-blej-sipas","7":"product_cat-blej-sipas-ngjyres","8":"product_cat-blu","9":"product_cat-fat-sukses","10":"product_cat-fyti","11":"product_cat-gua-sha-sq-2","12":"product_cat-crystal-beauty-sq-2","13":"product_cat-kurora","14":"product_cat-lapis-lazuli-sq","15":"product_cat-llojet-e-gurve-te-cmuar","16":"product_cat-lumturi-vetebesim","17":"product_cat-shenjat-e-horoskopit","18":"product_cat-shigjetari","19":"product_cat-qellim","20":"product_cat-syri-i-trete","21":"product_cat-zona-e-cakres","23":"first","24":"instock","25":"shipping-taxable","26":"purchasable","27":"product-type-simple"},"_links":{"self":[{"href":"https:\/\/tinacrystals.com\/sq\/wp-json\/wp\/v2\/product\/5819","targetHints":{"allow":["GET"]}}],"collection":[{"href":"https:\/\/tinacrystals.com\/sq\/wp-json\/wp\/v2\/product"}],"about":[{"href":"https:\/\/tinacrystals.com\/sq\/wp-json\/wp\/v2\/types\/product"}],"replies":[{"embeddable":true,"href":"https:\/\/tinacrystals.com\/sq\/wp-json\/wp\/v2\/comments?post=5819"}],"wp:featuredmedia":[{"embeddable":true,"href":"https:\/\/tinacrystals.com\/sq\/wp-json\/wp\/v2\/media\/5771"}],"wp:attachment":[{"href":"https:\/\/tinacrystals.com\/sq\/wp-json\/wp\/v2\/media?parent=5819"}],"wp:term":[{"taxonomy":"product_brand","embeddable":true,"href":"https:\/\/tinacrystals.com\/sq\/wp-json\/wp\/v2\/product_brand?post=5819"},{"taxonomy":"product_cat","embeddable":true,"href":"https:\/\/tinacrystals.com\/sq\/wp-json\/wp\/v2\/product_cat?post=5819"},{"taxonomy":"product_tag","embeddable":true,"href":"https:\/\/tinacrystals.com\/sq\/wp-json\/wp\/v2\/product_tag?post=5819"}],"curies":[{"name":"wp","href":"https:\/\/api.w.org\/{rel}","templated":true}]}}